{"id":783687,"date":"2026-02-26T23:36:30","date_gmt":"2026-02-26T20:36:30","guid":{"rendered":"https:\/\/roveyayinevi.com.tr\/index.php\/urun\/din-budur\/"},"modified":"2026-04-15T03:46:40","modified_gmt":"2026-04-15T00:46:40","slug":"din-budur","status":"publish","type":"product","link":"https:\/\/roveyayinevi.com.tr\/index.php\/urun\/din-budur\/","title":{"rendered":"Din Budur"},"content":{"rendered":"<p>Bug\u00fcn insanl\u0131k genel olarak her d\u00f6neminden \u00e7ok daha uzakt\u0131r Allah&#8217;tan&#8230;F\u0131trat\u0131n \u00fczerine \u00e7\u00f6ken enkaz daha a\u011f\u0131r ve korkun\u00e7tur.Eski cahiliyeler cehalet, safl\u0131k ve mertlik cahiliyeleriydi.\u00c7a\u011fda\u015f cahiliyelerse ilim, karma\u015fa ve vurdumduymazl\u0131k cahiliyeleridir.D\u00fcnya hayat\u0131, insanlar\u0131n his ve hareketlerini geni\u015f \u00f6l\u00e7\u00fcde sarm\u0131\u015ft\u0131r. Buna yol a\u00e7an etken de bug\u00fcnk\u00fc uygarl\u0131kt\u0131r, bu uygarl\u0131\u011f\u0131n sa\u011flad\u0131\u011f\u0131 \u00e7e\u015fitli ya\u015fama y\u00f6ntemleridir; refah ve kolayl\u0131klar, yery\u00fcz\u00fcnde elde edilen iktidard\u0131r. B\u00f6ylece g\u00fcn\u00fcm\u00fcz insanl\u0131\u011f\u0131 bu hayat\u0131, his ve hareketlerinde \u00e7ok a\u011f\u0131rl\u0131kl\u0131 bir bi\u00e7imde duyumsarolmu\u015ftur.Ah, b\u00fct\u00fcn bunlar Allah&#8217;\u0131 tan\u0131ma, ul\u00fbhiyet ve kulluk \u00f6zelliklerini kavrama esas\u0131na dayansayd\u0131! Ve en derin, en k\u00f6kl\u00fc hakikatin esas\u0131 \u00fczerine kurulmu\u015f olsayd\u0131!Nedir o hakikat? \u015eudur: Allah insan\u0131 yery\u00fcz\u00fcne kendi ad\u0131na g\u00f6ndermi\u015f ve yery\u00fcz\u00fcnde ne varsa hepsini emrine vermi\u015ftir. \u00dcstlendi\u011fi ulv\u00ee g\u00f6revi yerine getirmede kendisine yard\u0131mc\u0131 olacak il\u00e2h\u00ee ba\u011f\u0131\u015f ve kabiliyetlerle donatm\u0131\u015ft\u0131r. O, b\u00fct\u00fcn bunlar ile imtihan edilip ahirettehesaba \u00e7ekilecek ve d\u00fcnya hayat\u0131nda yapt\u0131klar\u0131n\u0131n hesab\u0131n\u0131 verecektir. \u0130\u015fte bu hakikat, her \u015fey bu hakikatte!Seyyid Kutub&#8217;un &#8220;Din Budur; ele ald\u0131\u011f\u0131 b\u00fcy\u00fck konunun temel noktalar\u0131na \u0131\u015f\u0131k tutacak baz\u0131 i\u015faretlerde bulunmay\u0131 hedef al\u0131yor.&#8221; dedi\u011fi bu eser, insanl\u0131\u011f\u0131n muhta\u00e7 oldu\u011fu bu dinin \u00f6zelliklerini, metodunu ve nas\u0131l tekrar h\u00e2kim k\u0131l\u0131nabilece\u011fini sade bir \u00fcslup ile a\u00e7\u0131klamaktad\u0131r.<\/p>\n","protected":false},"excerpt":{"rendered":"<p>Bug\u00fcn insanl\u0131k genel olarak her d\u00f6neminden \u00e7ok daha uzakt\u0131r Allah&#8217;tan&#8230;F\u0131trat\u0131n \u00fczerine \u00e7\u00f6ken enkaz daha a\u011f\u0131r ve korkun\u00e7tur.Eski cahiliyeler cehalet, safl\u0131k ve mertlik cahiliyeleriydi.\u00c7a\u011fda\u015f cahiliyelerse ilim, karma\u015fa<span class=\"excerpt-hellip\"> [\u2026]<\/span><\/p>\n","protected":false},"featured_media":0,"template":"","meta":{"_monsterinsights_skip_tracking":false,"_monsterinsights_sitenote_active":false,"_monsterinsights_sitenote_note":"","_monsterinsights_sitenote_category":0},"product_brand":[],"product_cat":[16789,12718,12719],"product_tag":[],"class_list":{"0":"post-783687","1":"product","2":"type-product","3":"status-publish","5":"product_cat-diger-islam","6":"product_cat-din","7":"product_cat-islam","8":"pa_cilt-ciltsiz","9":"pa_tur-kitap","10":"pa_yayinevi-risale","11":"pa_yazar-seyyid-kutub","13":"first","14":"instock","15":"sale","16":"shipping-taxable","17":"purchasable","18":"product-type-simple"},"_links":{"self":[{"href":"https:\/\/roveyayinevi.com.tr\/index.php\/wp-json\/wp\/v2\/product\/783687","targetHints":{"allow":["GET"]}}],"collection":[{"href":"https:\/\/roveyayinevi.com.tr\/index.php\/wp-json\/wp\/v2\/product"}],"about":[{"href":"https:\/\/roveyayinevi.com.tr\/index.php\/wp-json\/wp\/v2\/types\/product"}],"wp:attachment":[{"href":"https:\/\/roveyayinevi.com.tr\/index.php\/wp-json\/wp\/v2\/media?parent=783687"}],"wp:term":[{"taxonomy":"product_brand","embeddable":true,"href":"https:\/\/roveyayinevi.com.tr\/index.php\/wp-json\/wp\/v2\/product_brand?post=783687"},{"taxonomy":"product_cat","embeddable":true,"href":"https:\/\/roveyayinevi.com.tr\/index.php\/wp-json\/wp\/v2\/product_cat?post=783687"},{"taxonomy":"product_tag","embeddable":true,"href":"https:\/\/roveyayinevi.com.tr\/index.php\/wp-json\/wp\/v2\/product_tag?post=783687"}],"curies":[{"name":"wp","href":"https:\/\/api.w.org\/{rel}","templated":true}]}}