{"id":783684,"date":"2026-02-26T23:36:21","date_gmt":"2026-02-26T20:36:21","guid":{"rendered":"https:\/\/roveyayinevi.com.tr\/index.php\/urun\/kadin-erkek-iliskileri-uzerine-mahrem-cevaplar-hassas-ailevi-meseleler\/"},"modified":"2026-04-15T03:46:40","modified_gmt":"2026-04-15T00:46:40","slug":"kadin-erkek-iliskileri-uzerine-mahrem-cevaplar-hassas-ailevi-meseleler","status":"publish","type":"product","link":"https:\/\/roveyayinevi.com.tr\/index.php\/urun\/kadin-erkek-iliskileri-uzerine-mahrem-cevaplar-hassas-ailevi-meseleler\/","title":{"rendered":"Kad\u0131n Erkek \u0130li\u015fkileri \u00dczerine Mahrem Cevaplar; Hassas Ailevi Meseleler"},"content":{"rendered":"<p>E\u015fimle tart\u0131\u015ft\u0131k, &#8216;Erkeksen beni bo\u015fars\u0131n!&#8217; dedi. \u0130ki \u00e7ocu\u011fumuz var, e\u011fitim seviyesi ve dini bilgisi ham; ne yapmal\u0131y\u0131m ben bu s\u00f6z \u00fczerine?Erkeklik yap ve bo\u015fama. Zira e\u015fin seni, erkeklik ad\u0131na d\u00fc\u015f\u00fckl\u00fc\u011fe \u00e7ekmek istemi\u015f. Seviyenizi y\u00fcksek tutun. Erkeklik g\u00f6sterin, sab\u0131r g\u00f6sterin, sebat g\u00f6sterin ama tuza\u011fa gelmeyin. O s\u00f6z\u00fc o s\u00f6ylemedi, \u015feytan s\u00f6yletti. Cevab\u0131n\u0131z \u015feytan\u0131n istedi\u011fi gibi olursa sonu\u00e7ta kimin mutlu olaca\u011f\u0131n\u0131 bilmelisiniz. \u00c7ocuklar\u0131n\u0131za ac\u0131d\u0131\u011f\u0131n\u0131zdan de\u011fil erkek oldu\u011funuzdan dolay\u0131 tuza\u011fa d\u00fc\u015fmeyin. Sonunda kazanan siz olursunuz. Allah sabr\u0131n\u0131z\u0131 m\u00fcbarek k\u0131ls\u0131n.<\/p>\n","protected":false},"excerpt":{"rendered":"<p>E\u015fimle tart\u0131\u015ft\u0131k, &#8216;Erkeksen beni bo\u015fars\u0131n!&#8217; dedi. \u0130ki \u00e7ocu\u011fumuz var, e\u011fitim seviyesi ve dini bilgisi ham; ne yapmal\u0131y\u0131m ben bu s\u00f6z \u00fczerine?Erkeklik yap ve bo\u015fama. Zira e\u015fin<span class=\"excerpt-hellip\"> [\u2026]<\/span><\/p>\n","protected":false},"featured_media":0,"template":"","meta":{"_monsterinsights_skip_tracking":false,"_monsterinsights_sitenote_active":false,"_monsterinsights_sitenote_note":"","_monsterinsights_sitenote_category":0},"product_brand":[],"product_cat":[12325,12324],"product_tag":[],"class_list":{"0":"post-783684","1":"product","2":"type-product","3":"status-publish","5":"product_cat-diger-sosyoloji","6":"product_cat-sosyoloji","7":"pa_cilt-ciltsiz","8":"pa_tur-kitap","9":"pa_yayinevi-tahlil-yayinlari","10":"pa_yazar-nureddin-yildiz","12":"first","13":"instock","14":"sale","15":"shipping-taxable","16":"purchasable","17":"product-type-simple"},"_links":{"self":[{"href":"https:\/\/roveyayinevi.com.tr\/index.php\/wp-json\/wp\/v2\/product\/783684","targetHints":{"allow":["GET"]}}],"collection":[{"href":"https:\/\/roveyayinevi.com.tr\/index.php\/wp-json\/wp\/v2\/product"}],"about":[{"href":"https:\/\/roveyayinevi.com.tr\/index.php\/wp-json\/wp\/v2\/types\/product"}],"wp:attachment":[{"href":"https:\/\/roveyayinevi.com.tr\/index.php\/wp-json\/wp\/v2\/media?parent=783684"}],"wp:term":[{"taxonomy":"product_brand","embeddable":true,"href":"https:\/\/roveyayinevi.com.tr\/index.php\/wp-json\/wp\/v2\/product_brand?post=783684"},{"taxonomy":"product_cat","embeddable":true,"href":"https:\/\/roveyayinevi.com.tr\/index.php\/wp-json\/wp\/v2\/product_cat?post=783684"},{"taxonomy":"product_tag","embeddable":true,"href":"https:\/\/roveyayinevi.com.tr\/index.php\/wp-json\/wp\/v2\/product_tag?post=783684"}],"curies":[{"name":"wp","href":"https:\/\/api.w.org\/{rel}","templated":true}]}}