{"id":783683,"date":"2026-02-26T23:36:19","date_gmt":"2026-02-26T20:36:19","guid":{"rendered":"https:\/\/roveyayinevi.com.tr\/index.php\/urun\/namaz-muhasebesi\/"},"modified":"2026-04-15T03:46:40","modified_gmt":"2026-04-15T00:46:40","slug":"namaz-muhasebesi","status":"publish","type":"product","link":"https:\/\/roveyayinevi.com.tr\/index.php\/urun\/namaz-muhasebesi\/","title":{"rendered":"Namaz Muhasebesi"},"content":{"rendered":"<p>Namaz, Rabbimizin huzurunda ilk muhasebe konumuzdur. Dinimizin en bariz dindarl\u0131k kazand\u0131ran amellerinden biridir. Geceden g\u00fcnd\u00fcze b\u00fct\u00fcn hayat\u0131m\u0131z\u0131 ku\u015fat\u0131r namaz. O giderse din gitmi\u015f olur. Ya\u015fad\u0131\u011f\u0131m\u0131z asr\u0131n en yo\u011fun bask\u0131lar\u0131 aras\u0131nda namazl\u0131 M\u00fcnl\u00fcman olman\u0131n s\u0131nav\u0131n\u0131 veriyoruz. Her \u015feye ra\u011fmen \u00f6nce namaz, rahmet i\u00e7in namaz m\u00fccadelemiz ve bu m\u00fccadelemizin bir muhasebesi&#8230;<\/p>\n","protected":false},"excerpt":{"rendered":"<p>Namaz, Rabbimizin huzurunda ilk muhasebe konumuzdur. Dinimizin en bariz dindarl\u0131k kazand\u0131ran amellerinden biridir. Geceden g\u00fcnd\u00fcze b\u00fct\u00fcn hayat\u0131m\u0131z\u0131 ku\u015fat\u0131r namaz. O giderse din gitmi\u015f olur. Ya\u015fad\u0131\u011f\u0131m\u0131z asr\u0131n<span class=\"excerpt-hellip\"> [\u2026]<\/span><\/p>\n","protected":false},"featured_media":0,"template":"","meta":{"_monsterinsights_skip_tracking":false,"_monsterinsights_sitenote_active":false,"_monsterinsights_sitenote_note":"","_monsterinsights_sitenote_category":0},"product_brand":[],"product_cat":[16789,12718,12719],"product_tag":[],"class_list":{"0":"post-783683","1":"product","2":"type-product","3":"status-publish","5":"product_cat-diger-islam","6":"product_cat-din","7":"product_cat-islam","8":"pa_cilt-ciltsiz","9":"pa_tur-kitap","10":"pa_yayinevi-tahlil-yayinlari","11":"pa_yazar-nureddin-yildiz","13":"first","14":"instock","15":"sale","16":"shipping-taxable","17":"purchasable","18":"product-type-simple"},"_links":{"self":[{"href":"https:\/\/roveyayinevi.com.tr\/index.php\/wp-json\/wp\/v2\/product\/783683","targetHints":{"allow":["GET"]}}],"collection":[{"href":"https:\/\/roveyayinevi.com.tr\/index.php\/wp-json\/wp\/v2\/product"}],"about":[{"href":"https:\/\/roveyayinevi.com.tr\/index.php\/wp-json\/wp\/v2\/types\/product"}],"wp:attachment":[{"href":"https:\/\/roveyayinevi.com.tr\/index.php\/wp-json\/wp\/v2\/media?parent=783683"}],"wp:term":[{"taxonomy":"product_brand","embeddable":true,"href":"https:\/\/roveyayinevi.com.tr\/index.php\/wp-json\/wp\/v2\/product_brand?post=783683"},{"taxonomy":"product_cat","embeddable":true,"href":"https:\/\/roveyayinevi.com.tr\/index.php\/wp-json\/wp\/v2\/product_cat?post=783683"},{"taxonomy":"product_tag","embeddable":true,"href":"https:\/\/roveyayinevi.com.tr\/index.php\/wp-json\/wp\/v2\/product_tag?post=783683"}],"curies":[{"name":"wp","href":"https:\/\/api.w.org\/{rel}","templated":true}]}}