{"id":783682,"date":"2026-02-26T23:36:16","date_gmt":"2026-02-26T20:36:16","guid":{"rendered":"https:\/\/roveyayinevi.com.tr\/index.php\/urun\/kudus-tarihi\/"},"modified":"2026-04-15T03:46:40","modified_gmt":"2026-04-15T00:46:40","slug":"kudus-tarihi","status":"publish","type":"product","link":"https:\/\/roveyayinevi.com.tr\/index.php\/urun\/kudus-tarihi\/","title":{"rendered":"Kud\u00fcs Tarihi"},"content":{"rendered":"<p>Tarihe g\u00f6z atan herkes &#8220;Kud\u00fcs&#8217;\u00fcn \u0130slam \u00fcmmetinin g\u00fcc\u00fcn\u00fcn ve zay\u0131fl\u0131\u011f\u0131n\u0131n k\u0131stas\u0131&#8221; oldu\u011funu g\u00f6r\u00fcr. Kutsal \u015fehrin i\u015fgali, \u00fcmmetin zay\u0131fl\u0131\u011f\u0131n\u0131n ve da\u011f\u0131lm\u0131\u015fl\u0131\u011f\u0131n\u0131n sonucudur. Yukar\u0131da s\u00f6yledi\u011fimiz gibi Kud\u00fcs&#8217;\u00fcn y\u00f6netimini elinde bulundurmak g\u00fc\u00e7 g\u00f6stergesidir. \u0130slam \u00fcmmetinin g\u00fc\u00e7l\u00fc oldu\u011fu her d\u00f6nemde Kud\u00fcs, M\u00fcsl\u00fcmanlar\u0131n y\u00f6netimine girmi\u015f; \u00fcmmetin zay\u0131flad\u0131\u011f\u0131 zamanlarda yabanc\u0131lar bu \u015fehre g\u00f6z dikmi\u015flerdir. Kutsal \u015fehir eskiden oldu\u011fu gibi g\u00fcn\u00fcm\u00fczde de pek \u00e7ok kimsenin arzuyla sahip olmak istedi\u011fi bir yerdir. Tarih boyunca \u015fehri Romal\u0131lar i\u015fgal etmi\u015f, sonra Hz. \u00d6mer zaman\u0131nda M\u00fcsl\u00fcmanlar \u015fehri fethetmi\u015fler, \u0130slam \u00fcmmetinin zay\u0131flamas\u0131yla Ha\u00e7l\u0131lar \u015fehri iki as\u0131r boyunca i\u015fgal etmi\u015flerdir. Ard\u0131ndan M\u00fcsl\u00fcmanlar g\u00fc\u00e7lerini tazelemi\u015fler ve b\u00fcy\u00fck komutan Salahaddin Eyy\u00fcbi, M\u00fcsl\u00fcman kuvvetlerini toplamay\u0131 ve onlarda cihat ruhunu canland\u0131rmay\u0131 ba\u015farm\u0131\u015f ve Kud\u00fcs&#8217;\u00fc Ha\u00e7l\u0131lar\u0131n elinden kurtarm\u0131\u015ft\u0131r. Kud\u00fcs \u015fehrine eski azametini, g\u00fczelli\u011fini iade etmi\u015f ve \u015fan ve \u015feref sembol\u00fc olan minberi Mescid-i Aksa&#8217;ya getirmi\u015ftir.E\u011fer \u0130slam \u00fcmmeti Kur&#8217;an&#8217;a ve Hz. Peygamber&#8217;in s\u00fcnnetine yeniden ba\u011flan\u0131p birli\u011fini sa\u011flar ve dirli\u011fini elde edebilirse; inan\u0131yoruz ki, Kud\u00fcs ve Mescid&#8217;i Aksa tekrar ve onurlu g\u00fcnlerine d\u00f6necektir.<\/p>\n","protected":false},"excerpt":{"rendered":"<p>Tarihe g\u00f6z atan herkes &#8220;Kud\u00fcs&#8217;\u00fcn \u0130slam \u00fcmmetinin g\u00fcc\u00fcn\u00fcn ve zay\u0131fl\u0131\u011f\u0131n\u0131n k\u0131stas\u0131&#8221; oldu\u011funu g\u00f6r\u00fcr. Kutsal \u015fehrin i\u015fgali, \u00fcmmetin zay\u0131fl\u0131\u011f\u0131n\u0131n ve da\u011f\u0131lm\u0131\u015fl\u0131\u011f\u0131n\u0131n sonucudur. Yukar\u0131da s\u00f6yledi\u011fimiz gibi Kud\u00fcs&#8217;\u00fcn y\u00f6netimini<span class=\"excerpt-hellip\"> [\u2026]<\/span><\/p>\n","protected":false},"featured_media":0,"template":"","meta":{"_monsterinsights_skip_tracking":false,"_monsterinsights_sitenote_active":false,"_monsterinsights_sitenote_note":"","_monsterinsights_sitenote_category":0},"product_brand":[],"product_cat":[12312,12304],"product_tag":[],"class_list":{"0":"post-783682","1":"product","2":"type-product","3":"status-publish","5":"product_cat-diger","6":"product_cat-tarih","7":"pa_cilt-ciltsiz","8":"pa_tur-kitap","9":"pa_yayinevi-nida-yayinlari","10":"pa_yazar-kolektif","12":"first","13":"instock","14":"sale","15":"shipping-taxable","16":"purchasable","17":"product-type-simple"},"_links":{"self":[{"href":"https:\/\/roveyayinevi.com.tr\/index.php\/wp-json\/wp\/v2\/product\/783682","targetHints":{"allow":["GET"]}}],"collection":[{"href":"https:\/\/roveyayinevi.com.tr\/index.php\/wp-json\/wp\/v2\/product"}],"about":[{"href":"https:\/\/roveyayinevi.com.tr\/index.php\/wp-json\/wp\/v2\/types\/product"}],"wp:attachment":[{"href":"https:\/\/roveyayinevi.com.tr\/index.php\/wp-json\/wp\/v2\/media?parent=783682"}],"wp:term":[{"taxonomy":"product_brand","embeddable":true,"href":"https:\/\/roveyayinevi.com.tr\/index.php\/wp-json\/wp\/v2\/product_brand?post=783682"},{"taxonomy":"product_cat","embeddable":true,"href":"https:\/\/roveyayinevi.com.tr\/index.php\/wp-json\/wp\/v2\/product_cat?post=783682"},{"taxonomy":"product_tag","embeddable":true,"href":"https:\/\/roveyayinevi.com.tr\/index.php\/wp-json\/wp\/v2\/product_tag?post=783682"}],"curies":[{"name":"wp","href":"https:\/\/api.w.org\/{rel}","templated":true}]}}