{"id":783681,"date":"2026-02-26T23:36:13","date_gmt":"2026-02-26T20:36:13","guid":{"rendered":"https:\/\/roveyayinevi.com.tr\/index.php\/urun\/nurul-yakin-muhammed\/"},"modified":"2026-04-15T03:46:40","modified_gmt":"2026-04-15T00:46:40","slug":"nurul-yakin-muhammed","status":"publish","type":"product","link":"https:\/\/roveyayinevi.com.tr\/index.php\/urun\/nurul-yakin-muhammed\/","title":{"rendered":"Nuru&#8217;l Yakin Muhammed"},"content":{"rendered":"<p>Allah Te\u00e2l\u00e2 \u015f\u00f6yle buyuruyor: And olsun ki, Res\u00fbl\u00fcllah, sizin i\u00e7in, Allah&#8217;a ve \u00e2hiret g\u00fcn\u00fcne kavu\u015fmay\u0131 umanlar ve Allah&#8217;\u0131 \u00e7ok zikredenler i\u00e7in g\u00fczel bir \u00f6rnektir. (Ahzab, 33\/21) Onun hayat\u0131, d\u00fcr\u00fcst bir ya\u015fant\u0131ya sahip olan, topluma ve arkada\u015f \u00e7evresine g\u00fcven telkin eden gen\u00e7lerimiz i\u00e7in \u00fcst\u00fcn bir model sunmaktad\u0131r. Ayr\u0131ca; onun m\u00fcstesna hayat\u0131, hikmet ve g\u00fczel \u00f6\u011f\u00fctle insanlar\u0131 Allah\u0131n dinine d\u00e2vet eden ve Resul\u00fcn\u00fcn ris\u00e2letini insanlara tebli\u011f etmek i\u00e7in olanca g\u00fcc\u00fcn\u00fc sarf eden \u0130sl\u00e2m d\u00e2vet\u00e7ileri i\u00e7in de model te\u015fkil etmektedir.Hz. Ali (r.a) anlat\u0131yor: Allah Res\u00fbl\u00fcne yolunun (s\u00fcnnetinin) ne oldu\u011fu sordum. \u015e\u00f6yle cevap verdi: M\u00e2rifet sermayem, ak\u0131l dinimin asl\u0131, sevgi esas\u0131m, (Allah&#8217;a) i\u015ftiyak bine\u011fim, Allah&#8217;\u0131 zikir yolda\u015f\u0131m, Allaha g\u00fcvenim hazinem, h\u00fcz\u00fcn dostum, ilim sil\u00e2h\u0131m, sab\u0131r elbisem, r\u0131za ganimetim, acz (Allaha \u0130htiyac\u0131m) iftihar\u0131m, z\u00fchd sanat\u0131m, yak\u00een g\u00fc\u00e7 ve kuvvetim, do\u011fruluk \u015fefaat\u00e7im, itaat bana yeten \u015fey, cihad ahl\u00e2k\u0131m, namaz g\u00f6z\u00fcm\u00fcn nuru, Allah\u0131n zikri g\u00f6nl\u00fcm\u00fcn semeresi, h\u00fczn\u00fcm ve kederim \u00fcmmetim i\u00e7in, i\u015ftiyak\u0131m (\u00f6zlemim) Rabbimedir.&#8221;<\/p>\n","protected":false},"excerpt":{"rendered":"<p>Allah Te\u00e2l\u00e2 \u015f\u00f6yle buyuruyor: And olsun ki, Res\u00fbl\u00fcllah, sizin i\u00e7in, Allah&#8217;a ve \u00e2hiret g\u00fcn\u00fcne kavu\u015fmay\u0131 umanlar ve Allah&#8217;\u0131 \u00e7ok zikredenler i\u00e7in g\u00fczel bir \u00f6rnektir. (Ahzab, 33\/21)<span class=\"excerpt-hellip\"> [\u2026]<\/span><\/p>\n","protected":false},"featured_media":0,"template":"","meta":{"_monsterinsights_skip_tracking":false,"_monsterinsights_sitenote_active":false,"_monsterinsights_sitenote_note":"","_monsterinsights_sitenote_category":0},"product_brand":[],"product_cat":[12718,12719],"product_tag":[],"class_list":{"0":"post-783681","1":"product","2":"type-product","3":"status-publish","5":"product_cat-din","6":"product_cat-islam","7":"pa_cilt-ciltsiz","8":"pa_tur-kitap","9":"pa_yayinevi-nida-yayinlari","10":"pa_yazar-muhammed-el-hudari","12":"first","13":"instock","14":"sale","15":"shipping-taxable","16":"purchasable","17":"product-type-simple"},"_links":{"self":[{"href":"https:\/\/roveyayinevi.com.tr\/index.php\/wp-json\/wp\/v2\/product\/783681","targetHints":{"allow":["GET"]}}],"collection":[{"href":"https:\/\/roveyayinevi.com.tr\/index.php\/wp-json\/wp\/v2\/product"}],"about":[{"href":"https:\/\/roveyayinevi.com.tr\/index.php\/wp-json\/wp\/v2\/types\/product"}],"wp:attachment":[{"href":"https:\/\/roveyayinevi.com.tr\/index.php\/wp-json\/wp\/v2\/media?parent=783681"}],"wp:term":[{"taxonomy":"product_brand","embeddable":true,"href":"https:\/\/roveyayinevi.com.tr\/index.php\/wp-json\/wp\/v2\/product_brand?post=783681"},{"taxonomy":"product_cat","embeddable":true,"href":"https:\/\/roveyayinevi.com.tr\/index.php\/wp-json\/wp\/v2\/product_cat?post=783681"},{"taxonomy":"product_tag","embeddable":true,"href":"https:\/\/roveyayinevi.com.tr\/index.php\/wp-json\/wp\/v2\/product_tag?post=783681"}],"curies":[{"name":"wp","href":"https:\/\/api.w.org\/{rel}","templated":true}]}}