{"id":783680,"date":"2026-02-26T23:36:11","date_gmt":"2026-02-26T20:36:11","guid":{"rendered":"https:\/\/roveyayinevi.com.tr\/index.php\/urun\/isi-vaktinden-cok-olanlar-4-cilt-kutu\/"},"modified":"2026-04-15T03:46:40","modified_gmt":"2026-04-15T00:46:40","slug":"isi-vaktinden-cok-olanlar-4-cilt-kutu","status":"publish","type":"product","link":"https:\/\/roveyayinevi.com.tr\/index.php\/urun\/isi-vaktinden-cok-olanlar-4-cilt-kutu\/","title":{"rendered":"\u0130\u015fi Vaktinden \u00c7ok Olanlar (4 Cilt Kutu)"},"content":{"rendered":"<p>\u0130\u015fi Vaktinden \u00e7ok olan bu m\u00fcbarek insanlar\u0131n tamam\u0131 sahabi de\u011fildir. Sadece bin y\u0131ll\u0131k ge\u00e7mi\u015ften de s\u00f6z etmiyoruz. Binlerce y\u0131l \u00f6ncesinden ses b\u0131rakanlar var. Kimi iki as\u0131r \u00f6ncesinden ses veriyor. Kimi on d\u00f6rt as\u0131r \u00f6ncesinden par\u0131ld\u0131yor. Sekiz as\u0131r \u00f6ncesinden de Salahaddin var.Allah\u0131n m\u00fclk\u00fcn\u00fc, babalar\u0131ndan miras ald\u0131klar\u0131 k\u00f6y ve kasabadan ibaret g\u00f6rmeyip, ibadet edebilecekleri her yeri vatanlar\u0131 g\u00f6r\u00fcp yollara d\u00fc\u015ft\u00fcler. Hayat\u0131, evlerinden ve i\u015f yerlerinden olu\u015fmu\u015f g\u00f6rmeyip; ona insanl\u0131\u011f\u0131 ku\u015fatan bir anlay\u0131\u015fla bakt\u0131lar, d\u00fc\u015f\u00fcnd\u00fcler. \u0130\u015fi vaktinden \u00e7ok olmak; hakk\u0131 \u00fcst\u00fcn tutmak i\u00e7in gayret etmektir. Hayat\u0131n \u00e7ilelerine kar\u015f\u0131 y\u0131lmadan sab\u0131rla m\u00fccadele edebilmektir. \u0130nsan \u00fczerine yat\u0131r\u0131m yapmak, nesil yeti\u015ftirmektir. \u0130\u015fi vaktinden \u00e7ok olmak, kendin i\u00e7in ya\u015famamakt\u0131r.<\/p>\n","protected":false},"excerpt":{"rendered":"<p>\u0130\u015fi Vaktinden \u00e7ok olan bu m\u00fcbarek insanlar\u0131n tamam\u0131 sahabi de\u011fildir. Sadece bin y\u0131ll\u0131k ge\u00e7mi\u015ften de s\u00f6z etmiyoruz. Binlerce y\u0131l \u00f6ncesinden ses b\u0131rakanlar var. Kimi iki as\u0131r<span class=\"excerpt-hellip\"> [\u2026]<\/span><\/p>\n","protected":false},"featured_media":0,"template":"","meta":{"_monsterinsights_skip_tracking":false,"_monsterinsights_sitenote_active":false,"_monsterinsights_sitenote_note":"","_monsterinsights_sitenote_category":0},"product_brand":[],"product_cat":[16789,12718,12719],"product_tag":[],"class_list":{"0":"post-783680","1":"product","2":"type-product","3":"status-publish","5":"product_cat-diger-islam","6":"product_cat-din","7":"product_cat-islam","8":"pa_cilt-ciltsiz","9":"pa_tur-kitap","10":"pa_yayinevi-tahlil-yayinlari","11":"pa_yazar-nureddin-yildiz","13":"first","14":"instock","15":"sale","16":"shipping-taxable","17":"purchasable","18":"product-type-simple"},"_links":{"self":[{"href":"https:\/\/roveyayinevi.com.tr\/index.php\/wp-json\/wp\/v2\/product\/783680","targetHints":{"allow":["GET"]}}],"collection":[{"href":"https:\/\/roveyayinevi.com.tr\/index.php\/wp-json\/wp\/v2\/product"}],"about":[{"href":"https:\/\/roveyayinevi.com.tr\/index.php\/wp-json\/wp\/v2\/types\/product"}],"wp:attachment":[{"href":"https:\/\/roveyayinevi.com.tr\/index.php\/wp-json\/wp\/v2\/media?parent=783680"}],"wp:term":[{"taxonomy":"product_brand","embeddable":true,"href":"https:\/\/roveyayinevi.com.tr\/index.php\/wp-json\/wp\/v2\/product_brand?post=783680"},{"taxonomy":"product_cat","embeddable":true,"href":"https:\/\/roveyayinevi.com.tr\/index.php\/wp-json\/wp\/v2\/product_cat?post=783680"},{"taxonomy":"product_tag","embeddable":true,"href":"https:\/\/roveyayinevi.com.tr\/index.php\/wp-json\/wp\/v2\/product_tag?post=783680"}],"curies":[{"name":"wp","href":"https:\/\/api.w.org\/{rel}","templated":true}]}}