{"id":783676,"date":"2026-02-26T23:36:01","date_gmt":"2026-02-26T20:36:01","guid":{"rendered":"https:\/\/roveyayinevi.com.tr\/index.php\/urun\/kutsali-ifade-etmek-din-fenomenolojisine-giris\/"},"modified":"2026-04-15T03:46:40","modified_gmt":"2026-04-15T00:46:40","slug":"kutsali-ifade-etmek-din-fenomenolojisine-giris","status":"publish","type":"product","link":"https:\/\/roveyayinevi.com.tr\/index.php\/urun\/kutsali-ifade-etmek-din-fenomenolojisine-giris\/","title":{"rendered":"Kutsal\u0131 \u0130fade Etmek; Din Fenomenolojisine Giri\u015f"},"content":{"rendered":"<p>Din, be\u015fere ili\u015fkin bir fenomendir. Bu y\u00fczden de dini olan hi\u00e7bir \u015fey, nihai anlamda be\u015feri tecr\u00fcbeye yabanc\u0131 olamaz, \u00fcstelik din, be\u015feri eylem ve anlam b\u00fct\u00fcn\u00fcn\u00fc olu\u015fturan unsurlardan birini te\u015fkil eder. Bu unsurun tetkiki, kendine has bir disiplini meydana getirir ve bu y\u00fczden de s\u00f6z konusu unsurun incelenmesinin be\u015feri bilimler i\u00e7inde yer alan di\u011fer akademik ara\u015ft\u0131rmalara b\u0131rak\u0131lmamas\u0131 gerekir.Dinin kendisi bir ara\u015ft\u0131rma konusu oldu\u011fundan, incelenmesi i\u00e7in bir metodoloji gereklidir.Elinizdeki kitap din fenomenolojisinin, kar\u015f\u0131la\u015ft\u0131rmal\u0131 din ve dinler tarihi diye isimlendirilen bilim dallar\u0131n\u0131 i\u00e7erecek \u015fekilde yorumlanmas\u0131 metoduna dayanmaktad\u0131r.Elinizdeki bu \u00e7al\u0131\u015fman\u0131n dini metodolojinin tetkikine bir giri\u015f olmas\u0131 hedeflenmi\u015ftir. Ayr\u0131ca bu kitapla, dine giri\u015f derslerinde kullan\u0131lan metinlerde bulunan bir bo\u015flu\u011fun doldurulmas\u0131 da hedeflenmi\u015ftir.Bir\u00e7ok yazar, din fenomenolojisini ayn\u0131 ad\u0131 ta\u015f\u0131yan felsefi hareketten ay\u0131rmaya \u00e7al\u0131\u015ft\u0131. Ancak ben inan\u0131yorum ki, bir bilme metodu olarak felsefi fenomenoloji, dini fenomenleri anlamaya y\u00f6nelik metotla do\u011frudan ili\u015fkilendirilebilir. Bu kabul, elinizdeki kitab\u0131n bak\u0131\u015f a\u00e7\u0131s\u0131n\u0131 yans\u0131t\u0131r.<\/p>\n","protected":false},"excerpt":{"rendered":"<p>Din, be\u015fere ili\u015fkin bir fenomendir. Bu y\u00fczden de dini olan hi\u00e7bir \u015fey, nihai anlamda be\u015feri tecr\u00fcbeye yabanc\u0131 olamaz, \u00fcstelik din, be\u015feri eylem ve anlam b\u00fct\u00fcn\u00fcn\u00fc olu\u015fturan<span class=\"excerpt-hellip\"> [\u2026]<\/span><\/p>\n","protected":false},"featured_media":0,"template":"","meta":{"_monsterinsights_skip_tracking":false,"_monsterinsights_sitenote_active":false,"_monsterinsights_sitenote_note":"","_monsterinsights_sitenote_category":0},"product_brand":[],"product_cat":[12718,12858],"product_tag":[],"class_list":{"0":"post-783676","1":"product","2":"type-product","3":"status-publish","5":"product_cat-din","6":"product_cat-mitolojiler","7":"pa_cilt-ciltsiz","8":"pa_tur-kitap","9":"pa_yayinevi-eski-yeni-yayinlari","10":"pa_yazar-james-l-cox","12":"first","13":"instock","14":"sale","15":"shipping-taxable","16":"purchasable","17":"product-type-simple"},"_links":{"self":[{"href":"https:\/\/roveyayinevi.com.tr\/index.php\/wp-json\/wp\/v2\/product\/783676","targetHints":{"allow":["GET"]}}],"collection":[{"href":"https:\/\/roveyayinevi.com.tr\/index.php\/wp-json\/wp\/v2\/product"}],"about":[{"href":"https:\/\/roveyayinevi.com.tr\/index.php\/wp-json\/wp\/v2\/types\/product"}],"wp:attachment":[{"href":"https:\/\/roveyayinevi.com.tr\/index.php\/wp-json\/wp\/v2\/media?parent=783676"}],"wp:term":[{"taxonomy":"product_brand","embeddable":true,"href":"https:\/\/roveyayinevi.com.tr\/index.php\/wp-json\/wp\/v2\/product_brand?post=783676"},{"taxonomy":"product_cat","embeddable":true,"href":"https:\/\/roveyayinevi.com.tr\/index.php\/wp-json\/wp\/v2\/product_cat?post=783676"},{"taxonomy":"product_tag","embeddable":true,"href":"https:\/\/roveyayinevi.com.tr\/index.php\/wp-json\/wp\/v2\/product_tag?post=783676"}],"curies":[{"name":"wp","href":"https:\/\/api.w.org\/{rel}","templated":true}]}}