{"id":783675,"date":"2026-02-26T23:35:59","date_gmt":"2026-02-26T20:35:59","guid":{"rendered":"https:\/\/roveyayinevi.com.tr\/index.php\/urun\/evrim-ve-ahlak-filozofu-ibn-miskeveyh-dusuncesinde-tanri-evren-ve-insan\/"},"modified":"2026-04-15T03:46:40","modified_gmt":"2026-04-15T00:46:40","slug":"evrim-ve-ahlak-filozofu-ibn-miskeveyh-dusuncesinde-tanri-evren-ve-insan","status":"publish","type":"product","link":"https:\/\/roveyayinevi.com.tr\/index.php\/urun\/evrim-ve-ahlak-filozofu-ibn-miskeveyh-dusuncesinde-tanri-evren-ve-insan\/","title":{"rendered":"Evrim ve Ahlak Filozofu \u0130bn Miskeveyh D\u00fc\u015f\u00fcncesinde Tanr\u0131, Evren ve \u0130nsan"},"content":{"rendered":"<p>Genel felsefe tarihinde oldu\u011fu gibi \u0130slam felsefesi tarihinde her filozof, ayr\u0131 bir d\u00fc\u015f\u00fcnce zenginli\u011fidir. Felsefenin ayr\u0131cal\u0131\u011f\u0131 ve zihni y\u00fckseltici i\u015flevi, benzer gibi g\u00f6r\u00fcnen d\u00fc\u015f\u00fcncelerin i\u00e7inden farkl\u0131l\u0131klar\u0131 ortaya \u00e7\u0131kard\u0131\u011f\u0131 g\u00f6r\u00fclmektedir. \u0130lk bak\u0131\u015fta s\u0131radan bir okuyucu i\u00e7in tekrarlar olarak alg\u0131lanabilecek olan felsefe tarihi; sistemli ve titiz bir okuyucunun zihninde \u00f6nceki d\u00fc\u015f\u00fcncelerden etkilenmesi ve sonraki d\u00fc\u015f\u00fcnceleri do\u011furmas\u0131 ba\u011flam\u0131nda t\u00fcm ayr\u0131cal\u0131\u011f\u0131yla belirginle\u015febilmektedir. Her d\u00fc\u015f\u00fcnce ve d\u00fc\u015f\u00fcn\u00fcr, bir anlamda, kendinden \u00f6nceki tarihsel ve d\u00fc\u015f\u00fcnsel ortam\u0131n \u00fcr\u00fcn\u00fc oldu\u011fu gibi, kendinden sonraki d\u00fc\u015f\u00fcncelerin de haz\u0131rlay\u0131c\u0131s\u0131 olma \u00f6zelli\u011fini ta\u015f\u0131maktad\u0131r.\u0130bn Miskeveyh ismi, daha \u00e7ok, ahlak ilmiyle \u00e7a\u011fr\u0131\u015f\u0131m yapmaktad\u0131r. Ahlak felsefesi alan\u0131nda yap\u0131lan \u00e7al\u0131\u015fmalarda onun Tehzib\u00fc&#8217;l-Ahlak isimli eserinden yararlan\u0131l\u0131r. Elinizdeki bu eser, \u0130bn Miskeveyh&#8217;in bir di\u011fer eseri olan el-Fevz\u00fc&#8217;l-As\u011far&#8217;\u0131 temele alarak, Tanr\u0131, evren, evrim ve insan, peygamber ve \u00f6l\u00fcm \u00f6tesi anlay\u0131\u015f\u0131n\u0131 ortaya koymay\u0131 ama\u00e7lamaktad\u0131r.<\/p>\n","protected":false},"excerpt":{"rendered":"<p>Genel felsefe tarihinde oldu\u011fu gibi \u0130slam felsefesi tarihinde her filozof, ayr\u0131 bir d\u00fc\u015f\u00fcnce zenginli\u011fidir. Felsefenin ayr\u0131cal\u0131\u011f\u0131 ve zihni y\u00fckseltici i\u015flevi, benzer gibi g\u00f6r\u00fcnen d\u00fc\u015f\u00fcncelerin i\u00e7inden farkl\u0131l\u0131klar\u0131<span class=\"excerpt-hellip\"> [\u2026]<\/span><\/p>\n","protected":false},"featured_media":0,"template":"","meta":{"_monsterinsights_skip_tracking":false,"_monsterinsights_sitenote_active":false,"_monsterinsights_sitenote_note":"","_monsterinsights_sitenote_category":0},"product_brand":[],"product_cat":[12388,13555],"product_tag":[],"class_list":{"0":"post-783675","1":"product","2":"type-product","3":"status-publish","5":"product_cat-felsefe","6":"product_cat-genel-felsefe","7":"pa_cilt-ciltsiz","8":"pa_tur-kitap","9":"pa_yayinevi-eski-yeni-yayinlari","10":"pa_yazar-mufit-selim-saruhan","12":"first","13":"instock","14":"sale","15":"shipping-taxable","16":"purchasable","17":"product-type-simple"},"_links":{"self":[{"href":"https:\/\/roveyayinevi.com.tr\/index.php\/wp-json\/wp\/v2\/product\/783675","targetHints":{"allow":["GET"]}}],"collection":[{"href":"https:\/\/roveyayinevi.com.tr\/index.php\/wp-json\/wp\/v2\/product"}],"about":[{"href":"https:\/\/roveyayinevi.com.tr\/index.php\/wp-json\/wp\/v2\/types\/product"}],"wp:attachment":[{"href":"https:\/\/roveyayinevi.com.tr\/index.php\/wp-json\/wp\/v2\/media?parent=783675"}],"wp:term":[{"taxonomy":"product_brand","embeddable":true,"href":"https:\/\/roveyayinevi.com.tr\/index.php\/wp-json\/wp\/v2\/product_brand?post=783675"},{"taxonomy":"product_cat","embeddable":true,"href":"https:\/\/roveyayinevi.com.tr\/index.php\/wp-json\/wp\/v2\/product_cat?post=783675"},{"taxonomy":"product_tag","embeddable":true,"href":"https:\/\/roveyayinevi.com.tr\/index.php\/wp-json\/wp\/v2\/product_tag?post=783675"}],"curies":[{"name":"wp","href":"https:\/\/api.w.org\/{rel}","templated":true}]}}