{"id":783674,"date":"2026-02-26T23:35:56","date_gmt":"2026-02-26T20:35:56","guid":{"rendered":"https:\/\/roveyayinevi.com.tr\/index.php\/urun\/kuran-okumanin-adabi-ve-fazileti\/"},"modified":"2026-04-15T03:46:40","modified_gmt":"2026-04-15T00:46:40","slug":"kuran-okumanin-adabi-ve-fazileti","status":"publish","type":"product","link":"https:\/\/roveyayinevi.com.tr\/index.php\/urun\/kuran-okumanin-adabi-ve-fazileti\/","title":{"rendered":"Kur&#8217;an Okuman\u0131n Ad\u00e2b\u0131 ve Fazileti"},"content":{"rendered":"<p>\u0130\u00e7inde yer alan k\u0131ssalar ve haberlerle insanlar\u0131n ibret almalar\u0131n\u0131 sa\u011flamak i\u00e7in d\u00fc\u015f\u00fcnce ufuklar\u0131n\u0131 geni\u015fleten yegane kitap. Bu sayede en g\u00fc\u00e7l\u00fc metodu, en do\u011fru yolu a\u00e7\u0131klam\u0131\u015f, i\u00e7inde yer alan h\u00fck\u00fcmlerin a\u00e7\u0131klanmas\u0131yla d\u00fc\u015f\u00fcnce alan\u0131m\u0131z\u0131 geni\u015fletmi\u015ftir. Allah bu kitab\u0131nda helal ve haram\u0131 a\u00e7\u0131k olarak ortaya koymu\u015f, bizzat bir nur ve ziya olarak kitab\u0131n\u0131 \u00f6n\u00fcm\u00fcze vermi\u015ftir. Yanl\u0131\u015f saplant\u0131lardan kurtulu\u015f ancak bu kitap sayesinde m\u00fcmk\u00fcnd\u00fcr. \u00c7\u00fcnk\u00fc bu kitapta g\u00f6n\u00fcllere \u015fifa olacak h\u00fck\u00fcmler yer almaktad\u0131r.Rasulullah (sallall\u00e2hu aleyhi vesellem) \u015f\u00f6yle buyuruyor: &#8220;Sizin en hay\u0131rl\u0131n\u0131z Kur&#8217;an \u00f6\u011frenen ve \u00f6\u011fretendir.&#8221;(Buhari)Yine Rasulullah (sallall\u00e2hu aleyhi vesellem) \u015f\u00f6yle buyuruyor: &#8220;Y\u00fcce Allah, varl\u0131klar\u0131 yaratmazdan tam bin y\u0131l \u00f6ncesinden Taha ve Yasin s\u00fbrelerini okudu. Melekler bu okunan Kur&#8217;an&#8217;\u0131 duyduklar\u0131nda\/dinlediklerinde, dediler ki: &#8220;\u00dczerlerine bu s\u00fbreler inecek olan \u00fcmmete m\u00fcjdeler olsun. Bu s\u00fbreleri haf\u0131zas\u0131nda ezbere tutanlara m\u00fcjdeler olsun, bu s\u00fbreleri dilleriyle okuyanlara m\u00fcjdeler olsun.&#8221; (Darimi)<\/p>\n","protected":false},"excerpt":{"rendered":"<p>\u0130\u00e7inde yer alan k\u0131ssalar ve haberlerle insanlar\u0131n ibret almalar\u0131n\u0131 sa\u011flamak i\u00e7in d\u00fc\u015f\u00fcnce ufuklar\u0131n\u0131 geni\u015fleten yegane kitap. Bu sayede en g\u00fc\u00e7l\u00fc metodu, en do\u011fru yolu a\u00e7\u0131klam\u0131\u015f, i\u00e7inde<span class=\"excerpt-hellip\"> [\u2026]<\/span><\/p>\n","protected":false},"featured_media":0,"template":"","meta":{"_monsterinsights_skip_tracking":false,"_monsterinsights_sitenote_active":false,"_monsterinsights_sitenote_note":"","_monsterinsights_sitenote_category":0},"product_brand":[],"product_cat":[12718,12719,22508],"product_tag":[],"class_list":{"0":"post-783674","1":"product","2":"type-product","3":"status-publish","5":"product_cat-din","6":"product_cat-islam","7":"product_cat-islam-egitimi","8":"pa_cilt-ciltsiz","9":"pa_tur-kitap","10":"pa_yayinevi-celik-yayinevi","11":"pa_yazar-imam-i-gazali","13":"first","14":"instock","15":"sale","16":"shipping-taxable","17":"purchasable","18":"product-type-simple"},"_links":{"self":[{"href":"https:\/\/roveyayinevi.com.tr\/index.php\/wp-json\/wp\/v2\/product\/783674","targetHints":{"allow":["GET"]}}],"collection":[{"href":"https:\/\/roveyayinevi.com.tr\/index.php\/wp-json\/wp\/v2\/product"}],"about":[{"href":"https:\/\/roveyayinevi.com.tr\/index.php\/wp-json\/wp\/v2\/types\/product"}],"wp:attachment":[{"href":"https:\/\/roveyayinevi.com.tr\/index.php\/wp-json\/wp\/v2\/media?parent=783674"}],"wp:term":[{"taxonomy":"product_brand","embeddable":true,"href":"https:\/\/roveyayinevi.com.tr\/index.php\/wp-json\/wp\/v2\/product_brand?post=783674"},{"taxonomy":"product_cat","embeddable":true,"href":"https:\/\/roveyayinevi.com.tr\/index.php\/wp-json\/wp\/v2\/product_cat?post=783674"},{"taxonomy":"product_tag","embeddable":true,"href":"https:\/\/roveyayinevi.com.tr\/index.php\/wp-json\/wp\/v2\/product_tag?post=783674"}],"curies":[{"name":"wp","href":"https:\/\/api.w.org\/{rel}","templated":true}]}}