{"id":783673,"date":"2026-02-26T23:35:54","date_gmt":"2026-02-26T20:35:54","guid":{"rendered":"https:\/\/roveyayinevi.com.tr\/index.php\/urun\/mezhepler-tarihi\/"},"modified":"2026-04-15T03:46:40","modified_gmt":"2026-04-15T00:46:40","slug":"mezhepler-tarihi","status":"publish","type":"product","link":"https:\/\/roveyayinevi.com.tr\/index.php\/urun\/mezhepler-tarihi\/","title":{"rendered":"Mezhepler Tarihi"},"content":{"rendered":"<p>\u00c2lemlere rahmet olarak g\u00f6nderilen Efendimiz Muhammed (s.a.v.)&#8217;e salat ve selam otsun. Ayr\u0131ca onun, hid\u00e2yet \u00f6nderleri olan, yasay\u0131 \u015fiar\u0131yla do\u011fru yolu g\u00f6steren ve izlerinden gkfier ashab\u0131na salat ve selam olsun. 0 ashab ki, Hz. Peygamber (s.a.v.) haklar\u0131nda \u015f\u00f6yle buyurmu\u015ftur: &#8220;Benim ashab\u0131m y\u0131ld\u0131zlar gibidir. Hangisine uyarsan\u0131z, do\u011fru yolu bulursunuz.&#8221; mezhepleri hakk\u0131nda bir kitap yazmak y\u00f6n\u00fcnde, pek \u00e7ok talep ald\u0131m. Anla\u015f\u0131lmas\u0131 g\u00fc\u00e7 baz? meselelerin kolayl\u0131kla anla\u015f\u0131lmas\u0131n\u0131 sa\u011flayan, baz\u0131 husustan ayd\u0131nl\u0131\u011fa kavu\u015fturan, k\u00fctt\u00fcrin kesimin anlamakta zorluk \u00e7ekmeyece\u011fi ve \u0130sl\u00e2m mezheplerinin fikri \u00f6nemini ortaya koyan bir kitap&#8230; \u0130sl\u00e2m mezhepleri, de\u011fi\u015fik y\u00f6neli\u015fleri olan baz\u0131 t\u00fcrlere ayr\u0131lm\u0131\u015ft\u0131r. Bu t\u00fcrleri, kabaca \u00f6\u00e7 grupta toplayabiliriz:\u0130tikadi mezheplerBunlar, &#8220;akaid&#8221; konusunda ihtil\u00e2fa d\u00fc\u015fen mezheplerdir. Ancak bu ihtil\u00e2f. ~aka\u00bbd\u00abr \u00f6z\u00fcroe de\u011fil, &#8220;cebr&#8221; ve &#8220;ihtiyar&#8221; gibi kel\u00e2m \u00e2limlerinin \u00fczerinde ihtil\u00e2f ettikleri baz\u0131 konutarea cereyan etmi\u015ftir. Bununla beraber t\u00fcm i&#8217;tik\u00e2di mezhepler, \u0130sl\u00e2m akidesinin \u00f6z\u00fc olan &#8220;Vahdaniyet&#8221; (Allah&#8217;\u0131n birli\u011fi) ilkesi \u00fczerinde ittifak etmi\u015flerdir. Esasen, ehl-\u00ee k\u0131bleden olan hk kimsenin bu konuda ihtil\u00e2f etmesi m\u00fcmk\u00fcn de de\u011fildir.Siyasi mezheplerBunlar, &#8220;halife se\u00e7imi&#8221; gibi konularda ihtil\u00e2f eden mezheplerdir. Bu ba\u015fl\u0131k alt\u0131nda, \u00e7e\u015fitli gruplara de\u011finecek ve herbirinin metodunu ortaya koymaya \u00e7al\u0131\u015faca\u011f\u0131z.F\u0131khi mezheplerBu mezhepler, insanlar\u0131n birbirleriyle olan ili\u015fkilerini d\u00fczenleyen, kul ile Rab arasanda\u00eeo ibadet ili\u015fkisi hakk\u0131nda &#8220;Kitap&#8221; ve &#8220;s\u00fcnnet&#8217;ce konan h\u00fck\u00fcmleri a\u00e7\u0131klayan mezheptedir, lum bu konular\u0131 etrafl\u0131ca anlatmak, bir\u00e7ok kitab\u0131n yaz\u0131lmas\u0131n\u0131 gerektirir. Bu nedenle. Konula^ az  e- cz bir \u015fekilde sunmaya gayret ettik. Ancak yine de, b\u00fct\u00fcn bu konulan bir tek b\u00f6l\u00fcmde toplamay ba\u015faramad\u0131k.Bu y\u00fczden, Birinci B\u00f6l\u00fcm &#8220;Siyasi ve \u0130&#8217;tik\u00e2di Mezheplerde ay\u0131rmay\u0131 uygun bulduk. &#8220;F*f\u0131i Mezhepler** i\u00e7in de, bu kitab\u0131n \u0130kinci B\u00f6l\u00fcm olan m\u00fcstakil bir b\u00f6l\u00fcm ay\u0131rd\u0131k. Ba\u015far\u0131ya ula\u015ft\u0131ran ve do\u011fru yola ileten Allah-u Te\u00e2l\u00e2&#8217;d\u0131r. Her zaman oldu\u011fu gibi Allah&#8217;tan, biz? ba\u015far\u0131ya ula\u015ft\u0131rmas\u0131n\u0131 diliyoruz. 0 ne iyi mevl\u00e2, ne g\u00fczel yard\u0131mc\u0131d\u0131r!Muhammed Ebu Zehra<\/p>\n","protected":false},"excerpt":{"rendered":"<p>\u00c2lemlere rahmet olarak g\u00f6nderilen Efendimiz Muhammed (s.a.v.)&#8217;e salat ve selam otsun. Ayr\u0131ca onun, hid\u00e2yet \u00f6nderleri olan, yasay\u0131 \u015fiar\u0131yla do\u011fru yolu g\u00f6steren ve izlerinden gkfier ashab\u0131na salat<span class=\"excerpt-hellip\"> [\u2026]<\/span><\/p>\n","protected":false},"featured_media":0,"template":"","meta":{"_monsterinsights_skip_tracking":false,"_monsterinsights_sitenote_active":false,"_monsterinsights_sitenote_note":"","_monsterinsights_sitenote_category":0},"product_brand":[],"product_cat":[12718,16794],"product_tag":[],"class_list":{"0":"post-783673","1":"product","2":"type-product","3":"status-publish","5":"product_cat-din","6":"product_cat-dinler-tarihi","7":"pa_cilt-ciltsiz","8":"pa_tur-kitap","9":"pa_yayinevi-celik-yayinevi","10":"pa_yazar-muhammed-ebu-zahra","12":"first","13":"instock","14":"sale","15":"shipping-taxable","16":"purchasable","17":"product-type-simple"},"_links":{"self":[{"href":"https:\/\/roveyayinevi.com.tr\/index.php\/wp-json\/wp\/v2\/product\/783673","targetHints":{"allow":["GET"]}}],"collection":[{"href":"https:\/\/roveyayinevi.com.tr\/index.php\/wp-json\/wp\/v2\/product"}],"about":[{"href":"https:\/\/roveyayinevi.com.tr\/index.php\/wp-json\/wp\/v2\/types\/product"}],"wp:attachment":[{"href":"https:\/\/roveyayinevi.com.tr\/index.php\/wp-json\/wp\/v2\/media?parent=783673"}],"wp:term":[{"taxonomy":"product_brand","embeddable":true,"href":"https:\/\/roveyayinevi.com.tr\/index.php\/wp-json\/wp\/v2\/product_brand?post=783673"},{"taxonomy":"product_cat","embeddable":true,"href":"https:\/\/roveyayinevi.com.tr\/index.php\/wp-json\/wp\/v2\/product_cat?post=783673"},{"taxonomy":"product_tag","embeddable":true,"href":"https:\/\/roveyayinevi.com.tr\/index.php\/wp-json\/wp\/v2\/product_tag?post=783673"}],"curies":[{"name":"wp","href":"https:\/\/api.w.org\/{rel}","templated":true}]}}