{"id":783672,"date":"2026-02-26T23:35:51","date_gmt":"2026-02-26T20:35:51","guid":{"rendered":"https:\/\/roveyayinevi.com.tr\/index.php\/urun\/helaller-ve-haramlar\/"},"modified":"2026-04-13T03:43:17","modified_gmt":"2026-04-13T00:43:17","slug":"helaller-ve-haramlar","status":"publish","type":"product","link":"https:\/\/roveyayinevi.com.tr\/index.php\/urun\/helaller-ve-haramlar\/","title":{"rendered":"Helaller ve Haramlar"},"content":{"rendered":"<p>\u0130mam Gaz\u00e2l\u00ee &#8220;Helaller ve Haramlar&#8221; eserinde dinimizin g\u00fcnl\u00fck ya\u015fam i\u00e7inde uygulamam\u0131z gereken kurallar\u0131n\u0131 incelikli ve detayl\u0131 bir bi\u00e7imde bize anlat\u0131yor.Kitab\u0131n birinci b\u00f6l\u00fcm\u00fcnde; helali araman\u0131n \u00f6nemi ve de\u011feri, fazileti, haram\u0131n k\u00f6t\u00fcl\u00fc\u011f\u00fc, helal ve haram\u0131n dereceleri anlat\u0131l\u0131yor. \u0130kinci b\u00f6l\u00fcm\u00fcnde; \u015f\u00fcphelilerin mertebeleri, bunlar\u0131n kayna\u011f\u0131, haram ile helalden bunlar\u0131n ay\u0131rd edilmesi irdeleniyor. \u00dc\u00e7\u00fcnc\u00fc b\u00f6l\u00fcm\u00fcnde; ara\u015ft\u0131rma, sorgulama, bunlar\u0131n \u00fczerine gitme ve ihmal durumlar\u0131n\u0131n incelenmeleri, ayn\u0131 zamanda bunlar\u0131n helal ve haram san\u0131lma nedenleri ara\u015ft\u0131r\u0131l\u0131yor. D\u00f6rd\u00fcnc\u00fc b\u00f6l\u00fcm\u00fcnde; t\u00f6vbekar olan kimsenin yapm\u0131\u015f oldu\u011fu mali zul\u00fcmlerden ar\u0131nma meselesi inceleniyor. Be\u015finci b\u00f6l\u00fcm\u00fcnde; devlet b\u00fcy\u00fcklerinin verdikleri maa\u015flar, hediyeler, bunlar\u0131n helal ve haram olma s\u0131n\u0131rlar\u0131 tart\u0131\u015f\u0131l\u0131yor. Alt\u0131nc\u0131 b\u00f6l\u00fcm\u00fcnde; devlet b\u00fcy\u00fckleriyle birlikte bulunmak, onlarla oturup kalkman\u0131n ki\u015fi \u00fczerindeki etkileri ve h\u00fck\u00fcmleri inceleniyor. Yedinci b\u00f6l\u00fcm olan son b\u00f6l\u00fcmde ise; farkl\u0131 meseleler ve \u00e7\u00f6z\u00fcmlerine yer veriliyor.Kul hakk\u0131n\u0131n \u00f6nceli\u011fini belirten dinimizin kurallar\u0131n\u0131 hassas bir bak\u0131\u015fla de\u011ferlendirebilmemiz i\u00e7in dikkatle okunmas\u0131 gereken bir eser &#8220;Helaller ve Haramlar&#8221;.<\/p>\n","protected":false},"excerpt":{"rendered":"<p>\u0130mam Gaz\u00e2l\u00ee &#8220;Helaller ve Haramlar&#8221; eserinde dinimizin g\u00fcnl\u00fck ya\u015fam i\u00e7inde uygulamam\u0131z gereken kurallar\u0131n\u0131 incelikli ve detayl\u0131 bir bi\u00e7imde bize anlat\u0131yor.Kitab\u0131n birinci b\u00f6l\u00fcm\u00fcnde; helali araman\u0131n \u00f6nemi ve<span class=\"excerpt-hellip\"> [\u2026]<\/span><\/p>\n","protected":false},"featured_media":0,"template":"","meta":{"_monsterinsights_skip_tracking":false,"_monsterinsights_sitenote_active":false,"_monsterinsights_sitenote_note":"","_monsterinsights_sitenote_category":0},"product_brand":[],"product_cat":[12718,12719,22508],"product_tag":[],"class_list":{"0":"post-783672","1":"product","2":"type-product","3":"status-publish","5":"product_cat-din","6":"product_cat-islam","7":"product_cat-islam-egitimi","8":"pa_cilt-ciltsiz","9":"pa_tur-kitap","10":"pa_yayinevi-celik-yayinevi","11":"pa_yazar-imam-i-gazali","13":"first","14":"instock","15":"sale","16":"shipping-taxable","17":"purchasable","18":"product-type-simple"},"_links":{"self":[{"href":"https:\/\/roveyayinevi.com.tr\/index.php\/wp-json\/wp\/v2\/product\/783672","targetHints":{"allow":["GET"]}}],"collection":[{"href":"https:\/\/roveyayinevi.com.tr\/index.php\/wp-json\/wp\/v2\/product"}],"about":[{"href":"https:\/\/roveyayinevi.com.tr\/index.php\/wp-json\/wp\/v2\/types\/product"}],"wp:attachment":[{"href":"https:\/\/roveyayinevi.com.tr\/index.php\/wp-json\/wp\/v2\/media?parent=783672"}],"wp:term":[{"taxonomy":"product_brand","embeddable":true,"href":"https:\/\/roveyayinevi.com.tr\/index.php\/wp-json\/wp\/v2\/product_brand?post=783672"},{"taxonomy":"product_cat","embeddable":true,"href":"https:\/\/roveyayinevi.com.tr\/index.php\/wp-json\/wp\/v2\/product_cat?post=783672"},{"taxonomy":"product_tag","embeddable":true,"href":"https:\/\/roveyayinevi.com.tr\/index.php\/wp-json\/wp\/v2\/product_tag?post=783672"}],"curies":[{"name":"wp","href":"https:\/\/api.w.org\/{rel}","templated":true}]}}