{"id":783671,"date":"2026-02-26T23:35:49","date_gmt":"2026-02-26T20:35:49","guid":{"rendered":"https:\/\/roveyayinevi.com.tr\/index.php\/urun\/hadis-ve-psikoloji\/"},"modified":"2026-04-15T03:46:40","modified_gmt":"2026-04-15T00:46:40","slug":"hadis-ve-psikoloji","status":"publish","type":"product","link":"https:\/\/roveyayinevi.com.tr\/index.php\/urun\/hadis-ve-psikoloji\/","title":{"rendered":"Hadis ve Psikoloji"},"content":{"rendered":"<p>&#8220;\u0130slam&#8217;\u0131n \u0130nsan Tasavvuru&#8221;nu, kendilerinden yararlanarak do\u011fru bir \u015fekilde \u00e7\u0131kar\u0131p ortaya koyabilece\u011fimiz esasl\u0131 iki kaynak, Kur&#8217;an-\u0131 Kerim ve Hadis-i Nebev\u00ee&#8217;dir. Bu iki kaynakta bulunan psikolojik kavramlar ve insan\u0131n psikolojik tabiat\u0131yla ilgili hususlar\u0131, &#8220;\u0130slam&#8217;\u0131n \u0130nsan Tasavvuru&#8221;nu olu\u015fturmak umuduyla, dikkatle inceledim.Kur&#8217;an-\u0131 Kerim&#8217;de ge\u00e7en psikolojik kavramlar\u0131 ele alan, &#8220;el-Kur&#8217;anu ve \u0130lmu&#8217;n Nefs&#8221; (Kur&#8217;an ve Psikoloji) isimli eser daha \u00f6nce yay\u0131nlanm\u0131\u015ft\u0131. O g\u00fcnden beri Hadis-i Nebev\u00ee&#8217;deki psikolojik kavramlar\u0131 inceledim. Bunun sonucu, elinizdeki &#8220;el-Hadisu&#8217;n Nebev\u00ee ve \u0130lmu&#8217;n Nefs&#8221; (Hadis-i Nebev\u00ee ve Psikoloji) kitab\u0131 ortaya \u00e7\u0131kt\u0131. Bu kitap, \u00f6nceki kitap &#8220;el-Kur&#8217;an&#8217;u ve \u0130lmu&#8217;n Nefs&#8221;in tamamlay\u0131c\u0131s\u0131\/devam\u0131 say\u0131l\u0131r; ikisi birlikte bize &#8220;\u0130slam&#8217;\u0131n \u0130nsan Tasavvuru&#8221; hakk\u0131nda do\u011fru bilgi vermektedir.Bu kitap, insan davran\u0131\u015flar\u0131yla ilgili Hadis-i Nebev\u00ee&#8217;de ge\u00e7en, &#8220;davran\u0131\u015f g\u00fcd\u00fcleri, duygu ve heyecanlar, alg\u0131lama, d\u00fc\u015f\u00fcnme, geli\u015fme, ki\u015filik, ruh sa\u011fl\u0131\u011f\u0131, psikoterapi&#8221; gibi \u00e7e\u015fitli y\u00f6nleri sunar. Hadislerde ge\u00e7en \u015feylerle bu konular ve psikoloji ilminin s\u00f6yledikleri aras\u0131nda, m\u00fcmk\u00fcn oldu\u011fu kadar mukayese yap\u0131lm\u0131\u015ft\u0131r.<\/p>\n","protected":false},"excerpt":{"rendered":"<p>&#8220;\u0130slam&#8217;\u0131n \u0130nsan Tasavvuru&#8221;nu, kendilerinden yararlanarak do\u011fru bir \u015fekilde \u00e7\u0131kar\u0131p ortaya koyabilece\u011fimiz esasl\u0131 iki kaynak, Kur&#8217;an-\u0131 Kerim ve Hadis-i Nebev\u00ee&#8217;dir. Bu iki kaynakta bulunan psikolojik kavramlar ve<span class=\"excerpt-hellip\"> [\u2026]<\/span><\/p>\n","protected":false},"featured_media":0,"template":"","meta":{"_monsterinsights_skip_tracking":false,"_monsterinsights_sitenote_active":false,"_monsterinsights_sitenote_note":"","_monsterinsights_sitenote_category":0},"product_brand":[],"product_cat":[12718,12719,45552],"product_tag":[],"class_list":{"0":"post-783671","1":"product","2":"type-product","3":"status-publish","5":"product_cat-din","6":"product_cat-islam","7":"product_cat-meal-tefsir-hadis","8":"pa_cilt-ciltsiz","9":"pa_tur-kitap","10":"pa_yayinevi-fecr-yayinlari","11":"pa_yazar-osman-necati","13":"first","14":"instock","15":"sale","16":"shipping-taxable","17":"purchasable","18":"product-type-simple"},"_links":{"self":[{"href":"https:\/\/roveyayinevi.com.tr\/index.php\/wp-json\/wp\/v2\/product\/783671","targetHints":{"allow":["GET"]}}],"collection":[{"href":"https:\/\/roveyayinevi.com.tr\/index.php\/wp-json\/wp\/v2\/product"}],"about":[{"href":"https:\/\/roveyayinevi.com.tr\/index.php\/wp-json\/wp\/v2\/types\/product"}],"wp:attachment":[{"href":"https:\/\/roveyayinevi.com.tr\/index.php\/wp-json\/wp\/v2\/media?parent=783671"}],"wp:term":[{"taxonomy":"product_brand","embeddable":true,"href":"https:\/\/roveyayinevi.com.tr\/index.php\/wp-json\/wp\/v2\/product_brand?post=783671"},{"taxonomy":"product_cat","embeddable":true,"href":"https:\/\/roveyayinevi.com.tr\/index.php\/wp-json\/wp\/v2\/product_cat?post=783671"},{"taxonomy":"product_tag","embeddable":true,"href":"https:\/\/roveyayinevi.com.tr\/index.php\/wp-json\/wp\/v2\/product_tag?post=783671"}],"curies":[{"name":"wp","href":"https:\/\/api.w.org\/{rel}","templated":true}]}}