{"id":783670,"date":"2026-02-26T23:35:47","date_gmt":"2026-02-26T20:35:47","guid":{"rendered":"https:\/\/roveyayinevi.com.tr\/index.php\/urun\/anne-baba-biz-sucluyuz\/"},"modified":"2026-04-15T03:46:40","modified_gmt":"2026-04-15T00:46:40","slug":"anne-baba-biz-sucluyuz","status":"publish","type":"product","link":"https:\/\/roveyayinevi.com.tr\/index.php\/urun\/anne-baba-biz-sucluyuz\/","title":{"rendered":"Anne Baba Biz Su\u00e7luyuz"},"content":{"rendered":"<p>Sizden ricam, e\u011fer \u015fu sert s\u00f6zlerim, i\u011fneleyici, keskin ve net ele\u015ftirilerim biraz ac\u0131 geliyorsa; bu ac\u0131l\u0131\u011f\u0131 benim kusurum kabul edin ama bu ac\u0131 s\u00f6zlerde bir hakikatin, bir ger\u00e7e\u011fin yatt\u0131\u011f\u0131na inan\u0131yorsan\u0131z, yabana atmay\u0131n. Bu s\u00f6zlerin ac\u0131l\u0131\u011f\u0131 benim, ger\u00e7e\u011fi sizin olsun. Zira maslahata uygun s\u00f6zler insana ho\u015f gelir; aldatmak, yalan yanl\u0131\u015f uydurmak ve ya\u011fc\u0131l\u0131k kula\u011fa ve g\u00f6nle ho\u015f gelir. Oysa ger\u00e7ekler ac\u0131d\u0131r. Bu nedenle ac\u0131y\u0131 uyu\u015fturmak, hastal\u0131\u011f\u0131 gizlemek ve sizi oyalamak yerine, m\u00fcsaade edin bu hastal\u0131\u011fa, bu yaraya parmak basay\u0131m ve ac\u0131 konu\u015fay\u0131m, sert s\u00f6yleyeyim, a\u00e7\u0131k ve ger\u00e7ek\u00e7i olup diyeyim ki: &#8220;Kanser t\u00fcm\u00f6r\u00fc kan\u0131na, beynine ve kalp h\u00fccrelerine kadar sirayet etti ve \u00e7ok ilerledi. Bu nedenle elimizi \u00e7abuk tutmal\u0131y\u0131z. Zira vakit \u00e7ok dar, facia ise derin.!&#8221;<\/p>\n","protected":false},"excerpt":{"rendered":"<p>Sizden ricam, e\u011fer \u015fu sert s\u00f6zlerim, i\u011fneleyici, keskin ve net ele\u015ftirilerim biraz ac\u0131 geliyorsa; bu ac\u0131l\u0131\u011f\u0131 benim kusurum kabul edin ama bu ac\u0131 s\u00f6zlerde bir hakikatin,<span class=\"excerpt-hellip\"> [\u2026]<\/span><\/p>\n","protected":false},"featured_media":0,"template":"","meta":{"_monsterinsights_skip_tracking":false,"_monsterinsights_sitenote_active":false,"_monsterinsights_sitenote_note":"","_monsterinsights_sitenote_category":0},"product_brand":[],"product_cat":[12325,12324],"product_tag":[],"class_list":{"0":"post-783670","1":"product","2":"type-product","3":"status-publish","5":"product_cat-diger-sosyoloji","6":"product_cat-sosyoloji","7":"pa_cilt-ciltsiz","8":"pa_tur-kitap","9":"pa_yayinevi-fecr-yayinlari","10":"pa_yazar-ali-seriati","12":"first","13":"instock","14":"sale","15":"shipping-taxable","16":"purchasable","17":"product-type-simple"},"_links":{"self":[{"href":"https:\/\/roveyayinevi.com.tr\/index.php\/wp-json\/wp\/v2\/product\/783670","targetHints":{"allow":["GET"]}}],"collection":[{"href":"https:\/\/roveyayinevi.com.tr\/index.php\/wp-json\/wp\/v2\/product"}],"about":[{"href":"https:\/\/roveyayinevi.com.tr\/index.php\/wp-json\/wp\/v2\/types\/product"}],"wp:attachment":[{"href":"https:\/\/roveyayinevi.com.tr\/index.php\/wp-json\/wp\/v2\/media?parent=783670"}],"wp:term":[{"taxonomy":"product_brand","embeddable":true,"href":"https:\/\/roveyayinevi.com.tr\/index.php\/wp-json\/wp\/v2\/product_brand?post=783670"},{"taxonomy":"product_cat","embeddable":true,"href":"https:\/\/roveyayinevi.com.tr\/index.php\/wp-json\/wp\/v2\/product_cat?post=783670"},{"taxonomy":"product_tag","embeddable":true,"href":"https:\/\/roveyayinevi.com.tr\/index.php\/wp-json\/wp\/v2\/product_tag?post=783670"}],"curies":[{"name":"wp","href":"https:\/\/api.w.org\/{rel}","templated":true}]}}