{"id":783669,"date":"2026-02-26T23:35:44","date_gmt":"2026-02-26T20:35:44","guid":{"rendered":"https:\/\/roveyayinevi.com.tr\/index.php\/urun\/namazin-sirlari-ve-fazileti\/"},"modified":"2026-04-15T03:46:40","modified_gmt":"2026-04-15T00:46:40","slug":"namazin-sirlari-ve-fazileti","status":"publish","type":"product","link":"https:\/\/roveyayinevi.com.tr\/index.php\/urun\/namazin-sirlari-ve-fazileti\/","title":{"rendered":"Namaz\u0131n S\u0131rlar\u0131 ve Fazileti"},"content":{"rendered":"<p>Allah (c.c.) bir kudsi hadiste \u015f\u00f6yle buyurmu\u015ftur:&#8221;Var m\u0131 bir du\u00e2 eden, du\u00e2s\u0131n\u0131 kabul buyuray\u0131m? Var m\u0131 benden ba\u011f\u0131\u015flanmas\u0131n\u0131 isteyen, affedeyim?&#8221;O, Allah ki, kullar\u0131n\u0131n durum ve halleri her ne \u015fekilde olursa olsun, ister tenhalarda olsun, ister topluluklar aras\u0131nda bulunsunlar, namazlar\u0131 sebebiyle du\u00e2 ve niyazlar\u0131n\u0131 kabul edendir. Kullar\u0131na bu ruhsat\u0131 ve f\u0131rsat\u0131 veren O&#8217;dur. Namaz, dinin temeli ve dire\u011fidir. Ayn\u0131 zamanda yakinin de (kesin inanc\u0131n) ba\u011flant\u0131s\u0131 ve ipidir. Allah&#8217;a her t\u00fcrl\u00fc yak\u0131nl\u0131\u011f\u0131n ba\u015f\u0131nda namaz yer al\u0131r. \u00c7\u00fcnk\u00fc namaz b\u00fct\u00fcn taatlerin ve ibadetlerin odak noktas\u0131d\u0131r. Biz bu eserde; namaz\u0131n zahiri (g\u00f6r\u00fcn\u00fcr) amelleriyle, bat\u0131n\u00ee (gizli) s\u0131rlar\u0131n\u0131, \u00f6zellikle en \u00f6nemli olanlar\u0131n\u0131 anlatmakla yetindik. Namaz ibadetinin hu\u015f\u00fb&#8217;nu, ihlas\u0131 ve niyeti i\u00e7eren gizli ve ince manalar\u0131n\u0131n, inceliklerinin ve hakikatinin \u00fczerinde durup a\u00e7maya \u00e7al\u0131\u015fd\u0131k.Bu kitab\u0131m\u0131z\u0131 yedi ana ba\u015fl\u0131k alt\u0131nda toplad\u0131k. Bu ana ba\u015fl\u0131klar s\u0131ras\u0131yla \u015f\u00f6yledir; 1) Namaz\u0131n faziletleri, 2) Namazda zahiri (g\u00f6r\u00fcn\u00fcr) amellerin de\u011feri ve fazileti, 3) Namazdaki bat\u0131n\u00ee\/i\u00e7e ve kalbe d\u00f6n\u00fck amellerin de\u011feri, fazileti, 4) \u0130maml\u0131k ve cemaat olu\u015f\/iktida (imama uyma), 5) Cuma namaz\u0131 ve cuma namaz\u0131n\u0131n adab\u0131, 6) Hemen her m\u00fcsl\u00fcman i\u00e7in gerekli olan ve mutlaka bilinmesi gereken meseleler, 7) Nafile ve benzeri ibadetler.<\/p>\n","protected":false},"excerpt":{"rendered":"<p>Allah (c.c.) bir kudsi hadiste \u015f\u00f6yle buyurmu\u015ftur:&#8221;Var m\u0131 bir du\u00e2 eden, du\u00e2s\u0131n\u0131 kabul buyuray\u0131m? Var m\u0131 benden ba\u011f\u0131\u015flanmas\u0131n\u0131 isteyen, affedeyim?&#8221;O, Allah ki, kullar\u0131n\u0131n durum ve halleri<span class=\"excerpt-hellip\"> [\u2026]<\/span><\/p>\n","protected":false},"featured_media":0,"template":"","meta":{"_monsterinsights_skip_tracking":false,"_monsterinsights_sitenote_active":false,"_monsterinsights_sitenote_note":"","_monsterinsights_sitenote_category":0},"product_brand":[],"product_cat":[12718,12719],"product_tag":[],"class_list":{"0":"post-783669","1":"product","2":"type-product","3":"status-publish","5":"product_cat-din","6":"product_cat-islam","7":"pa_cilt-ciltsiz","8":"pa_tur-kitap","9":"pa_yayinevi-celik-yayinevi","10":"pa_yazar-imam-i-gazali","12":"first","13":"instock","14":"sale","15":"shipping-taxable","16":"purchasable","17":"product-type-simple"},"_links":{"self":[{"href":"https:\/\/roveyayinevi.com.tr\/index.php\/wp-json\/wp\/v2\/product\/783669","targetHints":{"allow":["GET"]}}],"collection":[{"href":"https:\/\/roveyayinevi.com.tr\/index.php\/wp-json\/wp\/v2\/product"}],"about":[{"href":"https:\/\/roveyayinevi.com.tr\/index.php\/wp-json\/wp\/v2\/types\/product"}],"wp:attachment":[{"href":"https:\/\/roveyayinevi.com.tr\/index.php\/wp-json\/wp\/v2\/media?parent=783669"}],"wp:term":[{"taxonomy":"product_brand","embeddable":true,"href":"https:\/\/roveyayinevi.com.tr\/index.php\/wp-json\/wp\/v2\/product_brand?post=783669"},{"taxonomy":"product_cat","embeddable":true,"href":"https:\/\/roveyayinevi.com.tr\/index.php\/wp-json\/wp\/v2\/product_cat?post=783669"},{"taxonomy":"product_tag","embeddable":true,"href":"https:\/\/roveyayinevi.com.tr\/index.php\/wp-json\/wp\/v2\/product_tag?post=783669"}],"curies":[{"name":"wp","href":"https:\/\/api.w.org\/{rel}","templated":true}]}}