{"id":783667,"date":"2026-02-26T23:35:38","date_gmt":"2026-02-26T20:35:38","guid":{"rendered":"https:\/\/roveyayinevi.com.tr\/index.php\/urun\/insanlik-vazifelerimiz\/"},"modified":"2026-04-15T03:46:40","modified_gmt":"2026-04-15T00:46:40","slug":"insanlik-vazifelerimiz","status":"publish","type":"product","link":"https:\/\/roveyayinevi.com.tr\/index.php\/urun\/insanlik-vazifelerimiz\/","title":{"rendered":"\u0130nsanl\u0131k Vazifelerimiz"},"content":{"rendered":"<p>Allah Te\u00e2l\u00e2n\u0131n yery\u00fcz\u00fcndeki halifesi olarak yarat\u0131lan insan, d\u00fcnyaya a\u00e7\u0131lan ilk canl\u0131d\u0131r. \u0130lk insan ayn\u0131 zamanda ilk peygamberdir.Allah, insan\u0131 en g\u00fczel ve en m\u00fckerrem bir \u015fekilde yaratm\u0131\u015ft\u0131r.Yery\u00fcz\u00fcndeki b\u00fct\u00fcn canl\u0131 ve cans\u0131z varl\u0131klar\u0131 insan\u0131n hizmeti i\u00e7in yaratan Allah (c.c.) insan\u0131 ak\u0131l, \u015fuur ve g\u00f6n\u00fcl sahibi k\u0131larak \u00fcst\u00fcn oldu\u011funu ispatlayacak nimetlere gark etmi\u015ftir. Bunun i\u00e7in insan\u0131n beden\u00ee, madd\u00ee m\u00fckemmelli\u011finin yan\u0131nda bir de ruh\u00ee m\u00fckemmelli\u011fi mevcuttur.\u0130nsana b\u00fct\u00fcn isimler \u00f6\u011fretilmi\u015ftir. \u0130nsan, Allah Te\u00e2l\u00e2n\u0131n l\u00fctfu ve inayeti sayesinde h\u00e2lini anlatan, ihtiya\u00e7lar\u0131n\u0131 g\u00f6rebilen, meden\u00ee ya\u015fay\u0131\u015fla huzur bulabilen bir ortama kavu\u015fmu\u015ftur. \u0130nsan olmak en b\u00fcy\u00fck nimettir.\u0130nsan\u0131n di\u011fer canl\u0131lardan farkl\u0131 olarak d\u00fczg\u00fcn ya\u015fayabilmesi, toplum hayat\u0131na, il\u00e2hi \u015fartlara uyabilmesi i\u00e7in baz\u0131 kurallar mevcuttur. \u0130nsan ba\u015f\u0131bo\u015f b\u0131rak\u0131lmam\u0131\u015ft\u0131r. \u0130nsan\u0131 yaratan y\u00fcce Yarat\u0131c\u0131, onun nas\u0131l hareket edece\u011fini \u00f6\u011freten rehberler ve planlar da l\u00fctfetmi\u015ftir. Allah Te\u00e2l\u00e2 insana o derece \u00f6nem vermi\u015ftir ki; y\u00fczyirmid\u00f6rtbin peygamber, d\u00f6rt b\u00fcy\u00fck kitap ve y\u00fcz suhuf hep insanl\u0131k i\u00e7in g\u00f6nderilmi\u015ftir.  Kutsal kitab\u0131nda her \u00e2yetini, her s\u00fbresini de\u011ferli insanl\u0131\u011fa yol g\u00f6steren bir k\u0131lavuz yapm\u0131\u015ft\u0131r.<\/p>\n","protected":false},"excerpt":{"rendered":"<p>Allah Te\u00e2l\u00e2n\u0131n yery\u00fcz\u00fcndeki halifesi olarak yarat\u0131lan insan, d\u00fcnyaya a\u00e7\u0131lan ilk canl\u0131d\u0131r. \u0130lk insan ayn\u0131 zamanda ilk peygamberdir.Allah, insan\u0131 en g\u00fczel ve en m\u00fckerrem bir \u015fekilde yaratm\u0131\u015ft\u0131r.Yery\u00fcz\u00fcndeki<span class=\"excerpt-hellip\"> [\u2026]<\/span><\/p>\n","protected":false},"featured_media":0,"template":"","meta":{"_monsterinsights_skip_tracking":false,"_monsterinsights_sitenote_active":false,"_monsterinsights_sitenote_note":"","_monsterinsights_sitenote_category":0},"product_brand":[],"product_cat":[16789,12718,12719],"product_tag":[],"class_list":{"0":"post-783667","1":"product","2":"type-product","3":"status-publish","5":"product_cat-diger-islam","6":"product_cat-din","7":"product_cat-islam","8":"pa_cilt-ciltsiz","9":"pa_tur-kitap","10":"pa_yayinevi-celik-yayinevi","11":"pa_yazar-ragip-guzel","13":"first","14":"instock","15":"sale","16":"shipping-taxable","17":"purchasable","18":"product-type-simple"},"_links":{"self":[{"href":"https:\/\/roveyayinevi.com.tr\/index.php\/wp-json\/wp\/v2\/product\/783667","targetHints":{"allow":["GET"]}}],"collection":[{"href":"https:\/\/roveyayinevi.com.tr\/index.php\/wp-json\/wp\/v2\/product"}],"about":[{"href":"https:\/\/roveyayinevi.com.tr\/index.php\/wp-json\/wp\/v2\/types\/product"}],"wp:attachment":[{"href":"https:\/\/roveyayinevi.com.tr\/index.php\/wp-json\/wp\/v2\/media?parent=783667"}],"wp:term":[{"taxonomy":"product_brand","embeddable":true,"href":"https:\/\/roveyayinevi.com.tr\/index.php\/wp-json\/wp\/v2\/product_brand?post=783667"},{"taxonomy":"product_cat","embeddable":true,"href":"https:\/\/roveyayinevi.com.tr\/index.php\/wp-json\/wp\/v2\/product_cat?post=783667"},{"taxonomy":"product_tag","embeddable":true,"href":"https:\/\/roveyayinevi.com.tr\/index.php\/wp-json\/wp\/v2\/product_tag?post=783667"}],"curies":[{"name":"wp","href":"https:\/\/api.w.org\/{rel}","templated":true}]}}