{"id":783666,"date":"2026-02-26T23:35:36","date_gmt":"2026-02-26T20:35:36","guid":{"rendered":"https:\/\/roveyayinevi.com.tr\/index.php\/urun\/abidler-yolu\/"},"modified":"2026-04-15T03:46:40","modified_gmt":"2026-04-15T00:46:40","slug":"abidler-yolu","status":"publish","type":"product","link":"https:\/\/roveyayinevi.com.tr\/index.php\/urun\/abidler-yolu\/","title":{"rendered":"Abidler Yolu"},"content":{"rendered":"<p>\u0130mam-\u0131 Gaz\u00e2li&#8217;nin &#8220;Minh\u00e2c\u00fc&#8217;l \u00c2bidin&#8221; orijinal isimli bu eserinde; kullar\u0131n, ibadetlerini hangi \u015fartlarda ve ne \u015fekilde yapacaklar\u0131, d\u00fcnya ve ahiret saadetine nas\u0131l eri\u015fecekleri a\u00e7\u0131klanmaktad\u0131r. \u0130lmin faziletinden, ihlas\u0131n \u00e7e\u015fitlerine; kalbi \u0131slah etmenin \u00e7arelerinden, \u015feytan\u0131 kahretmenin yollar\u0131na kadar bir\u00e7ok konuda a\u00e7\u0131klamalar yap\u0131lan bu kitap; &#8220;salih kullar\u0131n hayat ve ibadet \u00f6l\u00e7\u00fcleri&#8221; olarak da adland\u0131r\u0131labilir.Eser; Gazali gibi b\u00fcy\u00fck bir alim ve mutasavv\u0131f\u0131n kaleminden \u00e7\u0131km\u0131\u015ft\u0131r. Bu kadar\u0131 bile, bu kitab\u0131n her t\u00fcrl\u00fc tan\u0131mlaman\u0131n \u00fcst\u00fcnde ve kay\u0131ts\u0131z kal\u0131namayacak kadar nadide bir yap\u0131t oldu\u011funu g\u00f6stermektedir.<\/p>\n","protected":false},"excerpt":{"rendered":"<p>\u0130mam-\u0131 Gaz\u00e2li&#8217;nin &#8220;Minh\u00e2c\u00fc&#8217;l \u00c2bidin&#8221; orijinal isimli bu eserinde; kullar\u0131n, ibadetlerini hangi \u015fartlarda ve ne \u015fekilde yapacaklar\u0131, d\u00fcnya ve ahiret saadetine nas\u0131l eri\u015fecekleri a\u00e7\u0131klanmaktad\u0131r. \u0130lmin faziletinden, ihlas\u0131n<span class=\"excerpt-hellip\"> [\u2026]<\/span><\/p>\n","protected":false},"featured_media":0,"template":"","meta":{"_monsterinsights_skip_tracking":false,"_monsterinsights_sitenote_active":false,"_monsterinsights_sitenote_note":"","_monsterinsights_sitenote_category":0},"product_brand":[],"product_cat":[12718,12719,12720],"product_tag":[],"class_list":{"0":"post-783666","1":"product","2":"type-product","3":"status-publish","5":"product_cat-din","6":"product_cat-islam","7":"product_cat-tasavvuf-mezhepler-tarikatlar","8":"pa_cilt-ciltsiz","9":"pa_tur-kitap","10":"pa_yayinevi-celik-yayinevi","11":"pa_yazar-imam-i-gazali","13":"first","14":"instock","15":"sale","16":"shipping-taxable","17":"purchasable","18":"product-type-simple"},"_links":{"self":[{"href":"https:\/\/roveyayinevi.com.tr\/index.php\/wp-json\/wp\/v2\/product\/783666","targetHints":{"allow":["GET"]}}],"collection":[{"href":"https:\/\/roveyayinevi.com.tr\/index.php\/wp-json\/wp\/v2\/product"}],"about":[{"href":"https:\/\/roveyayinevi.com.tr\/index.php\/wp-json\/wp\/v2\/types\/product"}],"wp:attachment":[{"href":"https:\/\/roveyayinevi.com.tr\/index.php\/wp-json\/wp\/v2\/media?parent=783666"}],"wp:term":[{"taxonomy":"product_brand","embeddable":true,"href":"https:\/\/roveyayinevi.com.tr\/index.php\/wp-json\/wp\/v2\/product_brand?post=783666"},{"taxonomy":"product_cat","embeddable":true,"href":"https:\/\/roveyayinevi.com.tr\/index.php\/wp-json\/wp\/v2\/product_cat?post=783666"},{"taxonomy":"product_tag","embeddable":true,"href":"https:\/\/roveyayinevi.com.tr\/index.php\/wp-json\/wp\/v2\/product_tag?post=783666"}],"curies":[{"name":"wp","href":"https:\/\/api.w.org\/{rel}","templated":true}]}}