{"id":783665,"date":"2026-02-26T23:35:33","date_gmt":"2026-02-26T20:35:33","guid":{"rendered":"https:\/\/roveyayinevi.com.tr\/index.php\/urun\/alemlere-rahmet-hz-muhammed-a-s\/"},"modified":"2026-04-15T03:46:40","modified_gmt":"2026-04-15T00:46:40","slug":"alemlere-rahmet-hz-muhammed-a-s","status":"publish","type":"product","link":"https:\/\/roveyayinevi.com.tr\/index.php\/urun\/alemlere-rahmet-hz-muhammed-a-s\/","title":{"rendered":"Alemlere Rahmet Hz. Muhammed (A.S)"},"content":{"rendered":"<p>Kitaplar \u00e7\u0131k\u0131yor, kitaplar dolduruyor vitrinleri kiminin i\u00e7i nur ve \u0131\u015f\u0131k dolu. Kimi kara kara fikirlerin harman\u0131, kimi bill\u00fbr k\u00e2selerde sunulan zehir gibi insanl\u0131\u011f\u0131 mahvediyor.Fakat bu kitap: \u00c2lemlerin bile var olu\u015funa sebep olan\u0131n hayat\u0131&#8230; Sen olmasayd\u0131n, sen olmasayd\u0131n, bu \u00e2lemi yaratmazd\u0131m! hitab\u0131 izzetine mazhar olan Resuller Serverinin nur p\u00fcsk\u00fcrt\u00fcs\u00fc&#8230;Bu kitap: Hilkat\u0131n Fatihas\u0131, N\u00fcb\u00fcvvetin H\u00e2timesi, insaniyetin melce-i h\u00fcrriyet ve ad\u00e2letin b\u00e2nisi, ins-\u00fc Cinnin Peygamberi, Mahkeme-i K\u00fcbran\u0131n \u015eef\u00e2at T\u00e2c\u0131, Sidre-i M\u00fcntehan\u0131n hus\u00fbsi misafiri, mek\u00e2rimi ahl\u00e2k\u0131n m\u00fctemmimi, \u0130mam-\u00fcl Haremeyn, Res\u00fbl\u00fcssakaleyn, Cedd\u00fcl Hasaneynin g\u00fczelliklerinden bir demet sunuyor. Bu kitap: G\u00f6n\u00fcllerin saadet sermayesi, \u00e2\u015f\u0131klar\u0131n g\u00f6z ayd\u0131nl\u0131\u011f\u0131 ve irfan Cennetlerinin T\u00fbbalar\u0131ndan bir dal&#8230; Hem \u00f6yle bir dal ki, u\u00e7lar\u0131nda hakikat \u0131\u015f\u0131klar\u0131 yanmaktad\u0131r&#8230;.Yazana de\u011fil, yaz\u0131lanlara nazar edeceksiniz&#8230; Y\u00e2ni, Allah Sevgilisinin n\u00fbrunu yudumlayacaks\u0131n\u0131z&#8230; O ki \u00e2leme Rahmettir. O ki, Mah\u015ferin Reisi, \u00c2demo\u011flunun Efendisidir. Hamd \u00fc sen\u00e2 bayra\u011f\u0131 onun mukaddes elinde, Peygamberlerle beraber \u00fcmmetler onun g\u00f6lgesindedir.Sal\u00e2t ona, sel\u00e2m ona&#8230;<\/p>\n","protected":false},"excerpt":{"rendered":"<p>Kitaplar \u00e7\u0131k\u0131yor, kitaplar dolduruyor vitrinleri kiminin i\u00e7i nur ve \u0131\u015f\u0131k dolu. Kimi kara kara fikirlerin harman\u0131, kimi bill\u00fbr k\u00e2selerde sunulan zehir gibi insanl\u0131\u011f\u0131 mahvediyor.Fakat bu kitap:<span class=\"excerpt-hellip\"> [\u2026]<\/span><\/p>\n","protected":false},"featured_media":0,"template":"","meta":{"_monsterinsights_skip_tracking":false,"_monsterinsights_sitenote_active":false,"_monsterinsights_sitenote_note":"","_monsterinsights_sitenote_category":0},"product_brand":[],"product_cat":[12718,12719],"product_tag":[],"class_list":{"0":"post-783665","1":"product","2":"type-product","3":"status-publish","5":"product_cat-din","6":"product_cat-islam","7":"pa_cilt-ciltsiz","8":"pa_tur-kitap","9":"pa_yayinevi-celik-yayinevi","10":"pa_yazar-mustafa-necati-bursali","12":"first","13":"instock","14":"sale","15":"shipping-taxable","16":"purchasable","17":"product-type-simple"},"_links":{"self":[{"href":"https:\/\/roveyayinevi.com.tr\/index.php\/wp-json\/wp\/v2\/product\/783665","targetHints":{"allow":["GET"]}}],"collection":[{"href":"https:\/\/roveyayinevi.com.tr\/index.php\/wp-json\/wp\/v2\/product"}],"about":[{"href":"https:\/\/roveyayinevi.com.tr\/index.php\/wp-json\/wp\/v2\/types\/product"}],"wp:attachment":[{"href":"https:\/\/roveyayinevi.com.tr\/index.php\/wp-json\/wp\/v2\/media?parent=783665"}],"wp:term":[{"taxonomy":"product_brand","embeddable":true,"href":"https:\/\/roveyayinevi.com.tr\/index.php\/wp-json\/wp\/v2\/product_brand?post=783665"},{"taxonomy":"product_cat","embeddable":true,"href":"https:\/\/roveyayinevi.com.tr\/index.php\/wp-json\/wp\/v2\/product_cat?post=783665"},{"taxonomy":"product_tag","embeddable":true,"href":"https:\/\/roveyayinevi.com.tr\/index.php\/wp-json\/wp\/v2\/product_tag?post=783665"}],"curies":[{"name":"wp","href":"https:\/\/api.w.org\/{rel}","templated":true}]}}