{"id":783664,"date":"2026-02-26T23:35:31","date_gmt":"2026-02-26T20:35:31","guid":{"rendered":"https:\/\/roveyayinevi.com.tr\/index.php\/urun\/network-marketing-liderlik-sanati\/"},"modified":"2026-04-15T03:46:40","modified_gmt":"2026-04-15T00:46:40","slug":"network-marketing-liderlik-sanati","status":"publish","type":"product","link":"https:\/\/roveyayinevi.com.tr\/index.php\/urun\/network-marketing-liderlik-sanati\/","title":{"rendered":"Network Marketing Liderlik Sanat\u0131"},"content":{"rendered":"<p>Eski ABD Ba\u015fkan\u0131 Bill Clinton, ulusa sesleni\u015f konu\u015fmas\u0131nda Network Marketing yapanlara te\u015fekk\u00fcr etmi\u015f \u00fclkenin ekonomisinin geli\u015fmesinin Network Marketing sisteminde \u00e7al\u0131\u015fanlar sayesinde olu\u015fturdu\u011fu gizli istihdamdan bahsederek \u00fclke ekonomilerine katk\u0131s\u0131n\u0131 vurgulam\u0131\u015ft\u0131r.&#8221;Network Marketing d\u00fcnya tarihinin en b\u00fcy\u00fck f\u0131rsat\u0131d\u0131r&#8221;.-John Kalench-&#8220;Bug\u00fcne kadar yapt\u0131\u011f\u0131m en iyi yat\u0131r\u0131mlar.&#8221;-Warren Buffet-&#8220;Network Marketing kendinin finansal \u00f6zg\u00fcrl\u00fc\u011f\u00fcne a\u00e7\u0131lan kap\u0131n\u0131n anahtar\u0131 oldu\u011fu kan\u0131tlanm\u0131\u015ft\u0131r.&#8221;Donald Trump&#8217;a bir talkshow&#8217;da (Tonight Show) soruyorlar;&#8221;Her\u015feye s\u0131f\u0131rdan ba\u015flamak zorunda kalsayd\u0131n ne yapard\u0131n?&#8221; Cevab\u0131;&#8221;Network Marketing!&#8221;-Donald Trump-&#8220;Network Marketing, insanlara \u00e7ok k\u00fc\u00e7\u00fck risk ile sonsuz gelir sahibi olman\u0131n kap\u0131s\u0131n\u0131 a\u00e7an sihirli bir anahtard\u0131r.&#8221;-Robert Kiyosaki-&#8220;Ekonomi dergisinde Warren Buffet&#8217;\u0131n do\u011frudan sat\u0131\u015fa yat\u0131r\u0131m yapt\u0131\u011f\u0131n\u0131 duyunca, galiba bir \u015feyleri ka\u00e7\u0131r\u0131yorum diye i\u00e7imden ge\u00e7irdim.&#8221;-David Bach-&#8220;Network Marketing di\u011fer sekt\u00f6rlere nazaran en \u00e7ok milyoner \u00e7\u0131karan sekt\u00f6rd\u00fcr.&#8221;-Les Brown-<\/p>\n","protected":false},"excerpt":{"rendered":"<p>Eski ABD Ba\u015fkan\u0131 Bill Clinton, ulusa sesleni\u015f konu\u015fmas\u0131nda Network Marketing yapanlara te\u015fekk\u00fcr etmi\u015f \u00fclkenin ekonomisinin geli\u015fmesinin Network Marketing sisteminde \u00e7al\u0131\u015fanlar sayesinde olu\u015fturdu\u011fu gizli istihdamdan bahsederek \u00fclke<span class=\"excerpt-hellip\"> [\u2026]<\/span><\/p>\n","protected":false},"featured_media":0,"template":"","meta":{"_monsterinsights_skip_tracking":false,"_monsterinsights_sitenote_active":false,"_monsterinsights_sitenote_note":"","_monsterinsights_sitenote_category":0},"product_brand":[],"product_cat":[13043,17492],"product_tag":[],"class_list":{"0":"post-783664","1":"product","2":"type-product","3":"status-publish","5":"product_cat-ekonomi","6":"product_cat-pazarlama-satis-reklam","7":"pa_cilt-ciltsiz","8":"pa_tur-kitap","9":"pa_yayinevi-karma-kitaplar","10":"pa_yazar-senol-zehir","12":"first","13":"instock","14":"sale","15":"shipping-taxable","16":"purchasable","17":"product-type-simple"},"_links":{"self":[{"href":"https:\/\/roveyayinevi.com.tr\/index.php\/wp-json\/wp\/v2\/product\/783664","targetHints":{"allow":["GET"]}}],"collection":[{"href":"https:\/\/roveyayinevi.com.tr\/index.php\/wp-json\/wp\/v2\/product"}],"about":[{"href":"https:\/\/roveyayinevi.com.tr\/index.php\/wp-json\/wp\/v2\/types\/product"}],"wp:attachment":[{"href":"https:\/\/roveyayinevi.com.tr\/index.php\/wp-json\/wp\/v2\/media?parent=783664"}],"wp:term":[{"taxonomy":"product_brand","embeddable":true,"href":"https:\/\/roveyayinevi.com.tr\/index.php\/wp-json\/wp\/v2\/product_brand?post=783664"},{"taxonomy":"product_cat","embeddable":true,"href":"https:\/\/roveyayinevi.com.tr\/index.php\/wp-json\/wp\/v2\/product_cat?post=783664"},{"taxonomy":"product_tag","embeddable":true,"href":"https:\/\/roveyayinevi.com.tr\/index.php\/wp-json\/wp\/v2\/product_tag?post=783664"}],"curies":[{"name":"wp","href":"https:\/\/api.w.org\/{rel}","templated":true}]}}