{"id":783663,"date":"2026-02-26T23:35:28","date_gmt":"2026-02-26T20:35:28","guid":{"rendered":"https:\/\/roveyayinevi.com.tr\/index.php\/urun\/etkili-iletisimin-alti-yolu\/"},"modified":"2026-04-03T03:38:39","modified_gmt":"2026-04-03T00:38:39","slug":"etkili-iletisimin-alti-yolu","status":"publish","type":"product","link":"https:\/\/roveyayinevi.com.tr\/index.php\/urun\/etkili-iletisimin-alti-yolu\/","title":{"rendered":"Etkili \u0130leti\u015fimin Alt\u0131 Yolu"},"content":{"rendered":"<p>Bilge Simit\u00e7i, Amerikal\u0131lar bize hamburger satarsa, biz de onlara simit satar\u0131z anlay\u0131\u015f\u0131yla kurulan simit saraylar\u0131ndan ilham al\u0131narak yaz\u0131lm\u0131\u015f bir ki\u015fisel geli\u015fim \u00f6yk\u00fcs\u00fcd\u00fcr.Bu \u00f6yk\u00fcde, Bilge Simit\u00e7inin Amerikaya kadar uzanan \u00f6yk\u00fcs\u00fcn\u00fcn yan\u0131nda; Sevgi dillerini \u00f6\u011frenerek insanlara sevginin nas\u0131l sunulmas\u0131 gerekti\u011fini, \u0130nsan ki\u015filiklerini \u00f6\u011frenerek insanlarla daha iyi ileti\u015fim kurman\u0131n yollar\u0131n\u0131, Meta programlar\u0131 \u00f6\u011frenerek, nas\u0131l karar al\u0131nd\u0131\u011f\u0131n\u0131 ve motive olundu\u011funu, \u0130lgi odaklar\u0131n\u0131 \u00f6\u011frenerek odaklanma noktalar\u0131n\u0131n neler oldu\u011funu,Temsil sistemlerini \u00f6\u011frenerek g\u00f6rsel, i\u015fitsel, dokunsal alg\u0131lama bi\u00e7imlerini, \u00c7oklu zek\u00e2 kuram\u0131n\u0131 \u00f6\u011frenerek sekiz farkl\u0131 zek\u00e2 t\u00fcr\u00fcn\u00fcn \u00f6zelliklerini, \u0130nsanlarla ileti\u015fimin alt\u0131 yolunu \u00f6\u011frenerek hayat\u0131n\u0131za renk katacaks\u0131n\u0131z.<\/p>\n","protected":false},"excerpt":{"rendered":"<p>Bilge Simit\u00e7i, Amerikal\u0131lar bize hamburger satarsa, biz de onlara simit satar\u0131z anlay\u0131\u015f\u0131yla kurulan simit saraylar\u0131ndan ilham al\u0131narak yaz\u0131lm\u0131\u015f bir ki\u015fisel geli\u015fim \u00f6yk\u00fcs\u00fcd\u00fcr.Bu \u00f6yk\u00fcde, Bilge Simit\u00e7inin Amerikaya<span class=\"excerpt-hellip\"> [\u2026]<\/span><\/p>\n","protected":false},"featured_media":0,"template":"","meta":{"_monsterinsights_skip_tracking":false,"_monsterinsights_sitenote_active":false,"_monsterinsights_sitenote_note":"","_monsterinsights_sitenote_category":0},"product_brand":[],"product_cat":[12364,12376],"product_tag":[],"class_list":{"0":"post-783663","1":"product","2":"type-product","3":"status-publish","5":"product_cat-genel-konular","6":"product_cat-kisisel-gelisim","7":"pa_cilt-ciltsiz","8":"pa_tur-kitap","9":"pa_yayinevi-karma-kitaplar","10":"pa_yazar-oguz-saygin","12":"first","13":"instock","14":"sale","15":"shipping-taxable","16":"purchasable","17":"product-type-simple"},"_links":{"self":[{"href":"https:\/\/roveyayinevi.com.tr\/index.php\/wp-json\/wp\/v2\/product\/783663","targetHints":{"allow":["GET"]}}],"collection":[{"href":"https:\/\/roveyayinevi.com.tr\/index.php\/wp-json\/wp\/v2\/product"}],"about":[{"href":"https:\/\/roveyayinevi.com.tr\/index.php\/wp-json\/wp\/v2\/types\/product"}],"wp:attachment":[{"href":"https:\/\/roveyayinevi.com.tr\/index.php\/wp-json\/wp\/v2\/media?parent=783663"}],"wp:term":[{"taxonomy":"product_brand","embeddable":true,"href":"https:\/\/roveyayinevi.com.tr\/index.php\/wp-json\/wp\/v2\/product_brand?post=783663"},{"taxonomy":"product_cat","embeddable":true,"href":"https:\/\/roveyayinevi.com.tr\/index.php\/wp-json\/wp\/v2\/product_cat?post=783663"},{"taxonomy":"product_tag","embeddable":true,"href":"https:\/\/roveyayinevi.com.tr\/index.php\/wp-json\/wp\/v2\/product_tag?post=783663"}],"curies":[{"name":"wp","href":"https:\/\/api.w.org\/{rel}","templated":true}]}}