{"id":783661,"date":"2026-02-26T23:35:23","date_gmt":"2026-02-26T20:35:23","guid":{"rendered":"https:\/\/roveyayinevi.com.tr\/index.php\/urun\/arsin-golgesindeki-genc\/"},"modified":"2026-04-15T03:46:40","modified_gmt":"2026-04-15T00:46:40","slug":"arsin-golgesindeki-genc","status":"publish","type":"product","link":"https:\/\/roveyayinevi.com.tr\/index.php\/urun\/arsin-golgesindeki-genc\/","title":{"rendered":"Ar\u015f&#8217;\u0131n G\u00f6lgesindeki Gen\u00e7"},"content":{"rendered":"<p>&#8220;Res\u00fblullah sallallahu aleyhi ve sellem Medine&#8217;ye hicret etti\u011finde o, on bir ya\u015f\u0131ndayd\u0131. Yetimdi. M\u00fcbarek huzura getirildi, dua ald\u0131. O g\u00fcn ensardan biri oldu. On bir ya\u015f\u0131ndayken Kur&#8217;an&#8217;\u0131n \u00f6vd\u00fc\u011f\u00fc iki m\u00fcmin gruptan birine d\u00e2hildi. Hemen Kur&#8217;an&#8217;a sar\u0131ld\u0131, ezberlemeye ba\u015flad\u0131 onu. K\u0131sa bir zaman sonra yine huzura \u00e7\u0131kar\u0131ld\u0131. Onu huzura \u00e7\u0131karanlar &#8216;Bu \u00e7ocuk Kur&#8217;an&#8217;dan on yedi sure biliyor.&#8217; dediler. Res\u00fblullah dinledi onu, pek memnun oldu. Bedir g\u00fcn\u00fc, akrabalar\u0131yla cihada kat\u0131lmak istedi. Ya\u015f\u0131 k\u00fc\u00e7\u00fck, bedeni c\u0131l\u0131zd\u0131; kabul edilmedi. Ayn\u0131 \u015fey Uhud&#8217;da da oldu, orada da cihat yapmas\u0131 uygun g\u00f6r\u00fclmedi. Hendek&#8217;te ise \u00f6n\u00fc a\u00e7\u0131ld\u0131. M\u00fccahitler aras\u0131na kat\u0131ld\u0131. On alt\u0131 ya\u015f\u0131ndayd\u0131. Ondan sonra da bir daha geri kalmad\u0131 cihattan. Allah yolunda cihat eden ensar aras\u0131nda yerini ald\u0131. Yine m\u00fcbarek bir ziyaretle bir kere daha huzura \u00e7\u0131km\u0131\u015ft\u0131. Zek\u00e2s\u0131 ve himmeti Res\u00fblullah&#8217;\u0131n dikkatini \u00e7ekti. Buyurdu ki: \u0130\u015fte bir gen\u00e7!&#8221;<\/p>\n","protected":false},"excerpt":{"rendered":"<p>&#8220;Res\u00fblullah sallallahu aleyhi ve sellem Medine&#8217;ye hicret etti\u011finde o, on bir ya\u015f\u0131ndayd\u0131. Yetimdi. M\u00fcbarek huzura getirildi, dua ald\u0131. O g\u00fcn ensardan biri oldu. On bir ya\u015f\u0131ndayken<span class=\"excerpt-hellip\"> [\u2026]<\/span><\/p>\n","protected":false},"featured_media":0,"template":"","meta":{"_monsterinsights_skip_tracking":false,"_monsterinsights_sitenote_active":false,"_monsterinsights_sitenote_note":"","_monsterinsights_sitenote_category":0},"product_brand":[],"product_cat":[16789,12718,12719],"product_tag":[],"class_list":{"0":"post-783661","1":"product","2":"type-product","3":"status-publish","5":"product_cat-diger-islam","6":"product_cat-din","7":"product_cat-islam","8":"pa_cilt-ciltsiz","9":"pa_tur-kitap","10":"pa_yayinevi-tahlil-yayinlari","11":"pa_yazar-nureddin-yildiz","13":"first","14":"instock","15":"sale","16":"shipping-taxable","17":"purchasable","18":"product-type-simple"},"_links":{"self":[{"href":"https:\/\/roveyayinevi.com.tr\/index.php\/wp-json\/wp\/v2\/product\/783661","targetHints":{"allow":["GET"]}}],"collection":[{"href":"https:\/\/roveyayinevi.com.tr\/index.php\/wp-json\/wp\/v2\/product"}],"about":[{"href":"https:\/\/roveyayinevi.com.tr\/index.php\/wp-json\/wp\/v2\/types\/product"}],"wp:attachment":[{"href":"https:\/\/roveyayinevi.com.tr\/index.php\/wp-json\/wp\/v2\/media?parent=783661"}],"wp:term":[{"taxonomy":"product_brand","embeddable":true,"href":"https:\/\/roveyayinevi.com.tr\/index.php\/wp-json\/wp\/v2\/product_brand?post=783661"},{"taxonomy":"product_cat","embeddable":true,"href":"https:\/\/roveyayinevi.com.tr\/index.php\/wp-json\/wp\/v2\/product_cat?post=783661"},{"taxonomy":"product_tag","embeddable":true,"href":"https:\/\/roveyayinevi.com.tr\/index.php\/wp-json\/wp\/v2\/product_tag?post=783661"}],"curies":[{"name":"wp","href":"https:\/\/api.w.org\/{rel}","templated":true}]}}