{"id":783659,"date":"2026-02-26T23:35:15","date_gmt":"2026-02-26T20:35:15","guid":{"rendered":"https:\/\/roveyayinevi.com.tr\/index.php\/urun\/derdimiz-hayatetnometodolojik-fragmanlar\/"},"modified":"2026-04-15T03:46:40","modified_gmt":"2026-04-15T00:46:40","slug":"derdimiz-hayatetnometodolojik-fragmanlar","status":"publish","type":"product","link":"https:\/\/roveyayinevi.com.tr\/index.php\/urun\/derdimiz-hayatetnometodolojik-fragmanlar\/","title":{"rendered":"Derdimiz Hayat;Etnometodolojik Fragmanlar"},"content":{"rendered":"<p>I\u0307\u015fte mevzu anla\u015f\u0131ld\u0131 ve sonuc\u0327ta \u00fcc\u0327 a\u015fa\u011f\u0131 be\u015f yukar\u0131 bu duraklardan herkes gibi sen de gec\u0327eceksin. Belli ki kendi hayat\u0131n\u0131 m\u00fctemadiyen in\u015fa etmek bitmek t\u00fckenmek bilmeyen bir irade kullan\u0131m\u0131n\u0131 s\u00fcrekli tetikte duran bir havsalay\u0131 ve her daim kullan\u0131mda olan bir idrak b\u00fct\u00fcnl\u00fc\u011f\u00fcn\u00fc gerekli k\u0131l\u0131yor. E\u011fer b\u00fct\u00fcn bunlar\u0131n fark\u0131nda olarak bir ad\u0131m daha ileri atmaya mecalin heyecan ve hevesin varsa art\u0131k bil ki sen yeterlik d\u00fczeyi y\u00fcksek bir varl\u0131k iddias\u0131nda bulunmay\u0131 hak ediyorsun. D\u00fczg\u00fcn ve nitelikli bir \u00f6mre sahip olmak sayg\u0131n ve besleyici bir gerc\u0327eklik pe\u015finde t\u00fcrl\u00fc anlam ve iddialarla y\u00fczg\u00f6z olmak ic\u0327in asla gec\u0327 kalm\u0131\u015f say\u0131lmazs\u0131n. Nihayet akl\u0131n\u0131 g\u00f6nl\u00fcn\u00fc ve eline tutu\u015fturulan tecr\u00fcbeleri dikkate alarak peka\u0302la\u0302 \u00f6n\u00fcn\u00fc daha net g\u00f6rebilir arkanda \u015fimdiye kadar bir y\u00fck gibi duran denkleri g\u00fcc\u0327l\u00fc ve \u00fcretken bir haf\u0131za olarak hika\u0302yene ortak edebilirsin. Tersi de m\u00fcmk\u00fcn tabi. Haydi yolun ac\u0327\u0131k olsun.<\/p>\n","protected":false},"excerpt":{"rendered":"<p>I\u0307\u015fte mevzu anla\u015f\u0131ld\u0131 ve sonuc\u0327ta \u00fcc\u0327 a\u015fa\u011f\u0131 be\u015f yukar\u0131 bu duraklardan herkes gibi sen de gec\u0327eceksin. Belli ki kendi hayat\u0131n\u0131 m\u00fctemadiyen in\u015fa etmek bitmek t\u00fckenmek bilmeyen<span class=\"excerpt-hellip\"> [\u2026]<\/span><\/p>\n","protected":false},"featured_media":0,"template":"","meta":{"_monsterinsights_skip_tracking":false,"_monsterinsights_sitenote_active":false,"_monsterinsights_sitenote_note":"","_monsterinsights_sitenote_category":0},"product_brand":[],"product_cat":[12777,12291],"product_tag":[],"class_list":{"0":"post-783659","1":"product","2":"type-product","3":"status-publish","5":"product_cat-deneme","6":"product_cat-edebiyat","7":"pa_cilt-ciltsiz","8":"pa_tur-kitap","9":"pa_yayinevi-mahya-yayinlari","10":"pa_yazar-necdet-subasi","12":"first","13":"instock","14":"sale","15":"shipping-taxable","16":"purchasable","17":"product-type-simple"},"_links":{"self":[{"href":"https:\/\/roveyayinevi.com.tr\/index.php\/wp-json\/wp\/v2\/product\/783659","targetHints":{"allow":["GET"]}}],"collection":[{"href":"https:\/\/roveyayinevi.com.tr\/index.php\/wp-json\/wp\/v2\/product"}],"about":[{"href":"https:\/\/roveyayinevi.com.tr\/index.php\/wp-json\/wp\/v2\/types\/product"}],"wp:attachment":[{"href":"https:\/\/roveyayinevi.com.tr\/index.php\/wp-json\/wp\/v2\/media?parent=783659"}],"wp:term":[{"taxonomy":"product_brand","embeddable":true,"href":"https:\/\/roveyayinevi.com.tr\/index.php\/wp-json\/wp\/v2\/product_brand?post=783659"},{"taxonomy":"product_cat","embeddable":true,"href":"https:\/\/roveyayinevi.com.tr\/index.php\/wp-json\/wp\/v2\/product_cat?post=783659"},{"taxonomy":"product_tag","embeddable":true,"href":"https:\/\/roveyayinevi.com.tr\/index.php\/wp-json\/wp\/v2\/product_tag?post=783659"}],"curies":[{"name":"wp","href":"https:\/\/api.w.org\/{rel}","templated":true}]}}