{"id":783658,"date":"2026-02-26T23:35:13","date_gmt":"2026-02-26T20:35:13","guid":{"rendered":"https:\/\/roveyayinevi.com.tr\/index.php\/urun\/kohlberg-ve-ahlaki-gelisim-teorisi\/"},"modified":"2026-04-15T03:46:40","modified_gmt":"2026-04-15T00:46:40","slug":"kohlberg-ve-ahlaki-gelisim-teorisi","status":"publish","type":"product","link":"https:\/\/roveyayinevi.com.tr\/index.php\/urun\/kohlberg-ve-ahlaki-gelisim-teorisi\/","title":{"rendered":"Kohlberg ve Ahlaki Geli\u015fim Teorisi"},"content":{"rendered":"<p>\u0130nsan do\u011fas\u0131n\u0131n en \u00f6nemli unsurlar\u0131ndan biri geli\u015fim olgusudur. \u00c7\u00fcnk\u00fc insan hem bedenen hem de ruhen do\u011fan b\u00fcy\u00fcyen geli\u015fen de\u011fi\u015fen ve d\u00f6n\u00fc\u015fen bir varl\u0131kt\u0131r. Fiziksel olarak geli\u015fti\u011fimiz gibi duygusal zihinsel sosyal inanc\u0327 ve ahlaki olarak da geli\u015firiz. I\u0307nsanlar ahlaki olarak nas\u0131l geli\u015fir? Ahlak geli\u015fimi filozoflardan din e\u011fitimcilerine ebeveynlerden \u00f6\u011fretmenlere uzanan geni\u015f bir c\u0327evrenin zihnini c\u0327a\u011flar boyu me\u015fgul eden bir konudur. Ahlak geli\u015fimini belirleyen dinamikler nelerdir? F\u0131trat aile e\u011fitim din ve toplum gibi fakt\u00f6rlerden hangisi daha etkilidir? Geli\u015fim psikolojisinde bu temel sorular\u0131 ele alan en tan\u0131nm\u0131\u015f psikolog Lawrence Kohlberg&#8217;dir. Ya\u015fad\u0131\u011f\u0131 ki\u015fisel bir ahlaki ikilem \u00fczerine konuya merak saran Kohlberg ilham\u0131n\u0131 Eflatun Kant John Dewey ve Jean Piaget gibi duayen isimlerden alarak bir ahlak geli\u015fim kuram\u0131 ileri s\u00fcrm\u00fc\u015ft\u00fcr. Kohlberg&#8217;in \u00fc\u00e7 (3) seviye alt\u0131 (6) a\u015famal\u0131 bu kuram\u0131 gerek psikoloji disiplini b\u00fcnyesinde gerek ahlak felsefesinde ba\u011f\u0131ms\u0131z yeni bir alan olu\u015fturmaktad\u0131r. Kant gelene\u011finin psikolojideki yans\u0131mas\u0131 niteli\u011finde olan Kohlberg&#8217;in \u00e7al\u0131\u015fmalar\u0131 ve kuram\u0131 Ahlak Psikolojisinde etkisi g\u00fcn\u00fcm\u00fcze kadar devam eden bir dinamizm olu\u015fturmu\u015f olumlu olumsuz \u00e7ok say\u0131da ele\u015ftirinin oda\u011f\u0131 haline gelmi\u015ftir. Lawrence Kohlberg&#8217;in baz\u0131 \u00f6nemli makalelerinin T\u00fcrk\u00e7e \u00e7evirisini i\u00e7eren bu derleme \u00e7al\u0131\u015fmas\u0131 ayn\u0131 zamanda Kohlberg&#8217;in kuram\u0131 \u00fczerine yaz\u0131lm\u0131\u015f yerli ve yabanc\u0131 baz\u0131 de\u011ferlendirmelere de yer vermektedir. Elinizdeki eser Ahlak Psikolojisi e\u011fitim din ve de\u011ferler e\u011fitimi gibi alanlarda \u00e7al\u0131\u015fma yapanlar i\u00e7in \u00f6nemli bir kaynak niteli\u011finde olup ufuk a\u00e7\u0131c\u0131 yakla\u015f\u0131mlar sunmaktad\u0131r.<\/p>\n","protected":false},"excerpt":{"rendered":"<p>\u0130nsan do\u011fas\u0131n\u0131n en \u00f6nemli unsurlar\u0131ndan biri geli\u015fim olgusudur. \u00c7\u00fcnk\u00fc insan hem bedenen hem de ruhen do\u011fan b\u00fcy\u00fcyen geli\u015fen de\u011fi\u015fen ve d\u00f6n\u00fc\u015fen bir varl\u0131kt\u0131r. Fiziksel olarak geli\u015fti\u011fimiz<span class=\"excerpt-hellip\"> [\u2026]<\/span><\/p>\n","protected":false},"featured_media":0,"template":"","meta":{"_monsterinsights_skip_tracking":false,"_monsterinsights_sitenote_active":false,"_monsterinsights_sitenote_note":"","_monsterinsights_sitenote_category":0},"product_brand":[],"product_cat":[16038,12388],"product_tag":[],"class_list":{"0":"post-783658","1":"product","2":"type-product","3":"status-publish","5":"product_cat-arastirma-inceleme-referans-felsefe","6":"product_cat-felsefe","7":"pa_cilt-ciltsiz","8":"pa_tur-kitap","9":"pa_yayinevi-mahya-yayinlari","10":"pa_yazar-hamit-er","12":"first","13":"instock","14":"sale","15":"shipping-taxable","16":"purchasable","17":"product-type-simple"},"_links":{"self":[{"href":"https:\/\/roveyayinevi.com.tr\/index.php\/wp-json\/wp\/v2\/product\/783658","targetHints":{"allow":["GET"]}}],"collection":[{"href":"https:\/\/roveyayinevi.com.tr\/index.php\/wp-json\/wp\/v2\/product"}],"about":[{"href":"https:\/\/roveyayinevi.com.tr\/index.php\/wp-json\/wp\/v2\/types\/product"}],"wp:attachment":[{"href":"https:\/\/roveyayinevi.com.tr\/index.php\/wp-json\/wp\/v2\/media?parent=783658"}],"wp:term":[{"taxonomy":"product_brand","embeddable":true,"href":"https:\/\/roveyayinevi.com.tr\/index.php\/wp-json\/wp\/v2\/product_brand?post=783658"},{"taxonomy":"product_cat","embeddable":true,"href":"https:\/\/roveyayinevi.com.tr\/index.php\/wp-json\/wp\/v2\/product_cat?post=783658"},{"taxonomy":"product_tag","embeddable":true,"href":"https:\/\/roveyayinevi.com.tr\/index.php\/wp-json\/wp\/v2\/product_tag?post=783658"}],"curies":[{"name":"wp","href":"https:\/\/api.w.org\/{rel}","templated":true}]}}