{"id":783656,"date":"2026-02-26T23:35:07","date_gmt":"2026-02-26T20:35:07","guid":{"rendered":"https:\/\/roveyayinevi.com.tr\/index.php\/urun\/ihtilaf-farkin-farkindaligi\/"},"modified":"2026-04-15T03:46:40","modified_gmt":"2026-04-15T00:46:40","slug":"ihtilaf-farkin-farkindaligi","status":"publish","type":"product","link":"https:\/\/roveyayinevi.com.tr\/index.php\/urun\/ihtilaf-farkin-farkindaligi\/","title":{"rendered":"\u0130htilaf; Fark\u0131n Fark\u0131ndal\u0131\u011f\u0131"},"content":{"rendered":"<p>\u0130slam d\u00fcnyas\u0131nda M\u00fcsl\u00fcmanlar aras\u0131ndaki anla\u015fmazl\u0131klar\u0131 uzla\u015ft\u0131rma ve \u0130slam medeniyetini yeniden canland\u0131rma \u00e7abalar\u0131n\u0131n filizlendi\u011fi bir d\u00f6nemde kar\u015f\u0131m\u0131za \u00e7\u0131kan en b\u00fcy\u00fck engelin, genellikle dini ve siyasi ihtilaflar oldu\u011fu bilinmektedir. Bu ihtilaflar giderilmedik\u00e7e arzulanan hedeflere ula\u015f\u0131lmas\u0131 bir hayal olmaktan \u00f6teye ge\u00e7emeyecektir.As\u0131rlard\u0131r neden oldu\u011fu ac\u0131lar\u0131n, \u00fcmmetin haf\u0131zas\u0131ndaki tazeli\u011fini h\u00e2l\u00e2 korudu\u011funu d\u00fc\u015f\u00fcnd\u00fc\u011f\u00fcm\u00fczde, ihtilaf\u0131n zihinlerimizdeki yeri hi\u00e7 de iyi de\u011fildir.Alvani, ihtilaf\u0131n \u0130slam&#8217;\u0131n ilk d\u00f6nemlerinde nas\u0131l alg\u0131land\u0131\u011f\u0131n\u0131 ve toplumdaki yans\u0131malar\u0131n\u0131 de\u011ferlendirerek ihtilaf\u0131n bizatihi k\u00f6t\u00fc olmad\u0131\u011f\u0131n\u0131, ancak al\u00e7ak g\u00f6n\u00fcll\u00fcl\u00fck, samimi d\u00fc\u015f\u00fcnce ve ciddi \u00e7al\u0131\u015fma esas\u0131na dayanmas\u0131 gerekti\u011fi mesaj\u0131n\u0131 veriyor. Olumlu y\u00f6nlerine \u0131\u015f\u0131k tutuyor ve ilk M\u00fcsl\u00fcman nesillerin, ihtilaf\u0131 \u00fcmmete bereket ve canl\u0131l\u0131k getirmekte nas\u0131l de\u011ferlendirdiklerini g\u00f6steriyor. \u0130slam medeniyetinin ihyas\u0131 i\u00e7in, M\u00fcsl\u00fcmanlar\u0131n ihtilafta uzla\u015fma becerisini ve ahlak\u0131n\u0131 yeniden \u00f6\u011frenmeleri ve ayr\u0131l\u0131k\u00e7\u0131 sorunlarla ba\u015fa \u00e7\u0131kmada daha yetkin hale gelmeleri gerekti\u011finin alt\u0131n\u0131 \u00e7iziyor.<\/p>\n","protected":false},"excerpt":{"rendered":"<p>\u0130slam d\u00fcnyas\u0131nda M\u00fcsl\u00fcmanlar aras\u0131ndaki anla\u015fmazl\u0131klar\u0131 uzla\u015ft\u0131rma ve \u0130slam medeniyetini yeniden canland\u0131rma \u00e7abalar\u0131n\u0131n filizlendi\u011fi bir d\u00f6nemde kar\u015f\u0131m\u0131za \u00e7\u0131kan en b\u00fcy\u00fck engelin, genellikle dini ve siyasi ihtilaflar oldu\u011fu<span class=\"excerpt-hellip\"> [\u2026]<\/span><\/p>\n","protected":false},"featured_media":0,"template":"","meta":{"_monsterinsights_skip_tracking":false,"_monsterinsights_sitenote_active":false,"_monsterinsights_sitenote_note":"","_monsterinsights_sitenote_category":0},"product_brand":[],"product_cat":[12718,12719,13025],"product_tag":[],"class_list":{"0":"post-783656","1":"product","2":"type-product","3":"status-publish","5":"product_cat-din","6":"product_cat-islam","7":"product_cat-islam-ve-gunumuz-islam-dusuncesi","8":"pa_cilt-ciltsiz","9":"pa_tur-kitap","10":"pa_yayinevi-mahya-yayinlari","11":"pa_yazar-taha-cabir-alvani","13":"first","14":"instock","15":"sale","16":"shipping-taxable","17":"purchasable","18":"product-type-simple"},"_links":{"self":[{"href":"https:\/\/roveyayinevi.com.tr\/index.php\/wp-json\/wp\/v2\/product\/783656","targetHints":{"allow":["GET"]}}],"collection":[{"href":"https:\/\/roveyayinevi.com.tr\/index.php\/wp-json\/wp\/v2\/product"}],"about":[{"href":"https:\/\/roveyayinevi.com.tr\/index.php\/wp-json\/wp\/v2\/types\/product"}],"wp:attachment":[{"href":"https:\/\/roveyayinevi.com.tr\/index.php\/wp-json\/wp\/v2\/media?parent=783656"}],"wp:term":[{"taxonomy":"product_brand","embeddable":true,"href":"https:\/\/roveyayinevi.com.tr\/index.php\/wp-json\/wp\/v2\/product_brand?post=783656"},{"taxonomy":"product_cat","embeddable":true,"href":"https:\/\/roveyayinevi.com.tr\/index.php\/wp-json\/wp\/v2\/product_cat?post=783656"},{"taxonomy":"product_tag","embeddable":true,"href":"https:\/\/roveyayinevi.com.tr\/index.php\/wp-json\/wp\/v2\/product_tag?post=783656"}],"curies":[{"name":"wp","href":"https:\/\/api.w.org\/{rel}","templated":true}]}}