{"id":783654,"date":"2026-02-26T23:35:02","date_gmt":"2026-02-26T20:35:02","guid":{"rendered":"https:\/\/roveyayinevi.com.tr\/index.php\/urun\/pasif-iyiden-aktif-iyiye-kuran-neslinin-insasi-icin\/"},"modified":"2026-04-15T03:46:39","modified_gmt":"2026-04-15T00:46:39","slug":"pasif-iyiden-aktif-iyiye-kuran-neslinin-insasi-icin","status":"publish","type":"product","link":"https:\/\/roveyayinevi.com.tr\/index.php\/urun\/pasif-iyiden-aktif-iyiye-kuran-neslinin-insasi-icin\/","title":{"rendered":"Pasif \u0130yiden Aktif \u0130yiye; Kur&#8217;an Neslinin \u0130n\u015fas\u0131 \u0130\u00e7in"},"content":{"rendered":"<p>Kalk ve uyar emrinin ilk muhatab\u0131na, \u00f6nceleri el-em\u00een\/g\u00fcvenilir denilirken, sonralar\u0131 neden el-mecn\u00fbn\/deli denildi? Neden \u00f6nceleri \u00f6v\u00fcl\u00fcrken, sonralar\u0131 s\u00f6v\u00fcld\u00fc? Neden \u00f6nceleri sevilirken, sonralar\u0131 d\u00f6v\u00fcld\u00fc, hatta hayat\u0131na kastedildi? Bunun bir tek cevab\u0131 var: Pasif iyi olmaktan \u00e7\u0131k\u0131p, aktif iyi oldu. Pasif iyilerin g\u00f6z ard\u0131 ettikleri bir ger\u00e7ek var: \u0130yili\u011fin pasif oldu\u011fu her yerde, k\u00f6t\u00fcl\u00fck kendili\u011finden aktif hale geliyor. Bu, k\u00f6t\u00fcl\u00fc\u011f\u00fcn tabiat\u0131 icab\u0131d\u0131r. K\u00f6t\u00fcl\u00fck karanl\u0131k gibidir. Bizatihi var de\u011fildir. Ayd\u0131nl\u0131\u011f\u0131n yoklu\u011fu halidir. Soruyorum kendi kendime: \u0130yilerin t\u00fcm\u00fcn\u00fcn pasif oldu\u011fu bir d\u00fcnyada, iyilik ya\u015far m\u0131yd\u0131?Cevab\u0131m asla oluyor. Zira f\u0131trat iyi \u00fczerine formatlanm\u0131\u015ft\u0131r. Hazreti insan, en iyidir. En iyi bozulunca, en k\u00f6t\u00fc olur. Yatan iyi olmak yetmez. Zira pasif iyi, iyi de\u011fildir. Her pasif iyi, aktif k\u00f6t\u00fcn\u00fcn te\u015fvik\u00e7isidir. En yaman \u00e7eli\u015fkilerden biri de, pasif iyilerin aktif k\u00f6t\u00fclerden \u015fik\u00e2yet etmesidir. Birileri \u00e7\u0131k\u0131p, onlara, Sayenizde beyim demeli.<\/p>\n","protected":false},"excerpt":{"rendered":"<p>Kalk ve uyar emrinin ilk muhatab\u0131na, \u00f6nceleri el-em\u00een\/g\u00fcvenilir denilirken, sonralar\u0131 neden el-mecn\u00fbn\/deli denildi? Neden \u00f6nceleri \u00f6v\u00fcl\u00fcrken, sonralar\u0131 s\u00f6v\u00fcld\u00fc? Neden \u00f6nceleri sevilirken, sonralar\u0131 d\u00f6v\u00fcld\u00fc, hatta hayat\u0131na kastedildi?<span class=\"excerpt-hellip\"> [\u2026]<\/span><\/p>\n","protected":false},"featured_media":0,"template":"","meta":{"_monsterinsights_skip_tracking":false,"_monsterinsights_sitenote_active":false,"_monsterinsights_sitenote_note":"","_monsterinsights_sitenote_category":0},"product_brand":[],"product_cat":[16789,12718,12719],"product_tag":[],"class_list":{"0":"post-783654","1":"product","2":"type-product","3":"status-publish","5":"product_cat-diger-islam","6":"product_cat-din","7":"product_cat-islam","8":"pa_cilt-ciltsiz","9":"pa_tur-kitap","10":"pa_yayinevi-dusun-yayincilik","11":"pa_yazar-mustafa-islamoglu","13":"first","14":"instock","15":"sale","16":"shipping-taxable","17":"purchasable","18":"product-type-simple"},"_links":{"self":[{"href":"https:\/\/roveyayinevi.com.tr\/index.php\/wp-json\/wp\/v2\/product\/783654","targetHints":{"allow":["GET"]}}],"collection":[{"href":"https:\/\/roveyayinevi.com.tr\/index.php\/wp-json\/wp\/v2\/product"}],"about":[{"href":"https:\/\/roveyayinevi.com.tr\/index.php\/wp-json\/wp\/v2\/types\/product"}],"wp:attachment":[{"href":"https:\/\/roveyayinevi.com.tr\/index.php\/wp-json\/wp\/v2\/media?parent=783654"}],"wp:term":[{"taxonomy":"product_brand","embeddable":true,"href":"https:\/\/roveyayinevi.com.tr\/index.php\/wp-json\/wp\/v2\/product_brand?post=783654"},{"taxonomy":"product_cat","embeddable":true,"href":"https:\/\/roveyayinevi.com.tr\/index.php\/wp-json\/wp\/v2\/product_cat?post=783654"},{"taxonomy":"product_tag","embeddable":true,"href":"https:\/\/roveyayinevi.com.tr\/index.php\/wp-json\/wp\/v2\/product_tag?post=783654"}],"curies":[{"name":"wp","href":"https:\/\/api.w.org\/{rel}","templated":true}]}}