{"id":783653,"date":"2026-02-26T23:35:00","date_gmt":"2026-02-26T20:35:00","guid":{"rendered":"https:\/\/roveyayinevi.com.tr\/index.php\/urun\/imamlar-ve-sultanlar\/"},"modified":"2026-04-15T03:46:39","modified_gmt":"2026-04-15T00:46:39","slug":"imamlar-ve-sultanlar","status":"publish","type":"product","link":"https:\/\/roveyayinevi.com.tr\/index.php\/urun\/imamlar-ve-sultanlar\/","title":{"rendered":"\u0130mamlar ve Sultanlar"},"content":{"rendered":"<p>\u0130nsanlar &#8220;kuru et yiyen bir kad\u0131n\u0131n o\u011flu&#8221; olan bir peygamber yerine, elmas ta\u00e7l\u0131, s\u0131rma kaftanl\u0131 bir &#8220;Peygamber&#8221; tasavvur ediyorlard\u0131. Yaln\u0131z tasavvur etmekle kalm\u0131yorlar, \u00f6mr\u00fc boyunca bunlardan nefret eden ve uzak duran Nebi&#8217;den geriye kalan hat\u0131ray\u0131 bu tasavvura uygun aksesuarlarla s\u00fcsl\u00fcyorlard\u0131. Yani insanlar &#8220;bir kul gibi yeyip bir kul gibi ya\u015fayan&#8221; bir peygambere inanmak yerine, tasavvurlar\u0131nda kayser ve kisra&#8217;ya benzettikleri bir peygambere inanmay\u0131 ye\u011fliyorlard\u0131. \u00d6zetle insanlar &#8220;bir kul gibi ya\u015famak&#8221;tan daha \u00e7ok &#8220;kayser ve kisra gibi ya\u015famaya&#8221; taliptiler. Kendi hayatlar\u0131n\u0131 Peygamber&#8217;e uydurmak istemeyenler, Peygamber&#8217;i ve onun tebli\u011f etti\u011fi dini kendi tasavvurlar\u0131ndaki hayata uyduruyorlard\u0131. Bu &#8220;uydurma&#8221; i\u015flemi &#8220;Hilafet, \u0130slam Devleti&#8221; gibi kavramlar\u0131 da kapsam\u0131na al\u0131yordu. Bu nedenle siyaset sahnesine f\u0131rlayan m\u00fcsl\u00fcmanlar kendilerine peygamberin &#8220;kul&#8221; siyasetini de\u011fil, insanlara &#8220;kullar\u0131m&#8221; demeye al\u0131\u015fm\u0131\u015f sulta sahiplerinin &#8220;piramit\u00e7i&#8221; siyasetini \u00f6rnek al\u0131yorlar, kafalar\u0131ndaki &#8220;devlet&#8221; d\u00fc\u015f\u00fcncesini ona g\u00f6re \u015fekillendiriyorlard\u0131.<\/p>\n","protected":false},"excerpt":{"rendered":"<p>\u0130nsanlar &#8220;kuru et yiyen bir kad\u0131n\u0131n o\u011flu&#8221; olan bir peygamber yerine, elmas ta\u00e7l\u0131, s\u0131rma kaftanl\u0131 bir &#8220;Peygamber&#8221; tasavvur ediyorlard\u0131. Yaln\u0131z tasavvur etmekle kalm\u0131yorlar, \u00f6mr\u00fc boyunca bunlardan<span class=\"excerpt-hellip\"> [\u2026]<\/span><\/p>\n","protected":false},"featured_media":0,"template":"","meta":{"_monsterinsights_skip_tracking":false,"_monsterinsights_sitenote_active":false,"_monsterinsights_sitenote_note":"","_monsterinsights_sitenote_category":0},"product_brand":[],"product_cat":[16789,12718,12719],"product_tag":[],"class_list":{"0":"post-783653","1":"product","2":"type-product","3":"status-publish","5":"product_cat-diger-islam","6":"product_cat-din","7":"product_cat-islam","8":"pa_cilt-ciltsiz","9":"pa_tur-kitap","10":"pa_yayinevi-dusun-yayincilik","11":"pa_yazar-mustafa-islamoglu","13":"first","14":"instock","15":"sale","16":"shipping-taxable","17":"purchasable","18":"product-type-simple"},"_links":{"self":[{"href":"https:\/\/roveyayinevi.com.tr\/index.php\/wp-json\/wp\/v2\/product\/783653","targetHints":{"allow":["GET"]}}],"collection":[{"href":"https:\/\/roveyayinevi.com.tr\/index.php\/wp-json\/wp\/v2\/product"}],"about":[{"href":"https:\/\/roveyayinevi.com.tr\/index.php\/wp-json\/wp\/v2\/types\/product"}],"wp:attachment":[{"href":"https:\/\/roveyayinevi.com.tr\/index.php\/wp-json\/wp\/v2\/media?parent=783653"}],"wp:term":[{"taxonomy":"product_brand","embeddable":true,"href":"https:\/\/roveyayinevi.com.tr\/index.php\/wp-json\/wp\/v2\/product_brand?post=783653"},{"taxonomy":"product_cat","embeddable":true,"href":"https:\/\/roveyayinevi.com.tr\/index.php\/wp-json\/wp\/v2\/product_cat?post=783653"},{"taxonomy":"product_tag","embeddable":true,"href":"https:\/\/roveyayinevi.com.tr\/index.php\/wp-json\/wp\/v2\/product_tag?post=783653"}],"curies":[{"name":"wp","href":"https:\/\/api.w.org\/{rel}","templated":true}]}}