{"id":783651,"date":"2026-02-26T23:34:55","date_gmt":"2026-02-26T20:34:55","guid":{"rendered":"https:\/\/roveyayinevi.com.tr\/index.php\/urun\/kurana-gore-kabir-azabi\/"},"modified":"2026-04-15T03:46:39","modified_gmt":"2026-04-15T00:46:39","slug":"kurana-gore-kabir-azabi","status":"publish","type":"product","link":"https:\/\/roveyayinevi.com.tr\/index.php\/urun\/kurana-gore-kabir-azabi\/","title":{"rendered":"Kur&#8217;\u00e2n&#8217;a G\u00f6re Kabir Azab\u0131"},"content":{"rendered":"<p>&#8220;\u00d6l\u00fcm sonras\u0131nda ne olacakt\u0131r? Kabirde hayat var m\u0131d\u0131r?Buna inanmak iman\u0131n bir gere\u011fi midir? Kabirde hayat varsa bir sorgulama ve yarg\u0131lama yap\u0131lacak m\u0131d\u0131r? Oradaki yarg\u0131lama sonras\u0131 bir azap ya da \u00f6d\u00fcllendirme olacak m\u0131d\u0131r? Olacaksa bu bedene mi, ruha m\u0131, yoksa her ikisine y\u00f6nelik mi ger\u00e7ekle\u015ftirilecektir?E\u011fer kabirde sorgulama olacaksa \u00e2hiretteki diriltilmede ikinci bir sorgulama olacak m\u0131d\u0131r? Zaten kabirde bir sorgulama yap\u0131l\u0131p kar\u015f\u0131l\u0131\u011f\u0131 verildi\u011fine g\u00f6re ikinci sorgulaman\u0131n anlam\u0131 vegerek\u00e7esi nedir?&#8221; gibi kabir ve kabir azab\u0131na dair birtak\u0131m sorulara cevap niteli\u011fi ta\u015f\u0131yan bu eser, alan\u0131nda \u00f6nemli bir bo\u015flu\u011fu doldurmaktad\u0131r.<\/p>\n","protected":false},"excerpt":{"rendered":"<p>&#8220;\u00d6l\u00fcm sonras\u0131nda ne olacakt\u0131r? Kabirde hayat var m\u0131d\u0131r?Buna inanmak iman\u0131n bir gere\u011fi midir? Kabirde hayat varsa bir sorgulama ve yarg\u0131lama yap\u0131lacak m\u0131d\u0131r? Oradaki yarg\u0131lama sonras\u0131 bir<span class=\"excerpt-hellip\"> [\u2026]<\/span><\/p>\n","protected":false},"featured_media":0,"template":"","meta":{"_monsterinsights_skip_tracking":false,"_monsterinsights_sitenote_active":false,"_monsterinsights_sitenote_note":"","_monsterinsights_sitenote_category":0},"product_brand":[],"product_cat":[12718,12719,17284],"product_tag":[],"class_list":{"0":"post-783651","1":"product","2":"type-product","3":"status-publish","5":"product_cat-din","6":"product_cat-islam","7":"product_cat-kuran-ve-kuran-uzerine","8":"pa_cilt-ciltsiz","9":"pa_tur-kitap","10":"pa_yayinevi-dusun-yayincilik","11":"pa_yazar-mehmet-okuyan","13":"first","14":"instock","15":"sale","16":"shipping-taxable","17":"purchasable","18":"product-type-simple"},"_links":{"self":[{"href":"https:\/\/roveyayinevi.com.tr\/index.php\/wp-json\/wp\/v2\/product\/783651","targetHints":{"allow":["GET"]}}],"collection":[{"href":"https:\/\/roveyayinevi.com.tr\/index.php\/wp-json\/wp\/v2\/product"}],"about":[{"href":"https:\/\/roveyayinevi.com.tr\/index.php\/wp-json\/wp\/v2\/types\/product"}],"wp:attachment":[{"href":"https:\/\/roveyayinevi.com.tr\/index.php\/wp-json\/wp\/v2\/media?parent=783651"}],"wp:term":[{"taxonomy":"product_brand","embeddable":true,"href":"https:\/\/roveyayinevi.com.tr\/index.php\/wp-json\/wp\/v2\/product_brand?post=783651"},{"taxonomy":"product_cat","embeddable":true,"href":"https:\/\/roveyayinevi.com.tr\/index.php\/wp-json\/wp\/v2\/product_cat?post=783651"},{"taxonomy":"product_tag","embeddable":true,"href":"https:\/\/roveyayinevi.com.tr\/index.php\/wp-json\/wp\/v2\/product_tag?post=783651"}],"curies":[{"name":"wp","href":"https:\/\/api.w.org\/{rel}","templated":true}]}}