{"id":783650,"date":"2026-02-26T23:34:52","date_gmt":"2026-02-26T20:34:52","guid":{"rendered":"https:\/\/roveyayinevi.com.tr\/index.php\/urun\/quest-ce-que-lislam-islam-nedir-fransizcaavez-vous-deja-interrogele-coran-a-ce-sujet\/"},"modified":"2026-04-15T03:46:39","modified_gmt":"2026-04-15T00:46:39","slug":"quest-ce-que-lislam-islam-nedir-fransizcaavez-vous-deja-interrogele-coran-a-ce-sujet","status":"publish","type":"product","link":"https:\/\/roveyayinevi.com.tr\/index.php\/urun\/quest-ce-que-lislam-islam-nedir-fransizcaavez-vous-deja-interrogele-coran-a-ce-sujet\/","title":{"rendered":"Qu\u2019Est-Ce Que L\u2019Islam\u00a0?  (\u0130slam Nedir? Frans\u0131zca);Avez-vous d\u00e9j\u00e0 interrog\u00e9\u2019le Coran \u00e0 ce sujet?"},"content":{"rendered":"<p>L&#8217;Humanit\u00e9 est confront\u00e9e \u00e0 une croissance des plus frappantes, \u00e0 des perturbations soci\u00e9tales les plus profondes et \u00e0 une nouvelle restructuration plus  qu\u2019int\u00e9ressante. Il n&#8217;y a pas d&#8217;ennemi de l&#8217;Islam sur terre, mais il y a ceux qui ne le connaissent pas. Ceux qui agissent comme ennemis envers l&#8217;Islam, en fait, ils sont hostiles envers les musulmans, et non envers l&#8217;Islam lui-m\u00eame. Et la cause de cette situation, ce sont les musulmans eux-m\u00eames. Car ils n\u2019ont pas pu repr\u00e9senter leur croyance comme il faut. Et c\u2019est pour cela que le probl\u00e8me prioritaire n\u2019est pas que les non-musulmans deviennent  musulmans, mais que les musulmans puissent le devenir v\u00e9ritablement, pour employer un n\u00e9ologisme, \u00ab se musulmaniser \u00bb.Il ne faut pas confondre l&#8217;Islam et les Musulmans. Car la Tradition islamique mise en place par les Musulmans et l\u2019Islam ne sont pas la m\u00eame chose. Par ailleurs, l\u2019Islam est une chose et la Civilisation islamique produite par la main des hommes au cours de  l&#8217;Histoire est autre chose.Par cons\u00e9quent, le livre que vous d\u00e9tenez entre les mains, propose une approche qui tient  compte de ces questions sensibles.Que celui qui se veut partisan de l\u2019Islam, qu\u2019il le soit avec une preuve \u00e9vidente, et que celui qui s\u2019affiche contre l\u2019Islam, lui soit contre sur base de preuve \u00e9vidente. Peu importe le choix que l&#8217;Homme puisse faire, qu\u2019il effectue son choix de mani\u00e8re consciente.L&#8217;objectif poursuivi par cet ouvrage est d&#8217;aider, ceux qui le souhaitent, \u00e0 en savoir plus sur l&#8217;Islam. Une personne n\u2019est-elle pas ennemie de ce qu\u2019elle ignore ?Avec le souhait et l\u2019espoir de pouvoir vivre dans un monde o\u00f9 r\u00e8gne la Paix, o\u00f9 la diff\u00e9rence est consid\u00e9r\u00e9e comme richesse, o\u00f9 les espaces de croyances et les blocs de cultures cohabitent sans s\u2019ostraciser mutuellement et\u2026 sans diaboliser l\u2019autre.Mustafa Isl\u00e2mo\u011flu<\/p>\n","protected":false},"excerpt":{"rendered":"<p>L&#8217;Humanit\u00e9 est confront\u00e9e \u00e0 une croissance des plus frappantes, \u00e0 des perturbations soci\u00e9tales les plus profondes et \u00e0 une nouvelle restructuration plus qu\u2019int\u00e9ressante. Il n&#8217;y a<span class=\"excerpt-hellip\"> [\u2026]<\/span><\/p>\n","protected":false},"featured_media":0,"template":"","meta":{"_monsterinsights_skip_tracking":false,"_monsterinsights_sitenote_active":false,"_monsterinsights_sitenote_note":"","_monsterinsights_sitenote_category":0},"product_brand":[],"product_cat":[12718,12719],"product_tag":[],"class_list":{"0":"post-783650","1":"product","2":"type-product","3":"status-publish","5":"product_cat-din","6":"product_cat-islam","7":"pa_cilt-ciltsiz","8":"pa_tur-kitap","9":"pa_yayinevi-dusun-yayincilik","10":"pa_yazar-mustafa-islamoglu","12":"first","13":"instock","14":"sale","15":"shipping-taxable","16":"purchasable","17":"product-type-simple"},"_links":{"self":[{"href":"https:\/\/roveyayinevi.com.tr\/index.php\/wp-json\/wp\/v2\/product\/783650","targetHints":{"allow":["GET"]}}],"collection":[{"href":"https:\/\/roveyayinevi.com.tr\/index.php\/wp-json\/wp\/v2\/product"}],"about":[{"href":"https:\/\/roveyayinevi.com.tr\/index.php\/wp-json\/wp\/v2\/types\/product"}],"wp:attachment":[{"href":"https:\/\/roveyayinevi.com.tr\/index.php\/wp-json\/wp\/v2\/media?parent=783650"}],"wp:term":[{"taxonomy":"product_brand","embeddable":true,"href":"https:\/\/roveyayinevi.com.tr\/index.php\/wp-json\/wp\/v2\/product_brand?post=783650"},{"taxonomy":"product_cat","embeddable":true,"href":"https:\/\/roveyayinevi.com.tr\/index.php\/wp-json\/wp\/v2\/product_cat?post=783650"},{"taxonomy":"product_tag","embeddable":true,"href":"https:\/\/roveyayinevi.com.tr\/index.php\/wp-json\/wp\/v2\/product_tag?post=783650"}],"curies":[{"name":"wp","href":"https:\/\/api.w.org\/{rel}","templated":true}]}}