{"id":783649,"date":"2026-02-26T23:34:49","date_gmt":"2026-02-26T20:34:49","guid":{"rendered":"https:\/\/roveyayinevi.com.tr\/index.php\/urun\/gunduzlerin-ve-gecelerin-ihyasinin-fazileti\/"},"modified":"2026-04-15T03:46:39","modified_gmt":"2026-04-15T00:46:39","slug":"gunduzlerin-ve-gecelerin-ihyasinin-fazileti","status":"publish","type":"product","link":"https:\/\/roveyayinevi.com.tr\/index.php\/urun\/gunduzlerin-ve-gecelerin-ihyasinin-fazileti\/","title":{"rendered":"G\u00fcnd\u00fczlerin ve Gecelerin \u0130hyas\u0131n\u0131n Fazileti"},"content":{"rendered":"<p>\u0130mam-\u0131 Gazali&#8217; nin en b\u00fcy\u00fck eseri olan \u0130hya-u Ulum&#8217;id-din, her d\u00f6nem M\u00fcsl\u00fcmanlar i\u00e7in ilk akla gelen ba\u015fvuru kayna\u011f\u0131 olmu\u015f ve bu esere b\u00fcy\u00fck g\u00fcven duyulmu\u015ftur.\u0130hya-u Ulum&#8217;id-din i\u00e7inde yer alan konular\u0131n her biri, eserin orjinal anlat\u0131m\u0131 asla bozulmadan, ak\u0131c\u0131 ve duru bir dil kullan\u0131larak \u00e7evirisi yap\u0131ld\u0131 ve ba\u015fl\u0131 ba\u015f\u0131na birer kitap haline getirildi.\u0130hya-u Ulum&#8217;id-din&#8217; in birinci cildinde yer alan son kitap Virdler Kitab\u0131&#8217;d\u0131r.Bu kitapda; Virdlerin faziletleri, virdlerin say\u0131s\u0131 ve tertibi, gecenin virdleri, gece ibadeti, faziletli g\u00fcnler ve geceler gibi konular ayetler ve hadisler \u0131\u015f\u0131\u011f\u0131nda a\u00e7\u0131klanmaktad\u0131r.Y\u00fcce Rabbimiz \u015f\u00f6yle buyuruyor: ?Sabah ak\u015fam Rabbininin ad\u0131n\u0131 an (sabah, \u00f6\u011fle ve ikindi namazlar\u0131n\u0131 k\u0131l). Gecenin bir k\u0131sm\u0131nda da O&#8217;na secde et (ak\u015famla yats\u0131 namazlar\u0131n\u0131 k\u0131l). Bir de O&#8217;nu geceleyin uzun bir s\u00fcre tesbih et (tehecc\u00fcd namaz\u0131 k\u0131l). \u0130nsan, 76\/25-26.<\/p>\n","protected":false},"excerpt":{"rendered":"<p>\u0130mam-\u0131 Gazali&#8217; nin en b\u00fcy\u00fck eseri olan \u0130hya-u Ulum&#8217;id-din, her d\u00f6nem M\u00fcsl\u00fcmanlar i\u00e7in ilk akla gelen ba\u015fvuru kayna\u011f\u0131 olmu\u015f ve bu esere b\u00fcy\u00fck g\u00fcven duyulmu\u015ftur.\u0130hya-u Ulum&#8217;id-din<span class=\"excerpt-hellip\"> [\u2026]<\/span><\/p>\n","protected":false},"featured_media":0,"template":"","meta":{"_monsterinsights_skip_tracking":false,"_monsterinsights_sitenote_active":false,"_monsterinsights_sitenote_note":"","_monsterinsights_sitenote_category":0},"product_brand":[],"product_cat":[12718,12719],"product_tag":[],"class_list":{"0":"post-783649","1":"product","2":"type-product","3":"status-publish","5":"product_cat-din","6":"product_cat-islam","7":"pa_cilt-ciltsiz","8":"pa_tur-kitap","9":"pa_yayinevi-celik-yayinevi","10":"pa_yazar-imam-i-gazali","12":"first","13":"instock","14":"sale","15":"shipping-taxable","16":"purchasable","17":"product-type-simple"},"_links":{"self":[{"href":"https:\/\/roveyayinevi.com.tr\/index.php\/wp-json\/wp\/v2\/product\/783649","targetHints":{"allow":["GET"]}}],"collection":[{"href":"https:\/\/roveyayinevi.com.tr\/index.php\/wp-json\/wp\/v2\/product"}],"about":[{"href":"https:\/\/roveyayinevi.com.tr\/index.php\/wp-json\/wp\/v2\/types\/product"}],"wp:attachment":[{"href":"https:\/\/roveyayinevi.com.tr\/index.php\/wp-json\/wp\/v2\/media?parent=783649"}],"wp:term":[{"taxonomy":"product_brand","embeddable":true,"href":"https:\/\/roveyayinevi.com.tr\/index.php\/wp-json\/wp\/v2\/product_brand?post=783649"},{"taxonomy":"product_cat","embeddable":true,"href":"https:\/\/roveyayinevi.com.tr\/index.php\/wp-json\/wp\/v2\/product_cat?post=783649"},{"taxonomy":"product_tag","embeddable":true,"href":"https:\/\/roveyayinevi.com.tr\/index.php\/wp-json\/wp\/v2\/product_tag?post=783649"}],"curies":[{"name":"wp","href":"https:\/\/api.w.org\/{rel}","templated":true}]}}