{"id":783648,"date":"2026-02-26T23:34:46","date_gmt":"2026-02-26T20:34:46","guid":{"rendered":"https:\/\/roveyayinevi.com.tr\/index.php\/urun\/hz-peygamber-s-a-v-in-hayati\/"},"modified":"2026-04-15T03:46:39","modified_gmt":"2026-04-15T00:46:39","slug":"hz-peygamber-s-a-v-in-hayati","status":"publish","type":"product","link":"https:\/\/roveyayinevi.com.tr\/index.php\/urun\/hz-peygamber-s-a-v-in-hayati\/","title":{"rendered":"Hz. Peygamber (s.a.v.)&#8217;in Hayat\u0131"},"content":{"rendered":"<p>Tarih, peygamberlerin sonuncusu Hz. Muhammed (s.a.v) in hayat\u0131n\u0131n ayr\u0131nt\u0131lar\u0131ndan s\u00f6z etti\u011fi kadar, d\u00fcnyada ya\u015fam\u0131\u015f hi\u00e7bir b\u00fcy\u00fck ki\u015finin hayat\u0131ndan bahsetmemi\u015ftir dersek, ger\u00e7e\u011fi s\u00f6ylemi\u015f oluruz.Bu konudaki en \u00f6nemli kitaplardan biri; tarih, tefsir ve hadis alan\u0131nda geni\u015f bir bilgi ve do\u011fru g\u00f6r\u00fc\u015f sahibi olan, Hz. Peygamber (s.a.v)in hayat\u0131n\u0131 ele alan ve kendisine \u00f6zg\u00fc bir \u00fcslupla anlatan Haf\u0131z \u0130bn Kes\u00eerin el-Bid\u00e2ye ven-Nih\u00e2ye adl\u0131 kitab\u0131ndan derlenmi\u015f olan es-Siyretun-Nebeviyye, di\u011fer bir ad\u0131yla S\u00eeret-i \u0130bn Kes\u00eer adl\u0131 eseridir.Haf\u0131z \u0130bn Kes\u00eer, bu kitab\u0131nda Hz. Peygamber (s.a.v)in genel ve \u00f6zel i\u015flerini; her M\u00fcsl\u00fcman\u0131n bilmesi ve ara\u015ft\u0131rmas\u0131 gereken konulardan, kar\u015f\u0131la\u015ft\u0131\u011f\u0131 olaylardan ve ele ald\u0131\u011f\u0131 i\u015flerden bazen detayl\u0131 ve bazen de k\u0131sa bir \u015fekilde s\u00f6z eder. Kaynak olarak verdi\u011fi tarih\u00ee olaylar\u0131 ve konuyla ilgili hadisleri sa\u011flaml\u0131k bak\u0131m\u0131ndan b\u00fct\u00fcn boyutlar\u0131yla ku\u015fatarak ele al\u0131r.Haf\u0131z \u0130bn Kes\u00eerin bu kitab\u0131nda ortaya koydu\u011fu y\u00f6ntem; Allah Te\u00e2l\u00e2n\u0131n ona bah\u015fetmi\u015f oldu\u011fu bir l\u00fctfudur. Tarih\u00ee olaylara \u0130sl\u00e2m\u00ee yorum getirilmesinde ve tarihin yorumunda, \u0130sl\u00e2m\u00ee d\u00fc\u015f\u00fcncenin \u00f6nemli ilkelerine temas ederek, \u0130sl\u00e2m Tarihinin ara\u015ft\u0131r\u0131lmas\u0131nda hadis\u00e7ilerin metodundan nas\u0131l yararland\u0131\u011f\u0131n\u0131 ortaya koyuyor. Neticede de; tarih\u00ee rivayetlere, hadis\u00e7ilerin \u00f6l\u00e7\u00fclerini uygulayarak elde edilen sonu\u00e7lara temas ediyor. B\u00f6ylece gerek konu ve gerekse us\u00fbl bak\u0131m\u0131ndan takdire lay\u0131k bir \u00e7al\u0131\u015fma ortaya \u00e7\u0131km\u0131\u015ft\u0131r.<\/p>\n","protected":false},"excerpt":{"rendered":"<p>Tarih, peygamberlerin sonuncusu Hz. Muhammed (s.a.v) in hayat\u0131n\u0131n ayr\u0131nt\u0131lar\u0131ndan s\u00f6z etti\u011fi kadar, d\u00fcnyada ya\u015fam\u0131\u015f hi\u00e7bir b\u00fcy\u00fck ki\u015finin hayat\u0131ndan bahsetmemi\u015ftir dersek, ger\u00e7e\u011fi s\u00f6ylemi\u015f oluruz.Bu konudaki en \u00f6nemli<span class=\"excerpt-hellip\"> [\u2026]<\/span><\/p>\n","protected":false},"featured_media":0,"template":"","meta":{"_monsterinsights_skip_tracking":false,"_monsterinsights_sitenote_active":false,"_monsterinsights_sitenote_note":"","_monsterinsights_sitenote_category":0},"product_brand":[],"product_cat":[12718,12719,18109],"product_tag":[],"class_list":{"0":"post-783648","1":"product","2":"type-product","3":"status-publish","5":"product_cat-din","6":"product_cat-islam","7":"product_cat-islam-tarihi","8":"pa_cilt-ciltsiz","9":"pa_tur-kitap","10":"pa_yayinevi-celik-yayinevi","11":"pa_yazar-ibn-kesir","13":"first","14":"instock","15":"sale","16":"shipping-taxable","17":"purchasable","18":"product-type-simple"},"_links":{"self":[{"href":"https:\/\/roveyayinevi.com.tr\/index.php\/wp-json\/wp\/v2\/product\/783648","targetHints":{"allow":["GET"]}}],"collection":[{"href":"https:\/\/roveyayinevi.com.tr\/index.php\/wp-json\/wp\/v2\/product"}],"about":[{"href":"https:\/\/roveyayinevi.com.tr\/index.php\/wp-json\/wp\/v2\/types\/product"}],"wp:attachment":[{"href":"https:\/\/roveyayinevi.com.tr\/index.php\/wp-json\/wp\/v2\/media?parent=783648"}],"wp:term":[{"taxonomy":"product_brand","embeddable":true,"href":"https:\/\/roveyayinevi.com.tr\/index.php\/wp-json\/wp\/v2\/product_brand?post=783648"},{"taxonomy":"product_cat","embeddable":true,"href":"https:\/\/roveyayinevi.com.tr\/index.php\/wp-json\/wp\/v2\/product_cat?post=783648"},{"taxonomy":"product_tag","embeddable":true,"href":"https:\/\/roveyayinevi.com.tr\/index.php\/wp-json\/wp\/v2\/product_tag?post=783648"}],"curies":[{"name":"wp","href":"https:\/\/api.w.org\/{rel}","templated":true}]}}