{"id":783646,"date":"2026-02-26T23:34:41","date_gmt":"2026-02-26T20:34:41","guid":{"rendered":"https:\/\/roveyayinevi.com.tr\/index.php\/urun\/tefekkur-dusunmenin-fazileti\/"},"modified":"2026-04-15T03:46:39","modified_gmt":"2026-04-15T00:46:39","slug":"tefekkur-dusunmenin-fazileti","status":"publish","type":"product","link":"https:\/\/roveyayinevi.com.tr\/index.php\/urun\/tefekkur-dusunmenin-fazileti\/","title":{"rendered":"Tefekk\u00fcr D\u00fc\u015f\u00fcnmenin Fazileti"},"content":{"rendered":"<p>Bir anl\u0131k\/saatlik tefekk\u00fcr, do\u011frusu bir y\u0131ll\u0131k nafile ibadetten \u00fcst\u00fcnd\u00fcr.(Hadis-i \u015eerif)  Kald\u0131 ki Y\u00fcce Rabbimizin Kitab\u0131nda; tefekk\u00fcr, d\u00fc\u015f\u00fcnme, ibret alma,  dikkatli ve titiz olarak incelemeyle ilgili olarak \u00e7ok te\u015fviklerde bulunulmu\u015f ve buna ili\u015fkin h\u00fck\u00fcmler yer alm\u0131\u015ft\u0131r.Y\u00fcce Allah \u015f\u00f6yle buyurmu\u015ftur: Onlar ayakta dururken, otururken, yanlar\u0131 \u00fczerine yatarken (her vakit) Allah\u0131 anarlar, g\u00f6klerin ve yerin yarat\u0131l\u0131\u015f\u0131 hakk\u0131nda derin derin d\u00fc\u015f\u00fcn\u00fcrler (ve \u015f\u00f6yle derler:) Rabbimiz! Sen bunu bo\u015funa yaratmad\u0131n.(\u00c2l-i \u0130mran, 3\/191.)Rasulullah (sallall\u00e2hu aleyhi vesellem) \u015f\u00f6yle buyurdu: Allah\u0131n yaratt\u0131\u011f\u0131 varl\u0131klar hakk\u0131nda d\u00fc\u015f\u00fcn\u00fcn\/ tefekk\u00fcre dal\u0131n. Ancak Allah\u0131n zat\u0131 hakk\u0131nda tefekk\u00fcre dalmay\u0131n\/d\u00fc\u015f\u00fcnmeyin. \u00c7\u00fcnk\u00fc siz ger\u00e7ekten gere\u011fince Allah\u0131 takdir edemezsiniz.Bu kitab\u0131m\u0131zda; tefekk\u00fcr\u00fcn \u00f6nemini, de\u011fer ve faziletini gerek \u00e2yetler ve gerekse hadislerle a\u00e7\u0131klamaya gayret g\u00f6sterece\u011fiz.<\/p>\n","protected":false},"excerpt":{"rendered":"<p>Bir anl\u0131k\/saatlik tefekk\u00fcr, do\u011frusu bir y\u0131ll\u0131k nafile ibadetten \u00fcst\u00fcnd\u00fcr.(Hadis-i \u015eerif) Kald\u0131 ki Y\u00fcce Rabbimizin Kitab\u0131nda; tefekk\u00fcr, d\u00fc\u015f\u00fcnme, ibret alma, dikkatli ve titiz olarak incelemeyle ilgili olarak<span class=\"excerpt-hellip\"> [\u2026]<\/span><\/p>\n","protected":false},"featured_media":0,"template":"","meta":{"_monsterinsights_skip_tracking":false,"_monsterinsights_sitenote_active":false,"_monsterinsights_sitenote_note":"","_monsterinsights_sitenote_category":0},"product_brand":[],"product_cat":[12718,12719,17284],"product_tag":[],"class_list":{"0":"post-783646","1":"product","2":"type-product","3":"status-publish","5":"product_cat-din","6":"product_cat-islam","7":"product_cat-kuran-ve-kuran-uzerine","8":"pa_cilt-ciltsiz","9":"pa_tur-kitap","10":"pa_yayinevi-celik-yayinevi","11":"pa_yazar-imam-i-gazali","13":"first","14":"instock","15":"sale","16":"shipping-taxable","17":"purchasable","18":"product-type-simple"},"_links":{"self":[{"href":"https:\/\/roveyayinevi.com.tr\/index.php\/wp-json\/wp\/v2\/product\/783646","targetHints":{"allow":["GET"]}}],"collection":[{"href":"https:\/\/roveyayinevi.com.tr\/index.php\/wp-json\/wp\/v2\/product"}],"about":[{"href":"https:\/\/roveyayinevi.com.tr\/index.php\/wp-json\/wp\/v2\/types\/product"}],"wp:attachment":[{"href":"https:\/\/roveyayinevi.com.tr\/index.php\/wp-json\/wp\/v2\/media?parent=783646"}],"wp:term":[{"taxonomy":"product_brand","embeddable":true,"href":"https:\/\/roveyayinevi.com.tr\/index.php\/wp-json\/wp\/v2\/product_brand?post=783646"},{"taxonomy":"product_cat","embeddable":true,"href":"https:\/\/roveyayinevi.com.tr\/index.php\/wp-json\/wp\/v2\/product_cat?post=783646"},{"taxonomy":"product_tag","embeddable":true,"href":"https:\/\/roveyayinevi.com.tr\/index.php\/wp-json\/wp\/v2\/product_tag?post=783646"}],"curies":[{"name":"wp","href":"https:\/\/api.w.org\/{rel}","templated":true}]}}