{"id":783645,"date":"2026-02-26T23:34:38","date_gmt":"2026-02-26T20:34:38","guid":{"rendered":"https:\/\/roveyayinevi.com.tr\/index.php\/urun\/islam-ve-ilim-2\/"},"modified":"2026-04-15T03:46:39","modified_gmt":"2026-04-15T00:46:39","slug":"islam-ve-ilim-2","status":"publish","type":"product","link":"https:\/\/roveyayinevi.com.tr\/index.php\/urun\/islam-ve-ilim-2\/","title":{"rendered":"\u0130slam ve \u0130lim"},"content":{"rendered":"<p>\u00d6nce bir defa \u015fu suali sorma\u011fa mecburuz: Acaba hangi sebepten dolay\u0131 b\u00fct\u00fcn insanl\u0131kta ilim yava\u015f yava\u015f ilerlerken Asr-\u0131 Saadet&#8217;le birden bire bug\u00fcnk\u00fc manada hakiki ilim olmaya ba\u015fl\u0131yor? Bu ba\u015flay\u0131\u015f\u0131n kayna\u011f\u0131, insanl\u0131\u011fa bu h\u0131z\u0131 veren t\u0131ls\u0131m nedir? Bu sualin cevab\u0131n\u0131 Kuran&#8217;\u0131 Kerim&#8217;den ba\u015fka bir \u015feye ba\u011flamak m\u00fcmk\u00fcn m\u00fc? \u0130nsanlar\u0131n ilim sahas\u0131ndaki bu b\u00fcy\u00fck inki\u015faflar\u0131n t\u0131ls\u0131m\u0131 d\u00fcnya ve ahiret saadeti getiren Kuran&#8217;\u0131 Kerim&#8217;den ba\u015fka bir \u015fey de\u011fildir.<\/p>\n","protected":false},"excerpt":{"rendered":"<p>\u00d6nce bir defa \u015fu suali sorma\u011fa mecburuz: Acaba hangi sebepten dolay\u0131 b\u00fct\u00fcn insanl\u0131kta ilim yava\u015f yava\u015f ilerlerken Asr-\u0131 Saadet&#8217;le birden bire bug\u00fcnk\u00fc manada hakiki ilim olmaya<span class=\"excerpt-hellip\"> [\u2026]<\/span><\/p>\n","protected":false},"featured_media":0,"template":"","meta":{"_monsterinsights_skip_tracking":false,"_monsterinsights_sitenote_active":false,"_monsterinsights_sitenote_note":"","_monsterinsights_sitenote_category":0},"product_brand":[],"product_cat":[16789,12718,12719],"product_tag":[],"class_list":{"0":"post-783645","1":"product","2":"type-product","3":"status-publish","5":"product_cat-diger-islam","6":"product_cat-din","7":"product_cat-islam","8":"pa_cilt-ciltsiz","9":"pa_tur-kitap","10":"pa_yayinevi-mgv-yayinlari","11":"pa_yazar-necmettin-erbakan","13":"first","14":"instock","15":"sale","16":"shipping-taxable","17":"purchasable","18":"product-type-simple"},"_links":{"self":[{"href":"https:\/\/roveyayinevi.com.tr\/index.php\/wp-json\/wp\/v2\/product\/783645","targetHints":{"allow":["GET"]}}],"collection":[{"href":"https:\/\/roveyayinevi.com.tr\/index.php\/wp-json\/wp\/v2\/product"}],"about":[{"href":"https:\/\/roveyayinevi.com.tr\/index.php\/wp-json\/wp\/v2\/types\/product"}],"wp:attachment":[{"href":"https:\/\/roveyayinevi.com.tr\/index.php\/wp-json\/wp\/v2\/media?parent=783645"}],"wp:term":[{"taxonomy":"product_brand","embeddable":true,"href":"https:\/\/roveyayinevi.com.tr\/index.php\/wp-json\/wp\/v2\/product_brand?post=783645"},{"taxonomy":"product_cat","embeddable":true,"href":"https:\/\/roveyayinevi.com.tr\/index.php\/wp-json\/wp\/v2\/product_cat?post=783645"},{"taxonomy":"product_tag","embeddable":true,"href":"https:\/\/roveyayinevi.com.tr\/index.php\/wp-json\/wp\/v2\/product_tag?post=783645"}],"curies":[{"name":"wp","href":"https:\/\/api.w.org\/{rel}","templated":true}]}}