{"id":783643,"date":"2026-02-26T23:34:34","date_gmt":"2026-02-26T20:34:34","guid":{"rendered":"https:\/\/roveyayinevi.com.tr\/index.php\/urun\/nefis-terbiyesi\/"},"modified":"2026-04-15T03:46:39","modified_gmt":"2026-04-15T00:46:39","slug":"nefis-terbiyesi","status":"publish","type":"product","link":"https:\/\/roveyayinevi.com.tr\/index.php\/urun\/nefis-terbiyesi\/","title":{"rendered":"Nefis Terbiyesi"},"content":{"rendered":"<p>Bir g\u00fcn Peygamber Efendimiz&#8217;in huzurundakad\u0131nlar kalabal\u0131k olmu\u015flar, kavga ediyorlard\u0131,Hazret-i \u00d6mer oraya geldi. Kad\u0131nlaronu g\u00f6r\u00fcnce ka\u00e7t\u0131lar. Hazret-i \u00d6mer kad\u0131nlara\u015f\u00f6yle dedi: &#8220;Ey kendi nefislerinin d\u00fc\u015fmanlar\u0131!Benden utan\u0131rs\u0131n\u0131z da Allahu Te\u00e2l\u00e2&#8217;n\u0131nRes\u00fbl\u00fcnden utanmaz m\u0131s\u0131n\u0131z?&#8221; diye sordu.Kad\u0131nlar da: Sen O&#8217;ndan daha sert huylusun!dediler. O zaman Muhammed (sallall\u00e2hualeyhi ve sellem) Efendimiz, Hazret-i \u00d6mer&#8217;e\u015f\u00f6yle buyurdu: &#8220;Ey Hattab&#8217;\u0131n o\u011flu! Allah hakk\u0131i\u00e7in -ki benim nefsim O&#8217;nun elindedir- sen \u015feytanlakar\u015f\u0131la\u015fmazs\u0131n. \u00c7\u00fcnk\u00fc o, senin heybetindenyolunu de\u011fi\u015ftirir. Senin geldi\u011fin yoldan ka\u00e7ar,ba\u015fka y\u00f6ne gider.&#8221;<\/p>\n","protected":false},"excerpt":{"rendered":"<p>Bir g\u00fcn Peygamber Efendimiz&#8217;in huzurundakad\u0131nlar kalabal\u0131k olmu\u015flar, kavga ediyorlard\u0131,Hazret-i \u00d6mer oraya geldi. Kad\u0131nlaronu g\u00f6r\u00fcnce ka\u00e7t\u0131lar. Hazret-i \u00d6mer kad\u0131nlara\u015f\u00f6yle dedi: &#8220;Ey kendi nefislerinin d\u00fc\u015fmanlar\u0131!Benden utan\u0131rs\u0131n\u0131z da Allahu<span class=\"excerpt-hellip\"> [\u2026]<\/span><\/p>\n","protected":false},"featured_media":0,"template":"","meta":{"_monsterinsights_skip_tracking":false,"_monsterinsights_sitenote_active":false,"_monsterinsights_sitenote_note":"","_monsterinsights_sitenote_category":0},"product_brand":[],"product_cat":[16789,12718,12719],"product_tag":[],"class_list":{"0":"post-783643","1":"product","2":"type-product","3":"status-publish","5":"product_cat-diger-islam","6":"product_cat-din","7":"product_cat-islam","8":"pa_cilt-ciltsiz","9":"pa_tur-kitap","10":"pa_yayinevi-gelenek-yayincilik","11":"pa_yazar-imam-i-gazali","13":"first","14":"instock","15":"sale","16":"shipping-taxable","17":"purchasable","18":"product-type-simple"},"_links":{"self":[{"href":"https:\/\/roveyayinevi.com.tr\/index.php\/wp-json\/wp\/v2\/product\/783643","targetHints":{"allow":["GET"]}}],"collection":[{"href":"https:\/\/roveyayinevi.com.tr\/index.php\/wp-json\/wp\/v2\/product"}],"about":[{"href":"https:\/\/roveyayinevi.com.tr\/index.php\/wp-json\/wp\/v2\/types\/product"}],"wp:attachment":[{"href":"https:\/\/roveyayinevi.com.tr\/index.php\/wp-json\/wp\/v2\/media?parent=783643"}],"wp:term":[{"taxonomy":"product_brand","embeddable":true,"href":"https:\/\/roveyayinevi.com.tr\/index.php\/wp-json\/wp\/v2\/product_brand?post=783643"},{"taxonomy":"product_cat","embeddable":true,"href":"https:\/\/roveyayinevi.com.tr\/index.php\/wp-json\/wp\/v2\/product_cat?post=783643"},{"taxonomy":"product_tag","embeddable":true,"href":"https:\/\/roveyayinevi.com.tr\/index.php\/wp-json\/wp\/v2\/product_tag?post=783643"}],"curies":[{"name":"wp","href":"https:\/\/api.w.org\/{rel}","templated":true}]}}