{"id":783641,"date":"2026-02-26T23:34:29","date_gmt":"2026-02-26T20:34:29","guid":{"rendered":"https:\/\/roveyayinevi.com.tr\/index.php\/urun\/nasihatler\/"},"modified":"2026-04-15T03:46:39","modified_gmt":"2026-04-15T00:46:39","slug":"nasihatler","status":"publish","type":"product","link":"https:\/\/roveyayinevi.com.tr\/index.php\/urun\/nasihatler\/","title":{"rendered":"Nasihatler"},"content":{"rendered":"<p>Allah&#8217;tan devaml\u0131 ma\u011ffiret iste. Allah&#8217;tan af ve ma\u011ffiret istemen de bir duad\u0131r.  Dua da ibadettir  unutma.  Ge\u00e7mi\u015f g\u00fcnahlar\u0131ndan birini hat\u0131rlay\u0131nca hemen Tevbe et. Ve Allah&#8217;\u0131 zikret. Bir yerde bir g\u00fcnah i\u015flemi\u015f isen oradan ayr\u0131lmadan bir  iyilik yap ki o iyilik g\u00fcnah\u0131na kefaret olsun. \u00c7\u00fcnk\u00fc Rasulullah (s.a.v.) Efendimiz: &#8220;Her i\u015fledi\u011fin su\u00e7un pe\u015finden bir de iyilik yap ki onu ortadan kald\u0131rs\u0131n. Zira iyilik k\u00f6t\u00fcl\u00fc\u011f\u00fc yok eder&#8221; buyurmu\u015flard\u0131r. Nerede ve ne zaman \u00f6lece\u011fini bilemezsin. Onun i\u00e7in Rabbine her halinde iyi zanda bulun. Ta ki Rabbine iyi zan ile kavu\u015fas\u0131n. Hadis-i Kudsi&#8217;de \u015f\u00f6yle buyrulur: &#8220;Ben kulumun bana olan zann\u0131 \u00fczereyim. Kulum beni nas\u0131l telakki ederse bende ona \u00f6yle olurum.&#8221;<\/p>\n","protected":false},"excerpt":{"rendered":"<p>Allah&#8217;tan devaml\u0131 ma\u011ffiret iste. Allah&#8217;tan af ve ma\u011ffiret istemen de bir duad\u0131r. Dua da ibadettir unutma. Ge\u00e7mi\u015f g\u00fcnahlar\u0131ndan birini hat\u0131rlay\u0131nca hemen Tevbe et. Ve Allah&#8217;\u0131 zikret.<span class=\"excerpt-hellip\"> [\u2026]<\/span><\/p>\n","protected":false},"featured_media":0,"template":"","meta":{"_monsterinsights_skip_tracking":false,"_monsterinsights_sitenote_active":false,"_monsterinsights_sitenote_note":"","_monsterinsights_sitenote_category":0},"product_brand":[],"product_cat":[12718,12719],"product_tag":[],"class_list":{"0":"post-783641","1":"product","2":"type-product","3":"status-publish","5":"product_cat-din","6":"product_cat-islam","7":"pa_cilt-ciltsiz","8":"pa_tur-kitap","9":"pa_yayinevi-gelenek-yayincilik","10":"pa_yazar-muhyiddin-ibn-arabi","12":"first","13":"instock","14":"sale","15":"shipping-taxable","16":"purchasable","17":"product-type-simple"},"_links":{"self":[{"href":"https:\/\/roveyayinevi.com.tr\/index.php\/wp-json\/wp\/v2\/product\/783641","targetHints":{"allow":["GET"]}}],"collection":[{"href":"https:\/\/roveyayinevi.com.tr\/index.php\/wp-json\/wp\/v2\/product"}],"about":[{"href":"https:\/\/roveyayinevi.com.tr\/index.php\/wp-json\/wp\/v2\/types\/product"}],"wp:attachment":[{"href":"https:\/\/roveyayinevi.com.tr\/index.php\/wp-json\/wp\/v2\/media?parent=783641"}],"wp:term":[{"taxonomy":"product_brand","embeddable":true,"href":"https:\/\/roveyayinevi.com.tr\/index.php\/wp-json\/wp\/v2\/product_brand?post=783641"},{"taxonomy":"product_cat","embeddable":true,"href":"https:\/\/roveyayinevi.com.tr\/index.php\/wp-json\/wp\/v2\/product_cat?post=783641"},{"taxonomy":"product_tag","embeddable":true,"href":"https:\/\/roveyayinevi.com.tr\/index.php\/wp-json\/wp\/v2\/product_tag?post=783641"}],"curies":[{"name":"wp","href":"https:\/\/api.w.org\/{rel}","templated":true}]}}