{"id":783640,"date":"2026-02-26T23:34:26","date_gmt":"2026-02-26T20:34:26","guid":{"rendered":"https:\/\/roveyayinevi.com.tr\/index.php\/urun\/kimya-i-saadet-mutlulugun-sirri\/"},"modified":"2026-04-15T03:46:39","modified_gmt":"2026-04-15T00:46:39","slug":"kimya-i-saadet-mutlulugun-sirri","status":"publish","type":"product","link":"https:\/\/roveyayinevi.com.tr\/index.php\/urun\/kimya-i-saadet-mutlulugun-sirri\/","title":{"rendered":"Kimya-i Saadet &#8211; Mutlulu\u011fun S\u0131rr\u0131"},"content":{"rendered":"<p>Kimy\u00e2-i Sa\u00e2det, Huccet\u00fc&#8217;l-\u0130slam Ebu Hamid Muhammed el-Gaz\u00e2l\u00ee&#8217;nin, (505\/1111) en \u00f6nemli eserlerinden biri olan \u0130hy\u00e2u Ul\u00fbmi&#8217;d-D\u00een&#8217;in bir \u00f6zeti mahiyetindedir. As\u0131rlar boyu \u015fark diyarlar\u0131nda ve Anadolu&#8217;da bir ba\u015fucu kitab\u0131 olarak evlerdeki yerini alm\u0131\u015f, Osmanl\u0131 toplumunda da en \u00e7ok okunan kitaplardan biri olmu\u015ftur.Kimy\u00e2-i Sa\u00e2det, \u0130hy\u00e2&#8217;da oldu\u011fu gibi iman, amel ve ahlaktan bahseder. Ba\u015fl\u0131ca konular\u0131 \u015f\u00f6yledir: Kendini bilmek, kalbin hakikati, insandaki k\u00f6t\u00fc ve iyi vas\u0131flar, marifetullah, insan f\u0131trat\u0131, d\u00fcnya ger\u00e7e\u011fi, ahiret hayat\u0131, kabir azab\u0131, ruhun mahiyeti, ehli s\u00fcnnet itikad\u0131, k\u0131yamet, tekrardan dirilme, \u015feriata uymak&#8230;Eser titiz bir \u00e7al\u0131\u015fman\u0131n sonuncunda siz de\u011ferli m\u00fc\u015fterilerimizin istifadesine sunulmu\u015ftur.<\/p>\n","protected":false},"excerpt":{"rendered":"<p>Kimy\u00e2-i Sa\u00e2det, Huccet\u00fc&#8217;l-\u0130slam Ebu Hamid Muhammed el-Gaz\u00e2l\u00ee&#8217;nin, (505\/1111) en \u00f6nemli eserlerinden biri olan \u0130hy\u00e2u Ul\u00fbmi&#8217;d-D\u00een&#8217;in bir \u00f6zeti mahiyetindedir. As\u0131rlar boyu \u015fark diyarlar\u0131nda ve Anadolu&#8217;da bir ba\u015fucu<span class=\"excerpt-hellip\"> [\u2026]<\/span><\/p>\n","protected":false},"featured_media":0,"template":"","meta":{"_monsterinsights_skip_tracking":false,"_monsterinsights_sitenote_active":false,"_monsterinsights_sitenote_note":"","_monsterinsights_sitenote_category":0},"product_brand":[],"product_cat":[12718,12719,12720],"product_tag":[],"class_list":{"0":"post-783640","1":"product","2":"type-product","3":"status-publish","5":"product_cat-din","6":"product_cat-islam","7":"product_cat-tasavvuf-mezhepler-tarikatlar","8":"pa_cilt-ciltsiz","9":"pa_tur-kitap","10":"pa_yayinevi-muallim-nesriyat","11":"pa_yazar-ahmed-bin-muhammed-gazali","13":"first","14":"instock","15":"sale","16":"shipping-taxable","17":"purchasable","18":"product-type-simple"},"_links":{"self":[{"href":"https:\/\/roveyayinevi.com.tr\/index.php\/wp-json\/wp\/v2\/product\/783640","targetHints":{"allow":["GET"]}}],"collection":[{"href":"https:\/\/roveyayinevi.com.tr\/index.php\/wp-json\/wp\/v2\/product"}],"about":[{"href":"https:\/\/roveyayinevi.com.tr\/index.php\/wp-json\/wp\/v2\/types\/product"}],"wp:attachment":[{"href":"https:\/\/roveyayinevi.com.tr\/index.php\/wp-json\/wp\/v2\/media?parent=783640"}],"wp:term":[{"taxonomy":"product_brand","embeddable":true,"href":"https:\/\/roveyayinevi.com.tr\/index.php\/wp-json\/wp\/v2\/product_brand?post=783640"},{"taxonomy":"product_cat","embeddable":true,"href":"https:\/\/roveyayinevi.com.tr\/index.php\/wp-json\/wp\/v2\/product_cat?post=783640"},{"taxonomy":"product_tag","embeddable":true,"href":"https:\/\/roveyayinevi.com.tr\/index.php\/wp-json\/wp\/v2\/product_tag?post=783640"}],"curies":[{"name":"wp","href":"https:\/\/api.w.org\/{rel}","templated":true}]}}