{"id":783638,"date":"2026-02-26T23:34:20","date_gmt":"2026-02-26T20:34:20","guid":{"rendered":"https:\/\/roveyayinevi.com.tr\/index.php\/urun\/ruhul-beyandan-kissalar-ve-hisseler-ciltli\/"},"modified":"2026-04-15T03:46:39","modified_gmt":"2026-04-15T00:46:39","slug":"ruhul-beyandan-kissalar-ve-hisseler-ciltli","status":"publish","type":"product","link":"https:\/\/roveyayinevi.com.tr\/index.php\/urun\/ruhul-beyandan-kissalar-ve-hisseler-ciltli\/","title":{"rendered":"R\u00fbhu&#8217;l-Beyan&#8217;dan K\u0131ssalar ve Hisseler (Ciltli)"},"content":{"rendered":"<p>R\u00fbhu&#8217;l-Beyan tefsiri ayn\u0131 zamanda bir vaaz kitab\u0131d\u0131r. Tefsirini yazmaktaki gayelerinden biri de bu olan m\u00fcfessir tefsirinde k\u0131ssalara da yer vermi\u015ftir. Ya\u015fanm\u0131\u015f bir olay\u0131n gelecek toplumlara aktar\u0131m\u0131 olan k\u0131ssalarda bizim i\u00e7in \u00e7\u0131kar\u0131lmas\u0131 gereken dersler ve al\u0131nmas\u0131 gereken ibretler vard\u0131r.Elinizdeki bu eserin k\u0131ssalar\u0131, R\u00fbhu&#8217;l-Beyan tefsirinden anla\u015f\u0131l\u0131r ve sade bir dille ve herkesin kolayl\u0131kla anlayabilece\u011fi bir \u015fekilde terc\u00fcme edilmi\u015f, k\u0131ssan\u0131n ge\u00e7ti\u011fi cilt ve sayfa da belirtilmi\u015ftir. K\u0131ssalardan al\u0131nmas\u0131 gereken ibretler de ayet-i kerime ve hadis-i \u015ferifler \u0131\u015f\u0131\u011f\u0131nda haz\u0131rlanm\u0131\u015f, hadis-i \u015feriflerin kaynaklar\u0131 da verilmi\u015ftir.<\/p>\n","protected":false},"excerpt":{"rendered":"<p>R\u00fbhu&#8217;l-Beyan tefsiri ayn\u0131 zamanda bir vaaz kitab\u0131d\u0131r. Tefsirini yazmaktaki gayelerinden biri de bu olan m\u00fcfessir tefsirinde k\u0131ssalara da yer vermi\u015ftir. Ya\u015fanm\u0131\u015f bir olay\u0131n gelecek toplumlara aktar\u0131m\u0131<span class=\"excerpt-hellip\"> [\u2026]<\/span><\/p>\n","protected":false},"featured_media":0,"template":"","meta":{"_monsterinsights_skip_tracking":false,"_monsterinsights_sitenote_active":false,"_monsterinsights_sitenote_note":"","_monsterinsights_sitenote_category":0},"product_brand":[],"product_cat":[16789,12718,12719],"product_tag":[],"class_list":{"0":"post-783638","1":"product","2":"type-product","3":"status-publish","5":"product_cat-diger-islam","6":"product_cat-din","7":"product_cat-islam","8":"pa_cilt-ciltsiz","9":"pa_tur-kitap","10":"pa_yayinevi-muallim-nesriyat","11":"pa_yazar-ismail-hakki-bursevi","13":"first","14":"instock","15":"sale","16":"shipping-taxable","17":"purchasable","18":"product-type-simple"},"_links":{"self":[{"href":"https:\/\/roveyayinevi.com.tr\/index.php\/wp-json\/wp\/v2\/product\/783638","targetHints":{"allow":["GET"]}}],"collection":[{"href":"https:\/\/roveyayinevi.com.tr\/index.php\/wp-json\/wp\/v2\/product"}],"about":[{"href":"https:\/\/roveyayinevi.com.tr\/index.php\/wp-json\/wp\/v2\/types\/product"}],"wp:attachment":[{"href":"https:\/\/roveyayinevi.com.tr\/index.php\/wp-json\/wp\/v2\/media?parent=783638"}],"wp:term":[{"taxonomy":"product_brand","embeddable":true,"href":"https:\/\/roveyayinevi.com.tr\/index.php\/wp-json\/wp\/v2\/product_brand?post=783638"},{"taxonomy":"product_cat","embeddable":true,"href":"https:\/\/roveyayinevi.com.tr\/index.php\/wp-json\/wp\/v2\/product_cat?post=783638"},{"taxonomy":"product_tag","embeddable":true,"href":"https:\/\/roveyayinevi.com.tr\/index.php\/wp-json\/wp\/v2\/product_tag?post=783638"}],"curies":[{"name":"wp","href":"https:\/\/api.w.org\/{rel}","templated":true}]}}