{"id":783637,"date":"2026-02-26T23:34:18","date_gmt":"2026-02-26T20:34:18","guid":{"rendered":"https:\/\/roveyayinevi.com.tr\/index.php\/urun\/62-sohbet\/"},"modified":"2026-04-15T03:46:39","modified_gmt":"2026-04-15T00:46:39","slug":"62-sohbet","status":"publish","type":"product","link":"https:\/\/roveyayinevi.com.tr\/index.php\/urun\/62-sohbet\/","title":{"rendered":"62 Sohbet"},"content":{"rendered":"<p>El Fethu`r ndash; Rabbani ve Feyz\u00fc Rahmani ndash; B\u00fcy\u00fck Boy Ciltli ndash; 512 Sayfardquo; \u0130nceledi\u011finiz eser, Kadirilik yolunun \u00f6nderi b\u00fcy\u00fck mutasavv\u0131f, b\u00fcy\u00fck m\u00fcr\u015fid Abd\u00fclkadir Geylani Hazretlerinin yapt\u0131\u011f\u0131 vaaz ve sohbetlerin, m\u00fcridlerince derlenmesinden olu\u015fuyor. Geylani Hazretlerinin tasavvufi yakla\u015f\u0131m\u0131n\u0131 derli toplu bir \u015fekilde i\u00e7eren bu kitapta, manevi geli\u015fim yollar\u0131, ki\u015fiyi insan-\u0131 kamil mertebesine y\u00fckselten y\u00f6ntemler, en etkili bi\u00e7imde do\u011frudan hitap c\u00fcmleleriyle \u00f6\u011fretiliyor<\/p>\n","protected":false},"excerpt":{"rendered":"<p>El Fethu`r ndash; Rabbani ve Feyz\u00fc Rahmani ndash; B\u00fcy\u00fck Boy Ciltli ndash; 512 Sayfardquo; \u0130nceledi\u011finiz eser, Kadirilik yolunun \u00f6nderi b\u00fcy\u00fck mutasavv\u0131f, b\u00fcy\u00fck m\u00fcr\u015fid Abd\u00fclkadir Geylani Hazretlerinin<span class=\"excerpt-hellip\"> [\u2026]<\/span><\/p>\n","protected":false},"featured_media":0,"template":"","meta":{"_monsterinsights_skip_tracking":false,"_monsterinsights_sitenote_active":false,"_monsterinsights_sitenote_note":"","_monsterinsights_sitenote_category":0},"product_brand":[],"product_cat":[16789,12718,12719],"product_tag":[],"class_list":{"0":"post-783637","1":"product","2":"type-product","3":"status-publish","5":"product_cat-diger-islam","6":"product_cat-din","7":"product_cat-islam","8":"pa_cilt-ciltsiz","9":"pa_tur-kitap","10":"pa_yayinevi-muallim-nesriyat","11":"pa_yazar-abdulkadir-geylani","13":"first","14":"instock","15":"sale","16":"shipping-taxable","17":"purchasable","18":"product-type-simple"},"_links":{"self":[{"href":"https:\/\/roveyayinevi.com.tr\/index.php\/wp-json\/wp\/v2\/product\/783637","targetHints":{"allow":["GET"]}}],"collection":[{"href":"https:\/\/roveyayinevi.com.tr\/index.php\/wp-json\/wp\/v2\/product"}],"about":[{"href":"https:\/\/roveyayinevi.com.tr\/index.php\/wp-json\/wp\/v2\/types\/product"}],"wp:attachment":[{"href":"https:\/\/roveyayinevi.com.tr\/index.php\/wp-json\/wp\/v2\/media?parent=783637"}],"wp:term":[{"taxonomy":"product_brand","embeddable":true,"href":"https:\/\/roveyayinevi.com.tr\/index.php\/wp-json\/wp\/v2\/product_brand?post=783637"},{"taxonomy":"product_cat","embeddable":true,"href":"https:\/\/roveyayinevi.com.tr\/index.php\/wp-json\/wp\/v2\/product_cat?post=783637"},{"taxonomy":"product_tag","embeddable":true,"href":"https:\/\/roveyayinevi.com.tr\/index.php\/wp-json\/wp\/v2\/product_tag?post=783637"}],"curies":[{"name":"wp","href":"https:\/\/api.w.org\/{rel}","templated":true}]}}