{"id":783635,"date":"2026-02-26T23:34:13","date_gmt":"2026-02-26T20:34:13","guid":{"rendered":"https:\/\/roveyayinevi.com.tr\/index.php\/urun\/nebevi-egitim-modeli-darul-erkam-vahyin-inis-surecinde-sahsiyet-egitimi\/"},"modified":"2026-04-15T03:46:39","modified_gmt":"2026-04-15T00:46:39","slug":"nebevi-egitim-modeli-darul-erkam-vahyin-inis-surecinde-sahsiyet-egitimi","status":"publish","type":"product","link":"https:\/\/roveyayinevi.com.tr\/index.php\/urun\/nebevi-egitim-modeli-darul-erkam-vahyin-inis-surecinde-sahsiyet-egitimi\/","title":{"rendered":"Nebevi E\u011fitim Modeli Dar\u00fcl Erkam; Vahyin \u0130ni\u015f S\u00fcrecinde \u015eahsiyet E\u011fitimi"},"content":{"rendered":"<p>&#8211; Muhammed Emin Y\u0131ld\u0131r\u0131m hocam\u0131z\u0131n \u00f6nemli eserlerinden bir di\u011feri &#8220;Nebevi E\u011fitim Modeli Dar\u00fc&#8217;l-Erkam&#8221; adl\u0131 eserde vahyin n\u00fcz\u00fbl\u00fc s\u0131ras\u0131nda Erkam b. Ebi&#8217;l Erkam&#8217;\u0131n hayat\u0131, Kur&#8217;\u00e2n&#8217;\u0131n n\u00fcz\u00fbl s\u00fcreci, Dar\u00fc&#8217;l Erkam&#8217;\u0131n se\u00e7ilme nedeni, Dar\u00fc&#8217;l Erkam&#8217;\u0131n talebeleri ve Efendimiz&#8217;in o g\u00fczide ash\u00e2b\u0131n\u0131 nas\u0131l yeti\u015ftirdi\u011fine dair metodlar\u0131n yer ald\u0131\u011f\u0131 bir eserdir.<\/p>\n","protected":false},"excerpt":{"rendered":"<p>&#8211; Muhammed Emin Y\u0131ld\u0131r\u0131m hocam\u0131z\u0131n \u00f6nemli eserlerinden bir di\u011feri &#8220;Nebevi E\u011fitim Modeli Dar\u00fc&#8217;l-Erkam&#8221; adl\u0131 eserde vahyin n\u00fcz\u00fbl\u00fc s\u0131ras\u0131nda Erkam b. Ebi&#8217;l Erkam&#8217;\u0131n hayat\u0131, Kur&#8217;\u00e2n&#8217;\u0131n n\u00fcz\u00fbl s\u00fcreci,<span class=\"excerpt-hellip\"> [\u2026]<\/span><\/p>\n","protected":false},"featured_media":0,"template":"","meta":{"_monsterinsights_skip_tracking":false,"_monsterinsights_sitenote_active":false,"_monsterinsights_sitenote_note":"","_monsterinsights_sitenote_category":0},"product_brand":[],"product_cat":[12718,12719,22508],"product_tag":[],"class_list":{"0":"post-783635","1":"product","2":"type-product","3":"status-publish","5":"product_cat-din","6":"product_cat-islam","7":"product_cat-islam-egitimi","8":"pa_cilt-ciltsiz","9":"pa_tur-kitap","10":"pa_yayinevi-siyer-yayinlari","11":"pa_yazar-muhammed-emin-yildirim","13":"first","14":"instock","15":"sale","16":"shipping-taxable","17":"purchasable","18":"product-type-simple"},"_links":{"self":[{"href":"https:\/\/roveyayinevi.com.tr\/index.php\/wp-json\/wp\/v2\/product\/783635","targetHints":{"allow":["GET"]}}],"collection":[{"href":"https:\/\/roveyayinevi.com.tr\/index.php\/wp-json\/wp\/v2\/product"}],"about":[{"href":"https:\/\/roveyayinevi.com.tr\/index.php\/wp-json\/wp\/v2\/types\/product"}],"wp:attachment":[{"href":"https:\/\/roveyayinevi.com.tr\/index.php\/wp-json\/wp\/v2\/media?parent=783635"}],"wp:term":[{"taxonomy":"product_brand","embeddable":true,"href":"https:\/\/roveyayinevi.com.tr\/index.php\/wp-json\/wp\/v2\/product_brand?post=783635"},{"taxonomy":"product_cat","embeddable":true,"href":"https:\/\/roveyayinevi.com.tr\/index.php\/wp-json\/wp\/v2\/product_cat?post=783635"},{"taxonomy":"product_tag","embeddable":true,"href":"https:\/\/roveyayinevi.com.tr\/index.php\/wp-json\/wp\/v2\/product_tag?post=783635"}],"curies":[{"name":"wp","href":"https:\/\/api.w.org\/{rel}","templated":true}]}}