{"id":783634,"date":"2026-02-26T23:34:11","date_gmt":"2026-02-26T20:34:11","guid":{"rendered":"https:\/\/roveyayinevi.com.tr\/index.php\/urun\/sahabeyi-nasil-anlamaliyiz\/"},"modified":"2026-04-15T03:46:39","modified_gmt":"2026-04-15T00:46:39","slug":"sahabeyi-nasil-anlamaliyiz","status":"publish","type":"product","link":"https:\/\/roveyayinevi.com.tr\/index.php\/urun\/sahabeyi-nasil-anlamaliyiz\/","title":{"rendered":"Sahabeyi Nas\u0131l Anlamal\u0131y\u0131z"},"content":{"rendered":"<p>&#8211; Bu eserde Allah Res\u00fbl\u00fc&#8217;n\u00fcn (sas) m\u00fcbarek ellerinde yeti\u015fmi\u015f ve yery\u00fcz\u00fcn\u00fcn en nasipli insanlar\u0131 olan sah\u00e2be efendilerimizdir. &#8211; Onlar tarihin belli bir zaman diliminde ya\u015fam\u0131\u015f, belli bir mekanda varl\u0131k g\u00f6stermi\u015f ama zaman ve mekana hapsolunmadan her \u00e7a\u011fa ve zamana seslenmi\u015flerdir. &#8211; Bu ba\u011flamda eserimizin birinci b\u00f6l\u00fcm\u00fcnde \u00f6rnek neslin Kur&#8217;\u00e2n ve hadislerde nas\u0131l anlat\u0131ld\u0131\u011f\u0131na de\u011finilmi\u015f olup ikinci b\u00f6l\u00fcmde de sah\u00e2b\u00ee efendilerimizi nas\u0131l anlayabilece\u011fimizi ele almaktad\u0131r.<\/p>\n","protected":false},"excerpt":{"rendered":"<p>&#8211; Bu eserde Allah Res\u00fbl\u00fc&#8217;n\u00fcn (sas) m\u00fcbarek ellerinde yeti\u015fmi\u015f ve yery\u00fcz\u00fcn\u00fcn en nasipli insanlar\u0131 olan sah\u00e2be efendilerimizdir. &#8211; Onlar tarihin belli bir zaman diliminde ya\u015fam\u0131\u015f, belli<span class=\"excerpt-hellip\"> [\u2026]<\/span><\/p>\n","protected":false},"featured_media":0,"template":"","meta":{"_monsterinsights_skip_tracking":false,"_monsterinsights_sitenote_active":false,"_monsterinsights_sitenote_note":"","_monsterinsights_sitenote_category":0},"product_brand":[],"product_cat":[16789,12718,12719],"product_tag":[],"class_list":{"0":"post-783634","1":"product","2":"type-product","3":"status-publish","5":"product_cat-diger-islam","6":"product_cat-din","7":"product_cat-islam","8":"pa_cilt-ciltsiz","9":"pa_tur-kitap","10":"pa_yayinevi-siyer-yayinlari","11":"pa_yazar-muhammed-emin-yildirim","13":"first","14":"instock","15":"sale","16":"shipping-taxable","17":"purchasable","18":"product-type-simple"},"_links":{"self":[{"href":"https:\/\/roveyayinevi.com.tr\/index.php\/wp-json\/wp\/v2\/product\/783634","targetHints":{"allow":["GET"]}}],"collection":[{"href":"https:\/\/roveyayinevi.com.tr\/index.php\/wp-json\/wp\/v2\/product"}],"about":[{"href":"https:\/\/roveyayinevi.com.tr\/index.php\/wp-json\/wp\/v2\/types\/product"}],"wp:attachment":[{"href":"https:\/\/roveyayinevi.com.tr\/index.php\/wp-json\/wp\/v2\/media?parent=783634"}],"wp:term":[{"taxonomy":"product_brand","embeddable":true,"href":"https:\/\/roveyayinevi.com.tr\/index.php\/wp-json\/wp\/v2\/product_brand?post=783634"},{"taxonomy":"product_cat","embeddable":true,"href":"https:\/\/roveyayinevi.com.tr\/index.php\/wp-json\/wp\/v2\/product_cat?post=783634"},{"taxonomy":"product_tag","embeddable":true,"href":"https:\/\/roveyayinevi.com.tr\/index.php\/wp-json\/wp\/v2\/product_tag?post=783634"}],"curies":[{"name":"wp","href":"https:\/\/api.w.org\/{rel}","templated":true}]}}