{"id":783633,"date":"2026-02-26T23:34:08","date_gmt":"2026-02-26T20:34:08","guid":{"rendered":"https:\/\/roveyayinevi.com.tr\/index.php\/urun\/ibadetin-beyni-dua\/"},"modified":"2026-04-15T03:46:39","modified_gmt":"2026-04-15T00:46:39","slug":"ibadetin-beyni-dua","status":"publish","type":"product","link":"https:\/\/roveyayinevi.com.tr\/index.php\/urun\/ibadetin-beyni-dua\/","title":{"rendered":"\u0130badetin Beyni Dua"},"content":{"rendered":"<p>&#8211; \u0130badetin beyni dua adl\u0131 eserimiz yedi ana b\u00f6l\u00fcmden olu\u015fmaktad\u0131r. Eserde Kur&#8217;\u00e2n&#8217;da dua ayetleri, Efendimiz&#8217;in (sas) sabah ve ak\u015fam zikirleri, Efendimiz&#8217;in (sas) g\u00fcnl\u00fck dualar\u0131, namazda okunan di\u011fer dualar ve Esm\u00e2\u00fc&#8217;l-H\u00fcsna konular\u0131 i\u015flenmektedir. &#8211; Bu eserimiz duan\u0131n en g\u00fczel numunelerini olu\u015fturan Kur&#8217;\u00e2n ve hadislerden derlenen bir ba\u015fucu kayna\u011f\u0131ndan olu\u015fmaktad\u0131r. Eserin cep boyu da mevcuttur.<\/p>\n","protected":false},"excerpt":{"rendered":"<p>&#8211; \u0130badetin beyni dua adl\u0131 eserimiz yedi ana b\u00f6l\u00fcmden olu\u015fmaktad\u0131r. Eserde Kur&#8217;\u00e2n&#8217;da dua ayetleri, Efendimiz&#8217;in (sas) sabah ve ak\u015fam zikirleri, Efendimiz&#8217;in (sas) g\u00fcnl\u00fck dualar\u0131, namazda okunan<span class=\"excerpt-hellip\"> [\u2026]<\/span><\/p>\n","protected":false},"featured_media":0,"template":"","meta":{"_monsterinsights_skip_tracking":false,"_monsterinsights_sitenote_active":false,"_monsterinsights_sitenote_note":"","_monsterinsights_sitenote_category":0},"product_brand":[],"product_cat":[12718,12719],"product_tag":[],"class_list":{"0":"post-783633","1":"product","2":"type-product","3":"status-publish","5":"product_cat-din","6":"product_cat-islam","7":"pa_cilt-ciltsiz","8":"pa_tur-kitap","9":"pa_yayinevi-siyer-yayinlari","10":"pa_yazar-muhammed-emin-yildirim","12":"first","13":"instock","14":"sale","15":"shipping-taxable","16":"purchasable","17":"product-type-simple"},"_links":{"self":[{"href":"https:\/\/roveyayinevi.com.tr\/index.php\/wp-json\/wp\/v2\/product\/783633","targetHints":{"allow":["GET"]}}],"collection":[{"href":"https:\/\/roveyayinevi.com.tr\/index.php\/wp-json\/wp\/v2\/product"}],"about":[{"href":"https:\/\/roveyayinevi.com.tr\/index.php\/wp-json\/wp\/v2\/types\/product"}],"wp:attachment":[{"href":"https:\/\/roveyayinevi.com.tr\/index.php\/wp-json\/wp\/v2\/media?parent=783633"}],"wp:term":[{"taxonomy":"product_brand","embeddable":true,"href":"https:\/\/roveyayinevi.com.tr\/index.php\/wp-json\/wp\/v2\/product_brand?post=783633"},{"taxonomy":"product_cat","embeddable":true,"href":"https:\/\/roveyayinevi.com.tr\/index.php\/wp-json\/wp\/v2\/product_cat?post=783633"},{"taxonomy":"product_tag","embeddable":true,"href":"https:\/\/roveyayinevi.com.tr\/index.php\/wp-json\/wp\/v2\/product_tag?post=783633"}],"curies":[{"name":"wp","href":"https:\/\/api.w.org\/{rel}","templated":true}]}}