{"id":783632,"date":"2026-02-26T23:34:06","date_gmt":"2026-02-26T20:34:06","guid":{"rendered":"https:\/\/roveyayinevi.com.tr\/index.php\/urun\/insani-iliskilerde-ilahi-olcu\/"},"modified":"2026-04-15T03:46:39","modified_gmt":"2026-04-15T00:46:39","slug":"insani-iliskilerde-ilahi-olcu","status":"publish","type":"product","link":"https:\/\/roveyayinevi.com.tr\/index.php\/urun\/insani-iliskilerde-ilahi-olcu\/","title":{"rendered":"\u0130nsan\u00ee \u0130li\u015fkilerde \u0130lah\u00ee \u00d6l\u00e7\u00fc"},"content":{"rendered":"<p>&#8211; Muhammed Emin Y\u0131ld\u0131r\u0131m hocam\u0131z\u0131n \u00f6nemli eserlerinden biri olan &#8220;\u0130nsani \u0130li\u015fkilerde \u0130lahi \u00d6l\u00e7\u00fc&#8221; adl\u0131  kitapta insan\u0131n kendi ile ili\u015fkisi, insan\u0131n Allah ile ili\u015fkisi, insan\u0131n e\u015fya ile ili\u015fkisi, insan\u0131n insan ile ili\u015fkisi ve daha bir\u00e7ok konular detayl\u0131 bir \u015fekilde ele al\u0131nmaktad\u0131r. &#8211; \u00d6zellikle insani ili\u015fkilerde on alt\u0131n kural ile Kur&#8217;\u00e2n da diyalog b\u00f6l\u00fcmleri de insanlar\u0131m\u0131za rehber olacak nitelikte bir eserden olu\u015fmaktad\u0131r.<\/p>\n","protected":false},"excerpt":{"rendered":"<p>&#8211; Muhammed Emin Y\u0131ld\u0131r\u0131m hocam\u0131z\u0131n \u00f6nemli eserlerinden biri olan &#8220;\u0130nsani \u0130li\u015fkilerde \u0130lahi \u00d6l\u00e7\u00fc&#8221; adl\u0131 kitapta insan\u0131n kendi ile ili\u015fkisi, insan\u0131n Allah ile ili\u015fkisi, insan\u0131n e\u015fya ile<span class=\"excerpt-hellip\"> [\u2026]<\/span><\/p>\n","protected":false},"featured_media":0,"template":"","meta":{"_monsterinsights_skip_tracking":false,"_monsterinsights_sitenote_active":false,"_monsterinsights_sitenote_note":"","_monsterinsights_sitenote_category":0},"product_brand":[],"product_cat":[16789,12718,12719],"product_tag":[],"class_list":{"0":"post-783632","1":"product","2":"type-product","3":"status-publish","5":"product_cat-diger-islam","6":"product_cat-din","7":"product_cat-islam","8":"pa_cilt-ciltsiz","9":"pa_tur-kitap","10":"pa_yayinevi-siyer-yayinlari","11":"pa_yazar-muhammed-emin-yildirim","13":"first","14":"instock","15":"sale","16":"shipping-taxable","17":"purchasable","18":"product-type-simple"},"_links":{"self":[{"href":"https:\/\/roveyayinevi.com.tr\/index.php\/wp-json\/wp\/v2\/product\/783632","targetHints":{"allow":["GET"]}}],"collection":[{"href":"https:\/\/roveyayinevi.com.tr\/index.php\/wp-json\/wp\/v2\/product"}],"about":[{"href":"https:\/\/roveyayinevi.com.tr\/index.php\/wp-json\/wp\/v2\/types\/product"}],"wp:attachment":[{"href":"https:\/\/roveyayinevi.com.tr\/index.php\/wp-json\/wp\/v2\/media?parent=783632"}],"wp:term":[{"taxonomy":"product_brand","embeddable":true,"href":"https:\/\/roveyayinevi.com.tr\/index.php\/wp-json\/wp\/v2\/product_brand?post=783632"},{"taxonomy":"product_cat","embeddable":true,"href":"https:\/\/roveyayinevi.com.tr\/index.php\/wp-json\/wp\/v2\/product_cat?post=783632"},{"taxonomy":"product_tag","embeddable":true,"href":"https:\/\/roveyayinevi.com.tr\/index.php\/wp-json\/wp\/v2\/product_tag?post=783632"}],"curies":[{"name":"wp","href":"https:\/\/api.w.org\/{rel}","templated":true}]}}