{"id":783630,"date":"2026-02-26T23:34:00","date_gmt":"2026-02-26T20:34:00","guid":{"rendered":"https:\/\/roveyayinevi.com.tr\/index.php\/urun\/filistin-hakkinda-yanilgilar\/"},"modified":"2026-04-15T03:46:39","modified_gmt":"2026-04-15T00:46:39","slug":"filistin-hakkinda-yanilgilar","status":"publish","type":"product","link":"https:\/\/roveyayinevi.com.tr\/index.php\/urun\/filistin-hakkinda-yanilgilar\/","title":{"rendered":"Filistin Hakk\u0131nda Yan\u0131lg\u0131lar"},"content":{"rendered":"<p>Filistin meselesi hakk\u0131ndaki yanl\u0131\u015f bilgiler, yanl\u0131\u015f kanaatler ve tahliller bu dava konusunda \u00f6nemli sorumluluklar gerektirdi\u011fini d\u00fc\u015f\u00fcnd\u00fc\u011f\u00fcm\u00fcz birtak\u0131m hatal\u0131 duru\u015flara sebep olmu\u015ftur. Bu hatalar\u0131n ba\u015fta geleni ise Filistin davas\u0131n\u0131 sahiplenme konusundaki \u00e7ekingenliktir. Bir\u00e7oklar\u0131n\u0131n h\u00e2l\u00e2 bu meseleye bir \u0130slam davas\u0131, M\u00fcsl\u00fcmanlar\u0131n ortak meselesi olarak bakmak yerine bir Arap sorunu olarak yakla\u015ft\u0131\u011f\u0131 s\u00f6ylenebilir. Filistinliler toprak satt\u0131lar, ba\u015flar\u0131na bunlar geldi! h\u00fckm\u00fcne dayal\u0131 yanl\u0131\u015f de\u011ferlendirmelerin belirledi\u011fi bir ger\u00e7ektir. Osmanl\u0131ya ihanet iddialar\u0131 ise Filistinlileri yedi nesil boyunca mahk\u00fbm etmenin bir gerek\u00e7esi olarak kullan\u0131lmaya yeterli g\u00f6r\u00fclmektedir.<\/p>\n","protected":false},"excerpt":{"rendered":"<p>Filistin meselesi hakk\u0131ndaki yanl\u0131\u015f bilgiler, yanl\u0131\u015f kanaatler ve tahliller bu dava konusunda \u00f6nemli sorumluluklar gerektirdi\u011fini d\u00fc\u015f\u00fcnd\u00fc\u011f\u00fcm\u00fcz birtak\u0131m hatal\u0131 duru\u015flara sebep olmu\u015ftur. Bu hatalar\u0131n ba\u015fta geleni ise<span class=\"excerpt-hellip\"> [\u2026]<\/span><\/p>\n","protected":false},"featured_media":0,"template":"","meta":{"_monsterinsights_skip_tracking":false,"_monsterinsights_sitenote_active":false,"_monsterinsights_sitenote_note":"","_monsterinsights_sitenote_category":0},"product_brand":[],"product_cat":[16789,12718,12719],"product_tag":[],"class_list":{"0":"post-783630","1":"product","2":"type-product","3":"status-publish","5":"product_cat-diger-islam","6":"product_cat-din","7":"product_cat-islam","8":"pa_cilt-ciltsiz","9":"pa_tur-kitap","10":"pa_yayinevi-nida-yayinlari","11":"pa_yazar-ahmet-varol","13":"first","14":"instock","15":"sale","16":"shipping-taxable","17":"purchasable","18":"product-type-simple"},"_links":{"self":[{"href":"https:\/\/roveyayinevi.com.tr\/index.php\/wp-json\/wp\/v2\/product\/783630","targetHints":{"allow":["GET"]}}],"collection":[{"href":"https:\/\/roveyayinevi.com.tr\/index.php\/wp-json\/wp\/v2\/product"}],"about":[{"href":"https:\/\/roveyayinevi.com.tr\/index.php\/wp-json\/wp\/v2\/types\/product"}],"wp:attachment":[{"href":"https:\/\/roveyayinevi.com.tr\/index.php\/wp-json\/wp\/v2\/media?parent=783630"}],"wp:term":[{"taxonomy":"product_brand","embeddable":true,"href":"https:\/\/roveyayinevi.com.tr\/index.php\/wp-json\/wp\/v2\/product_brand?post=783630"},{"taxonomy":"product_cat","embeddable":true,"href":"https:\/\/roveyayinevi.com.tr\/index.php\/wp-json\/wp\/v2\/product_cat?post=783630"},{"taxonomy":"product_tag","embeddable":true,"href":"https:\/\/roveyayinevi.com.tr\/index.php\/wp-json\/wp\/v2\/product_tag?post=783630"}],"curies":[{"name":"wp","href":"https:\/\/api.w.org\/{rel}","templated":true}]}}