{"id":783629,"date":"2026-02-26T23:33:58","date_gmt":"2026-02-26T20:33:58","guid":{"rendered":"https:\/\/roveyayinevi.com.tr\/index.php\/urun\/tevhidin-hakikati\/"},"modified":"2026-04-15T03:46:39","modified_gmt":"2026-04-15T00:46:39","slug":"tevhidin-hakikati","status":"publish","type":"product","link":"https:\/\/roveyayinevi.com.tr\/index.php\/urun\/tevhidin-hakikati\/","title":{"rendered":"Tevhidin Hakikati"},"content":{"rendered":"<p>L\u00e2il\u00e2he \u0130llallahPeygamberlerin getirdi\u011fi ve \u0130sl\u00e2m\u0131n yerle\u015fmesi, peki\u015fmesi ve korunmas\u0131 i\u00e7in \u00f6zen g\u00f6sterdi\u011fi tevhidin ger\u00e7ekle\u015fmesi, k\u00f6klerinin sa\u011flamla\u015fmas\u0131 ve dallar\u0131n\u0131n uzamas\u0131 i\u00e7in \u015fu unsurlar\u0131n bulunmas\u0131 gerekir:Birinci madde: \u0130hl\u00e2sla yaln\u0131zca Allaha ibadet etmek\u0130kinci madde: B\u00fct\u00fcn ta\u011futlar\u0131 ink\u00e2r etmek ve onlara tapanlardan veya onlar\u0131 dost edinenlerden uzak durmak.\u00dc\u00e7\u00fcnc\u00fc madde: \u015eirkin her \u00e7e\u015fidinden ve mertebesinden sak\u0131nmak ve ona giden yollar\u0131 kapatmak.<\/p>\n","protected":false},"excerpt":{"rendered":"<p>L\u00e2il\u00e2he \u0130llallahPeygamberlerin getirdi\u011fi ve \u0130sl\u00e2m\u0131n yerle\u015fmesi, peki\u015fmesi ve korunmas\u0131 i\u00e7in \u00f6zen g\u00f6sterdi\u011fi tevhidin ger\u00e7ekle\u015fmesi, k\u00f6klerinin sa\u011flamla\u015fmas\u0131 ve dallar\u0131n\u0131n uzamas\u0131 i\u00e7in \u015fu unsurlar\u0131n bulunmas\u0131 gerekir:Birinci madde: \u0130hl\u00e2sla<span class=\"excerpt-hellip\"> [\u2026]<\/span><\/p>\n","protected":false},"featured_media":0,"template":"","meta":{"_monsterinsights_skip_tracking":false,"_monsterinsights_sitenote_active":false,"_monsterinsights_sitenote_note":"","_monsterinsights_sitenote_category":0},"product_brand":[],"product_cat":[12718,12719],"product_tag":[],"class_list":{"0":"post-783629","1":"product","2":"type-product","3":"status-publish","5":"product_cat-din","6":"product_cat-islam","7":"pa_cilt-ciltsiz","8":"pa_tur-kitap","9":"pa_yayinevi-nida-yayinlari","10":"pa_yazar-yusuf-el-karadavi","12":"first","13":"instock","14":"sale","15":"shipping-taxable","16":"purchasable","17":"product-type-simple"},"_links":{"self":[{"href":"https:\/\/roveyayinevi.com.tr\/index.php\/wp-json\/wp\/v2\/product\/783629","targetHints":{"allow":["GET"]}}],"collection":[{"href":"https:\/\/roveyayinevi.com.tr\/index.php\/wp-json\/wp\/v2\/product"}],"about":[{"href":"https:\/\/roveyayinevi.com.tr\/index.php\/wp-json\/wp\/v2\/types\/product"}],"wp:attachment":[{"href":"https:\/\/roveyayinevi.com.tr\/index.php\/wp-json\/wp\/v2\/media?parent=783629"}],"wp:term":[{"taxonomy":"product_brand","embeddable":true,"href":"https:\/\/roveyayinevi.com.tr\/index.php\/wp-json\/wp\/v2\/product_brand?post=783629"},{"taxonomy":"product_cat","embeddable":true,"href":"https:\/\/roveyayinevi.com.tr\/index.php\/wp-json\/wp\/v2\/product_cat?post=783629"},{"taxonomy":"product_tag","embeddable":true,"href":"https:\/\/roveyayinevi.com.tr\/index.php\/wp-json\/wp\/v2\/product_tag?post=783629"}],"curies":[{"name":"wp","href":"https:\/\/api.w.org\/{rel}","templated":true}]}}