{"id":783627,"date":"2026-02-26T23:33:53","date_gmt":"2026-02-26T20:33:53","guid":{"rendered":"https:\/\/roveyayinevi.com.tr\/index.php\/urun\/goldziher-ve-hadis\/"},"modified":"2026-04-15T03:46:39","modified_gmt":"2026-04-15T00:46:39","slug":"goldziher-ve-hadis","status":"publish","type":"product","link":"https:\/\/roveyayinevi.com.tr\/index.php\/urun\/goldziher-ve-hadis\/","title":{"rendered":"Goldziher ve Hadis"},"content":{"rendered":"<p>Oryantalizm tarihinde, Yahudi k\u00f6kenli bir Macar olan Goldziher&#8217;in ayr\u0131 bir yeri vard\u0131r. Zira o, gerek Bat\u0131?da, gerekse Do\u011fu?da g\u00f6r\u00fc\u015fleriyle \u00e7ok say\u0131da ara\u015ft\u0131rmac\u0131 \u00fczerinde tesirini g\u00f6stermi\u015ftir. \u00d6zellikle hadis alan\u0131nda yap\u0131lan \u00e7al\u0131\u015fmalarda onun ileri s\u00fcrd\u00fc\u011f\u00fc tezlerin etkisi g\u00fcn\u00fcm\u00fcze kadar devam etmi\u015f ve bu etki Bat\u0131 d\u00fcnyas\u0131nda olu\u015fan paradigman\u0131n \u015fekillenmesine b\u00fcy\u00fck oranda etkili olmu\u015ftur. Goldziher&#8217;i anlamadan, m\u00fcste\u015friklerin hadis ilmine y\u00f6nelik ortaya koyduklar\u0131 \u00e7al\u0131\u015fmalar\u0131 tam olarak analiz etmek pek m\u00fcmk\u00fcn g\u00f6r\u00fcnmemektedir.Goldziher, \u00f6nceleri Yahudilikte reform yapmak istemi\u015f ve bu do\u011frultuda \u00e7al\u0131\u015fmalar ortaya koyarak, daha \u00e7ocuk denebilecek kadar k\u00fc\u00e7\u00fck ya\u015flardan itibaren eserler yazmaya ba\u015flam\u0131\u015ft\u0131r. Ancak burada g\u00f6r\u00fc\u015flerini uygulayabilece\u011fi \u00f6zg\u00fcr bir ortam bulamad\u0131\u011f\u0131 i\u00e7in \u0130sl\u00e2m?a y\u00f6nelmi\u015ftir. Zira ona g\u00f6re \u0130sl\u00e2miyet, Yahudili\u011fin geli\u015fmi\u015f bir \u00fcst versiyonudur ve bu din i\u00e7indeki dinamizmi hala korumaktad\u0131r. Bu do\u011frultuda onun, \u0130sl\u00e2m dini ekseninde, Yahudili\u011fi reforme etmek istedi\u011fi \u015feklinde g\u00fc\u00e7l\u00fc bir izlenim vard\u0131r.<\/p>\n","protected":false},"excerpt":{"rendered":"<p>Oryantalizm tarihinde, Yahudi k\u00f6kenli bir Macar olan Goldziher&#8217;in ayr\u0131 bir yeri vard\u0131r. Zira o, gerek Bat\u0131?da, gerekse Do\u011fu?da g\u00f6r\u00fc\u015fleriyle \u00e7ok say\u0131da ara\u015ft\u0131rmac\u0131 \u00fczerinde tesirini g\u00f6stermi\u015ftir. \u00d6zellikle<span class=\"excerpt-hellip\"> [\u2026]<\/span><\/p>\n","protected":false},"featured_media":0,"template":"","meta":{"_monsterinsights_skip_tracking":false,"_monsterinsights_sitenote_active":false,"_monsterinsights_sitenote_note":"","_monsterinsights_sitenote_category":0},"product_brand":[],"product_cat":[12718,12719,45552],"product_tag":[],"class_list":{"0":"post-783627","1":"product","2":"type-product","3":"status-publish","5":"product_cat-din","6":"product_cat-islam","7":"product_cat-meal-tefsir-hadis","8":"pa_cilt-ciltsiz","9":"pa_tur-kitap","10":"pa_yayinevi-arastirma-yayinlari","11":"pa_yazar-huseyin-akgun","13":"first","14":"instock","15":"sale","16":"shipping-taxable","17":"purchasable","18":"product-type-simple"},"_links":{"self":[{"href":"https:\/\/roveyayinevi.com.tr\/index.php\/wp-json\/wp\/v2\/product\/783627","targetHints":{"allow":["GET"]}}],"collection":[{"href":"https:\/\/roveyayinevi.com.tr\/index.php\/wp-json\/wp\/v2\/product"}],"about":[{"href":"https:\/\/roveyayinevi.com.tr\/index.php\/wp-json\/wp\/v2\/types\/product"}],"wp:attachment":[{"href":"https:\/\/roveyayinevi.com.tr\/index.php\/wp-json\/wp\/v2\/media?parent=783627"}],"wp:term":[{"taxonomy":"product_brand","embeddable":true,"href":"https:\/\/roveyayinevi.com.tr\/index.php\/wp-json\/wp\/v2\/product_brand?post=783627"},{"taxonomy":"product_cat","embeddable":true,"href":"https:\/\/roveyayinevi.com.tr\/index.php\/wp-json\/wp\/v2\/product_cat?post=783627"},{"taxonomy":"product_tag","embeddable":true,"href":"https:\/\/roveyayinevi.com.tr\/index.php\/wp-json\/wp\/v2\/product_tag?post=783627"}],"curies":[{"name":"wp","href":"https:\/\/api.w.org\/{rel}","templated":true}]}}