{"id":783623,"date":"2026-02-26T23:33:44","date_gmt":"2026-02-26T20:33:44","guid":{"rendered":"https:\/\/roveyayinevi.com.tr\/index.php\/urun\/renklerle-insanlari-tanima-kilavuzu\/"},"modified":"2026-04-15T03:46:39","modified_gmt":"2026-04-15T00:46:39","slug":"renklerle-insanlari-tanima-kilavuzu","status":"publish","type":"product","link":"https:\/\/roveyayinevi.com.tr\/index.php\/urun\/renklerle-insanlari-tanima-kilavuzu\/","title":{"rendered":"Renklerle \u0130nsanlar\u0131 Tan\u0131ma K\u0131lavuzu"},"content":{"rendered":"<p>T\u00fcrkiye&#8217;nin en \u00e7ok okunan ki\u015fisel geli\u015fim yazarlar\u0131ndan O\u011fuz Sayg\u0131n bu eserinin ilk bask\u0131s\u0131nda: farkl\u0131 ki\u015filikleri sar\u0131, k\u0131rm\u0131z\u0131, mavi, ye\u015fil olarak grupland\u0131r\u0131yor; ki\u015filiklerin temel \u00f6zelliklerini, \u00fcst\u00fcn y\u00f6nlerini, zay\u0131f taraflar\u0131n\u0131 tek, tek ele al\u0131yor; birbirleri ile olan ili\u015fkilerinde dikkat edilecek temel noktalara de\u011finiyor ve etkili bir ileti\u015fim i\u00e7in her bir ki\u015fili\u011fe hayati \u00f6nerilerde bulunuyor.Kitap yay\u0131mland\u0131ktan sonra &#8220;Renklerle \u0130nsanlar\u0131 Tan\u0131ma Sanat\u0131&#8221; O\u011fuz Sayg\u0131n&#8217;\u0131n en \u00e7ok verdi\u011fi e\u011fitimlerden biri oldu.Bu seminerlere kat\u0131lan ve kitab\u0131 okuyan ki\u015filer kendilerinin ve kar\u015f\u0131s\u0131ndaki ki\u015filerin tahlillerini daha do\u011fru yaparak insanlarla daha iyi bir ileti\u015fim kurman\u0131n yollar\u0131n\u0131 \u00f6\u011frendiler. Ald\u0131\u011f\u0131m\u0131z telefon ve maillerden, kitab\u0131n aile hayat\u0131na, i\u015f hayat\u0131na ve sosyal hayata \u00f6nemli bir etkisi oldu\u011funu tespit edince yeni hik\u00e2yelerle zenginle\u015ftirilmi\u015f &#8220;Renklerle \u0130nsanlar\u0131 Tan\u0131ma K\u0131lavuzu &#8221; nu basmaya karar verdik.\u00c7ok ki\u015fi kendisinden farkl\u0131 insanlarla birlikte olman\u0131n ve onlarla \u00e7al\u0131\u015fman\u0131n aleyhlerine oldu\u011funu d\u00fc\u015f\u00fcn\u00fcr.\u0130nsanlar\u0131 Tan\u0131ma Sanat\u0131&#8217;n\u0131n inceliklerini \u00f6\u011frenerek, durumu lehinize \u00e7evirmenin y\u00f6ntemlerini fark edecek; aile, i\u015f ve sosyal hayat\u0131n\u0131za yeni renkler katman\u0131n mutlulu\u011funu tadacaks\u0131n\u0131z.<\/p>\n","protected":false},"excerpt":{"rendered":"<p>T\u00fcrkiye&#8217;nin en \u00e7ok okunan ki\u015fisel geli\u015fim yazarlar\u0131ndan O\u011fuz Sayg\u0131n bu eserinin ilk bask\u0131s\u0131nda: farkl\u0131 ki\u015filikleri sar\u0131, k\u0131rm\u0131z\u0131, mavi, ye\u015fil olarak grupland\u0131r\u0131yor; ki\u015filiklerin temel \u00f6zelliklerini, \u00fcst\u00fcn y\u00f6nlerini,<span class=\"excerpt-hellip\"> [\u2026]<\/span><\/p>\n","protected":false},"featured_media":0,"template":"","meta":{"_monsterinsights_skip_tracking":false,"_monsterinsights_sitenote_active":false,"_monsterinsights_sitenote_note":"","_monsterinsights_sitenote_category":0},"product_brand":[],"product_cat":[12364,12376],"product_tag":[],"class_list":{"0":"post-783623","1":"product","2":"type-product","3":"status-publish","5":"product_cat-genel-konular","6":"product_cat-kisisel-gelisim","7":"pa_cilt-ciltsiz","8":"pa_tur-kitap","9":"pa_yayinevi-karma-kitaplar","10":"pa_yazar-oguz-saygin","12":"first","13":"instock","14":"sale","15":"shipping-taxable","16":"purchasable","17":"product-type-simple"},"_links":{"self":[{"href":"https:\/\/roveyayinevi.com.tr\/index.php\/wp-json\/wp\/v2\/product\/783623","targetHints":{"allow":["GET"]}}],"collection":[{"href":"https:\/\/roveyayinevi.com.tr\/index.php\/wp-json\/wp\/v2\/product"}],"about":[{"href":"https:\/\/roveyayinevi.com.tr\/index.php\/wp-json\/wp\/v2\/types\/product"}],"wp:attachment":[{"href":"https:\/\/roveyayinevi.com.tr\/index.php\/wp-json\/wp\/v2\/media?parent=783623"}],"wp:term":[{"taxonomy":"product_brand","embeddable":true,"href":"https:\/\/roveyayinevi.com.tr\/index.php\/wp-json\/wp\/v2\/product_brand?post=783623"},{"taxonomy":"product_cat","embeddable":true,"href":"https:\/\/roveyayinevi.com.tr\/index.php\/wp-json\/wp\/v2\/product_cat?post=783623"},{"taxonomy":"product_tag","embeddable":true,"href":"https:\/\/roveyayinevi.com.tr\/index.php\/wp-json\/wp\/v2\/product_tag?post=783623"}],"curies":[{"name":"wp","href":"https:\/\/api.w.org\/{rel}","templated":true}]}}