{"id":783622,"date":"2026-02-26T23:33:41","date_gmt":"2026-02-26T20:33:41","guid":{"rendered":"https:\/\/roveyayinevi.com.tr\/index.php\/urun\/sadece-sevmek-yetmez\/"},"modified":"2026-04-15T03:46:39","modified_gmt":"2026-04-15T00:46:39","slug":"sadece-sevmek-yetmez","status":"publish","type":"product","link":"https:\/\/roveyayinevi.com.tr\/index.php\/urun\/sadece-sevmek-yetmez\/","title":{"rendered":"Sadece Sevmek Yetmez"},"content":{"rendered":"<p>Cinsellik; kad\u0131nda, g\u00fcvenmedi\u011fi s\u00fcrece bast\u0131raca\u011f\u0131 bir davran\u0131\u015fken, erkekte \u00f6zg\u00fcveni tamamlama arac\u0131d\u0131r. \u0130li\u015fkilerimizde ayn\u0131 yata\u011f\u0131, ayn\u0131 evi payla\u015fsak da, bedenlerimiz birbirine de\u011fsede ruhlar\u0131m\u0131z ili\u015fmiyor.Hayat\u0131m\u0131z\u0131n, duygular\u0131m\u0131z odak noktas\u0131 kar\u015f\u0131 cinsle olan ili\u015fkilerimizdir.Sorumluluk; ili\u015fkiyi kaybetmeyi, ac\u0131 \u00e7ekmeyi g\u00f6ze almak demektir. Emek harcamak, ili\u015fkinin daha iyi olmas\u0131 i\u00e7in t\u00fckenene kadar m\u00fccadele etmekdir.Her ili\u015fkinin t\u00fckenece\u011fi zaman vard\u0131r. Hepimiz bunu biliriz. \u0130\u00e7imizde her bir ku\u015fku, her bir &#8220;ama&#8221; s\u00f6zc\u00fc\u011f\u00fc vard\u0131r. A\u015fk de\u011fer vermez. De\u011feri \u00e7arp\u0131t\u0131r.Ne yapaca\u011f\u0131m\u0131z\u0131 bilmez bir ruh hali i\u00e7inde savruluruz. Bu durum ya ili\u015fkiyi bitirir ya da aldatmalar\u0131 ortaya \u00e7\u0131kart\u0131r.Ge\u00e7mi\u015fteki sevgiliyi unutamay\u0131z; her mutsuzlukta, her kalp s\u0131z\u0131s\u0131nda ge\u00e7mi\u015fe d\u00f6n\u00fcp onu arar\u0131z.Vererek eksildik\u00e7e kendimize olan g\u00fcvenimizi kaybetmeye ba\u015flar\u0131z. Verdik\u00e7e onu hayat\u0131m\u0131zda tutmu\u015fuzdur ve biz eksilmi\u015fizdir.<\/p>\n","protected":false},"excerpt":{"rendered":"<p>Cinsellik; kad\u0131nda, g\u00fcvenmedi\u011fi s\u00fcrece bast\u0131raca\u011f\u0131 bir davran\u0131\u015fken, erkekte \u00f6zg\u00fcveni tamamlama arac\u0131d\u0131r. \u0130li\u015fkilerimizde ayn\u0131 yata\u011f\u0131, ayn\u0131 evi payla\u015fsak da, bedenlerimiz birbirine de\u011fsede ruhlar\u0131m\u0131z ili\u015fmiyor.Hayat\u0131m\u0131z\u0131n, duygular\u0131m\u0131z odak noktas\u0131<span class=\"excerpt-hellip\"> [\u2026]<\/span><\/p>\n","protected":false},"featured_media":0,"template":"","meta":{"_monsterinsights_skip_tracking":false,"_monsterinsights_sitenote_active":false,"_monsterinsights_sitenote_note":"","_monsterinsights_sitenote_category":0},"product_brand":[],"product_cat":[12358,12357],"product_tag":[],"class_list":{"0":"post-783622","1":"product","2":"type-product","3":"status-publish","5":"product_cat-genel-psikoloji","6":"product_cat-psikoloji","7":"pa_cilt-ciltsiz","8":"pa_tur-kitap","9":"pa_yayinevi-karma-kitaplar","10":"pa_yazar-mustafa-topkara","12":"first","13":"instock","14":"sale","15":"shipping-taxable","16":"purchasable","17":"product-type-simple"},"_links":{"self":[{"href":"https:\/\/roveyayinevi.com.tr\/index.php\/wp-json\/wp\/v2\/product\/783622","targetHints":{"allow":["GET"]}}],"collection":[{"href":"https:\/\/roveyayinevi.com.tr\/index.php\/wp-json\/wp\/v2\/product"}],"about":[{"href":"https:\/\/roveyayinevi.com.tr\/index.php\/wp-json\/wp\/v2\/types\/product"}],"wp:attachment":[{"href":"https:\/\/roveyayinevi.com.tr\/index.php\/wp-json\/wp\/v2\/media?parent=783622"}],"wp:term":[{"taxonomy":"product_brand","embeddable":true,"href":"https:\/\/roveyayinevi.com.tr\/index.php\/wp-json\/wp\/v2\/product_brand?post=783622"},{"taxonomy":"product_cat","embeddable":true,"href":"https:\/\/roveyayinevi.com.tr\/index.php\/wp-json\/wp\/v2\/product_cat?post=783622"},{"taxonomy":"product_tag","embeddable":true,"href":"https:\/\/roveyayinevi.com.tr\/index.php\/wp-json\/wp\/v2\/product_tag?post=783622"}],"curies":[{"name":"wp","href":"https:\/\/api.w.org\/{rel}","templated":true}]}}