{"id":783620,"date":"2026-02-26T23:33:37","date_gmt":"2026-02-26T20:33:37","guid":{"rendered":"https:\/\/roveyayinevi.com.tr\/index.php\/urun\/nicin-namaz\/"},"modified":"2026-04-15T03:46:39","modified_gmt":"2026-04-15T00:46:39","slug":"nicin-namaz","status":"publish","type":"product","link":"https:\/\/roveyayinevi.com.tr\/index.php\/urun\/nicin-namaz\/","title":{"rendered":"Ni\u00e7in Namaz"},"content":{"rendered":"<p>&#8211; Bir\u00e7ok insan\u0131n namaza ba\u015flamas\u0131na vesile olan elinizdeki bu eser ayr\u0131ca okurlar\u0131na namaz\u0131n mahiyetinden, \u00f6neminden, de\u011fer ve k\u0131ymetinden de bahsetmektedir. &#8211; Eserin i\u00e7eri\u011fine bakt\u0131\u011f\u0131m\u0131zda Peygamberimizin namaz\u0131n\u0131n nas\u0131l oldu\u011fundan, b\u00fcy\u00fcklerimizin namaz esnas\u0131ndaki ruh halinden, namaz\u0131n s\u0131rlar\u0131ndan ve namaz ile ilgili akla tak\u0131lan meselelerin yer ald\u0131\u011f\u0131 b\u00f6l\u00fcmlerden olu\u015fmaktad\u0131r.<\/p>\n","protected":false},"excerpt":{"rendered":"<p>&#8211; Bir\u00e7ok insan\u0131n namaza ba\u015flamas\u0131na vesile olan elinizdeki bu eser ayr\u0131ca okurlar\u0131na namaz\u0131n mahiyetinden, \u00f6neminden, de\u011fer ve k\u0131ymetinden de bahsetmektedir. &#8211; Eserin i\u00e7eri\u011fine bakt\u0131\u011f\u0131m\u0131zda Peygamberimizin namaz\u0131n\u0131n<span class=\"excerpt-hellip\"> [\u2026]<\/span><\/p>\n","protected":false},"featured_media":0,"template":"","meta":{"_monsterinsights_skip_tracking":false,"_monsterinsights_sitenote_active":false,"_monsterinsights_sitenote_note":"","_monsterinsights_sitenote_category":0},"product_brand":[],"product_cat":[12718,12719],"product_tag":[],"class_list":{"0":"post-783620","1":"product","2":"type-product","3":"status-publish","5":"product_cat-din","6":"product_cat-islam","7":"pa_cilt-ciltsiz","8":"pa_tur-kitap","9":"pa_yayinevi-siyer-yayinlari","10":"pa_yazar-vehbi-karakas","12":"first","13":"instock","14":"sale","15":"shipping-taxable","16":"purchasable","17":"product-type-simple"},"_links":{"self":[{"href":"https:\/\/roveyayinevi.com.tr\/index.php\/wp-json\/wp\/v2\/product\/783620","targetHints":{"allow":["GET"]}}],"collection":[{"href":"https:\/\/roveyayinevi.com.tr\/index.php\/wp-json\/wp\/v2\/product"}],"about":[{"href":"https:\/\/roveyayinevi.com.tr\/index.php\/wp-json\/wp\/v2\/types\/product"}],"wp:attachment":[{"href":"https:\/\/roveyayinevi.com.tr\/index.php\/wp-json\/wp\/v2\/media?parent=783620"}],"wp:term":[{"taxonomy":"product_brand","embeddable":true,"href":"https:\/\/roveyayinevi.com.tr\/index.php\/wp-json\/wp\/v2\/product_brand?post=783620"},{"taxonomy":"product_cat","embeddable":true,"href":"https:\/\/roveyayinevi.com.tr\/index.php\/wp-json\/wp\/v2\/product_cat?post=783620"},{"taxonomy":"product_tag","embeddable":true,"href":"https:\/\/roveyayinevi.com.tr\/index.php\/wp-json\/wp\/v2\/product_tag?post=783620"}],"curies":[{"name":"wp","href":"https:\/\/api.w.org\/{rel}","templated":true}]}}