{"id":783618,"date":"2026-02-26T23:33:30","date_gmt":"2026-02-26T20:33:30","guid":{"rendered":"https:\/\/roveyayinevi.com.tr\/index.php\/urun\/kalplerin-kesfimukasefetul-kulub\/"},"modified":"2026-04-15T03:46:38","modified_gmt":"2026-04-15T00:46:38","slug":"kalplerin-kesfimukasefetul-kulub","status":"publish","type":"product","link":"https:\/\/roveyayinevi.com.tr\/index.php\/urun\/kalplerin-kesfimukasefetul-kulub\/","title":{"rendered":"Kalplerin Ke\u015ffi;M\u00fcka\u015fefet\u00fc&#8217;l Kul\u00fcb"},"content":{"rendered":"<p>\u0130mam Gazali as\u0131rlar \u00f6ncesinden kaleme ald\u0131\u011f\u0131 bu kitab\u0131nda kalbimizin derinliklerine inerek g\u00f6n\u00fcllerimize musallat olan ve maddi-manevi de\u011ferlerimizi tehdit edebilecek her t\u00fcrl\u00fc tehlikeleri te\u015fhis ediyor. Bunun yan\u0131nda kurtulu\u015fa ermenin yeg\u00e2ne yolu olan istikametin kriterlerini de adeta re\u00e7ete halinde sunarak iman \u00fczere sebat etmemizin y\u00f6ntemlerini bizlere g\u00f6steriyor. Sevgiden t\u00f6vbeye kibirden harama \u015eeytan\u0131n tuzaklar\u0131ndan faziletli amellere kadar 111 konuya dair b\u00fcy\u00fck imam\u0131n derunundan d\u00f6k\u00fclen nasihatlerini sizlerin istifadenize sunuyoruz.<\/p>\n","protected":false},"excerpt":{"rendered":"<p>\u0130mam Gazali as\u0131rlar \u00f6ncesinden kaleme ald\u0131\u011f\u0131 bu kitab\u0131nda kalbimizin derinliklerine inerek g\u00f6n\u00fcllerimize musallat olan ve maddi-manevi de\u011ferlerimizi tehdit edebilecek her t\u00fcrl\u00fc tehlikeleri te\u015fhis ediyor. Bunun yan\u0131nda<span class=\"excerpt-hellip\"> [\u2026]<\/span><\/p>\n","protected":false},"featured_media":0,"template":"","meta":{"_monsterinsights_skip_tracking":false,"_monsterinsights_sitenote_active":false,"_monsterinsights_sitenote_note":"","_monsterinsights_sitenote_category":0},"product_brand":[],"product_cat":[16789,12718,12719],"product_tag":[],"class_list":{"0":"post-783618","1":"product","2":"type-product","3":"status-publish","5":"product_cat-diger-islam","6":"product_cat-din","7":"product_cat-islam","8":"pa_cilt-ciltsiz","9":"pa_tur-kitap","10":"pa_yayinevi-dua-yayincilik","11":"pa_yazar-imam-i-gazali","13":"first","14":"instock","15":"sale","16":"shipping-taxable","17":"purchasable","18":"product-type-simple"},"_links":{"self":[{"href":"https:\/\/roveyayinevi.com.tr\/index.php\/wp-json\/wp\/v2\/product\/783618","targetHints":{"allow":["GET"]}}],"collection":[{"href":"https:\/\/roveyayinevi.com.tr\/index.php\/wp-json\/wp\/v2\/product"}],"about":[{"href":"https:\/\/roveyayinevi.com.tr\/index.php\/wp-json\/wp\/v2\/types\/product"}],"wp:attachment":[{"href":"https:\/\/roveyayinevi.com.tr\/index.php\/wp-json\/wp\/v2\/media?parent=783618"}],"wp:term":[{"taxonomy":"product_brand","embeddable":true,"href":"https:\/\/roveyayinevi.com.tr\/index.php\/wp-json\/wp\/v2\/product_brand?post=783618"},{"taxonomy":"product_cat","embeddable":true,"href":"https:\/\/roveyayinevi.com.tr\/index.php\/wp-json\/wp\/v2\/product_cat?post=783618"},{"taxonomy":"product_tag","embeddable":true,"href":"https:\/\/roveyayinevi.com.tr\/index.php\/wp-json\/wp\/v2\/product_tag?post=783618"}],"curies":[{"name":"wp","href":"https:\/\/api.w.org\/{rel}","templated":true}]}}