{"id":783617,"date":"2026-02-26T23:33:27","date_gmt":"2026-02-26T20:33:27","guid":{"rendered":"https:\/\/roveyayinevi.com.tr\/index.php\/urun\/buyuk-islam-ilmihali\/"},"modified":"2026-04-15T03:46:38","modified_gmt":"2026-04-15T00:46:38","slug":"buyuk-islam-ilmihali","status":"publish","type":"product","link":"https:\/\/roveyayinevi.com.tr\/index.php\/urun\/buyuk-islam-ilmihali\/","title":{"rendered":"B\u00fcy\u00fck \u0130slam \u0130lmihali"},"content":{"rendered":"<p>Her M\u00fcsl\u00fcman\u0131n kendi durumuna g\u00f6re gerekli olan bilgileri elde etmesi yani &#8220;\u0130lmihal&#8221; farzd\u0131r. Bunun da ba\u015f\u0131nda ki\u015finin kendine yetecek kadar dini bilgiye sahip olmas\u0131 gelir.Bilindi\u011fi \u00fczere \u0130slam dininin kapsad\u0131\u011f\u0131 h\u00fck\u00fcmler ba\u015fl\u0131ca \u015fu d\u00f6rt k\u0131sma ayr\u0131l\u0131r:1 \u0130tikada ait h\u00fck\u00fcmler2 \u0130badetlere ve muamelelere ait h\u00fck\u00fcmler,3 Helale, harama mubah ve mekruhlara ait h\u00fck\u00fcmler4 Ahlaka ait h\u00fck\u00fcmlerBir M\u00fcsl\u00fcman\u0131n sa\u011flam bir imana, g\u00fczel amellere ve ahlaka sahip olmas\u0131; hayat\u0131nda haram ve helallere dikkat etmesi bunlar\u0131 bilmekle m\u00fcmk\u00fcnd\u00fcr.Bu d\u00f6rt k\u0131s\u0131m h\u00fck\u00fcm \u00fczerinde \u00e7ok geni\u015f ve m\u00fckemmel kitaplar yaz\u0131ld\u0131\u011f\u0131 gibi \u00e7ok k\u0131sa (Muhtasar) ve basit kitaplar da yaz\u0131lm\u0131\u015ft\u0131r. Ger\u00e7ek \u015fu ki, bu d\u00f6rt k\u0131s\u0131mdan her biri \u00e7ok kere ayr\u0131 ayr\u0131 ba\u015fka bir kitap halinde yaz\u0131lm\u0131\u015f; fakat bu d\u00f6rt k\u0131sm\u0131 bir araya toplayan kitaplar az\u0131nl\u0131kta kalm\u0131\u015ft\u0131r.Biz asl\u0131nda ayr\u0131nt\u0131l\u0131 eserlerden uzak kalamay\u0131z. Ancak b\u00f6yle geni\u015f kapsaml\u0131 eserleri okuyup onlardan kendisi i\u00e7in en gerekli meseleleri se\u00e7ip ay\u0131rmaya herkesin g\u00fcc\u00fc yetmez. Ne mesle\u011fi ne de zamanlar\u0131 buna elveri\u015fli olmaz. \u00c7ok k\u0131sa eserler de ihtiyac\u0131 kar\u015f\u0131lamaya yeterli olmaz, maksad\u0131 temin edemez. Elinizdeki eser her M\u00fcsl\u00fcman\u0131n asgari ihtiyac\u0131n\u0131 kar\u015f\u0131layacak \u015fekilde yaz\u0131lm\u0131\u015f eserlerdendir.<\/p>\n","protected":false},"excerpt":{"rendered":"<p>Her M\u00fcsl\u00fcman\u0131n kendi durumuna g\u00f6re gerekli olan bilgileri elde etmesi yani &#8220;\u0130lmihal&#8221; farzd\u0131r. Bunun da ba\u015f\u0131nda ki\u015finin kendine yetecek kadar dini bilgiye sahip olmas\u0131 gelir.Bilindi\u011fi \u00fczere<span class=\"excerpt-hellip\"> [\u2026]<\/span><\/p>\n","protected":false},"featured_media":0,"template":"","meta":{"_monsterinsights_skip_tracking":false,"_monsterinsights_sitenote_active":false,"_monsterinsights_sitenote_note":"","_monsterinsights_sitenote_category":0},"product_brand":[],"product_cat":[16789,12718,12719],"product_tag":[],"class_list":{"0":"post-783617","1":"product","2":"type-product","3":"status-publish","5":"product_cat-diger-islam","6":"product_cat-din","7":"product_cat-islam","8":"pa_cilt-ciltsiz","9":"pa_tur-kitap","10":"pa_yayinevi-dua-yayincilik","11":"pa_yazar-omer-nasuhi-bilmen","13":"first","14":"instock","15":"sale","16":"shipping-taxable","17":"purchasable","18":"product-type-simple"},"_links":{"self":[{"href":"https:\/\/roveyayinevi.com.tr\/index.php\/wp-json\/wp\/v2\/product\/783617","targetHints":{"allow":["GET"]}}],"collection":[{"href":"https:\/\/roveyayinevi.com.tr\/index.php\/wp-json\/wp\/v2\/product"}],"about":[{"href":"https:\/\/roveyayinevi.com.tr\/index.php\/wp-json\/wp\/v2\/types\/product"}],"wp:attachment":[{"href":"https:\/\/roveyayinevi.com.tr\/index.php\/wp-json\/wp\/v2\/media?parent=783617"}],"wp:term":[{"taxonomy":"product_brand","embeddable":true,"href":"https:\/\/roveyayinevi.com.tr\/index.php\/wp-json\/wp\/v2\/product_brand?post=783617"},{"taxonomy":"product_cat","embeddable":true,"href":"https:\/\/roveyayinevi.com.tr\/index.php\/wp-json\/wp\/v2\/product_cat?post=783617"},{"taxonomy":"product_tag","embeddable":true,"href":"https:\/\/roveyayinevi.com.tr\/index.php\/wp-json\/wp\/v2\/product_tag?post=783617"}],"curies":[{"name":"wp","href":"https:\/\/api.w.org\/{rel}","templated":true}]}}