{"id":783616,"date":"2026-02-26T23:33:24","date_gmt":"2026-02-26T20:33:24","guid":{"rendered":"https:\/\/roveyayinevi.com.tr\/index.php\/urun\/tasavvuf-kulliyati\/"},"modified":"2026-04-15T03:46:38","modified_gmt":"2026-04-15T00:46:38","slug":"tasavvuf-kulliyati","status":"publish","type":"product","link":"https:\/\/roveyayinevi.com.tr\/index.php\/urun\/tasavvuf-kulliyati\/","title":{"rendered":"Tasavvuf K\u00fclliyat\u0131"},"content":{"rendered":"<p>TASAVVUF K\u00dcLL\u0130YATIKim namaz k\u0131lar da o namaz kendisini hayas\u0131zl\u0131ktan vek\u00f6t\u00fcl\u00fckten al\u0131koymazsa, o namaz olsa olsa onun Allah&#8217;tan dahafazla uzakla\u015fmas\u0131n\u0131 sa\u011flar.E\u011fer Allah, insanlar\u0131 zul\u00fcmleri y\u00fcz\u00fcnden hemen cezaland\u0131rsayd\u0131,yery\u00fcz\u00fcnde hi\u00e7bir canl\u0131 b\u0131rakmazd\u0131 fakatonlar\u0131 belirli bir s\u00fcreye kadar erteler. Ecelleri geldi\u011fi zaman isene bir an geri kalabilirler, ne de \u00f6ne ge\u00e7ebilirler.Onlara kar\u015f\u0131 Allah sana yeter. O i\u015fitendir, bilendir.Ey bo\u015f yere kendini gamlara kapt\u0131ran, elde edemedi\u011fi d\u00fcnyamal\u0131 i\u00e7in \u00fcz\u00fcl\u00fcp duran gafil.. Kuran&#8217;\u0131 a\u00e7 da; &#8220;Sizden \u00f6nce geleninsanlar nice akarsular nice bah\u00e7eler terk edip gittiler.&#8221; Ayetinioku.Siz \u015f\u00fckredip iman ettikten sonra Allah ne diye sizi cezaland\u0131rs\u0131nki? Ger\u00e7ekten Allah \u015f\u00fckredenlerin m\u00fck\u00e2fatlar\u0131n\u0131 bol bol verir veher \u015feyi hakk\u0131yla bilir.Oru\u00e7 g\u00fcnahlara kar\u015f\u0131 bir kalkand\u0131r. Sizden biriniz oru\u00e7 tuttu\u011fuzaman k\u00f6t\u00fc s\u00f6z s\u00f6ylemesin ve kavga etmesin. \u015eayet biri kendisines\u00f6ver ya da sata\u015f\u0131rsa: \u2018Ben oru\u00e7luyum&#8217; desin.<\/p>\n","protected":false},"excerpt":{"rendered":"<p>TASAVVUF K\u00dcLL\u0130YATIKim namaz k\u0131lar da o namaz kendisini hayas\u0131zl\u0131ktan vek\u00f6t\u00fcl\u00fckten al\u0131koymazsa, o namaz olsa olsa onun Allah&#8217;tan dahafazla uzakla\u015fmas\u0131n\u0131 sa\u011flar.E\u011fer Allah, insanlar\u0131 zul\u00fcmleri y\u00fcz\u00fcnden hemen cezaland\u0131rsayd\u0131,yery\u00fcz\u00fcnde<span class=\"excerpt-hellip\"> [\u2026]<\/span><\/p>\n","protected":false},"featured_media":0,"template":"","meta":{"_monsterinsights_skip_tracking":false,"_monsterinsights_sitenote_active":false,"_monsterinsights_sitenote_note":"","_monsterinsights_sitenote_category":0},"product_brand":[],"product_cat":[16789,12718,12719],"product_tag":[],"class_list":{"0":"post-783616","1":"product","2":"type-product","3":"status-publish","5":"product_cat-diger-islam","6":"product_cat-din","7":"product_cat-islam","8":"pa_cilt-ciltsiz","9":"pa_tur-kitap","10":"pa_yayinevi-gelenek-yayincilik","11":"pa_yazar-abdulkadir-geylani","12":"pa_yazar-feriduddin-attar","13":"pa_yazar-imam-i-gazali","15":"first","16":"instock","17":"sale","18":"shipping-taxable","19":"purchasable","20":"product-type-simple"},"_links":{"self":[{"href":"https:\/\/roveyayinevi.com.tr\/index.php\/wp-json\/wp\/v2\/product\/783616","targetHints":{"allow":["GET"]}}],"collection":[{"href":"https:\/\/roveyayinevi.com.tr\/index.php\/wp-json\/wp\/v2\/product"}],"about":[{"href":"https:\/\/roveyayinevi.com.tr\/index.php\/wp-json\/wp\/v2\/types\/product"}],"wp:attachment":[{"href":"https:\/\/roveyayinevi.com.tr\/index.php\/wp-json\/wp\/v2\/media?parent=783616"}],"wp:term":[{"taxonomy":"product_brand","embeddable":true,"href":"https:\/\/roveyayinevi.com.tr\/index.php\/wp-json\/wp\/v2\/product_brand?post=783616"},{"taxonomy":"product_cat","embeddable":true,"href":"https:\/\/roveyayinevi.com.tr\/index.php\/wp-json\/wp\/v2\/product_cat?post=783616"},{"taxonomy":"product_tag","embeddable":true,"href":"https:\/\/roveyayinevi.com.tr\/index.php\/wp-json\/wp\/v2\/product_tag?post=783616"}],"curies":[{"name":"wp","href":"https:\/\/api.w.org\/{rel}","templated":true}]}}