{"id":783615,"date":"2026-02-26T23:33:22","date_gmt":"2026-02-26T20:33:22","guid":{"rendered":"https:\/\/roveyayinevi.com.tr\/index.php\/urun\/dil-ve-edebiyat-ogretimi-1\/"},"modified":"2026-04-15T03:46:38","modified_gmt":"2026-04-15T00:46:38","slug":"dil-ve-edebiyat-ogretimi-1","status":"publish","type":"product","link":"https:\/\/roveyayinevi.com.tr\/index.php\/urun\/dil-ve-edebiyat-ogretimi-1\/","title":{"rendered":"Dil ve Edebiyat \u00d6\u011fretimi &#8211; 1"},"content":{"rendered":"<p>\u00d6\u011frenme, insano\u011flunun varolu\u015fundan beri hayat\u0131n her a\u015famas\u0131nda ya\u015fad\u0131\u011f\u0131 bir s\u00fcre\u00e7tir. \u0130nsanl\u0131k hep \u00f6\u011frenme ihtiya\u00e7 ve merak\u0131 i\u00e7inde olmu\u015ftur. \u0130nsanl\u0131\u011f\u0131n bilim ve teknolojide bug\u00fcn geldi\u011fi yer, bu ihtiya\u00e7 ve merak\u0131n bir sonucudur. \u0130nsan var oldu\u011fu s\u00fcrece bu durum ilerleyerek devam edecektir. Ancak g\u00fcn\u00fcm\u00fcz\u00fcn k\u00fcresel d\u00fcnyas\u0131nda, gerek bilgi kaynaklar\u0131n\u0131n \u00e7e\u015fitlili\u011fi, gerekse bu kaynaklara ula\u015fmada zaman ve mek\u00e2na ait s\u0131n\u0131rl\u0131l\u0131klar\u0131n ortadan kalkmas\u0131, \u00f6\u011frenmenin bi\u00e7im de\u011fi\u015ftirmesine ve geleneksel \u00f6\u011fretme-\u00f6\u011frenme y\u00f6ntem ve tekniklerinin yetersiz kalmas\u0131na yol a\u00e7m\u0131\u015ft\u0131r. Elinizdeki \u00d6\u011fretim \u0130lke ve Y\u00f6ntemleri kitab\u0131 ile \u00f6\u011fretime ve \u00f6\u011frenmeye ili\u015fkin kuramsal bir bilgi altyap\u0131s\u0131 ortaya konularak, \u00f6\u011fretmenler ve \u00f6\u011fretmen adaylar\u0131 i\u00e7in etkili \u00f6\u011fretme ve \u00f6\u011frenmeyi sa\u011flayabilecek, ge\u00e7mi\u015ften g\u00fcn\u00fcm\u00fcze geli\u015ftirilmi\u015f teori, model, yakla\u015f\u0131m, strateji, y\u00f6ntem ve tekniklerine ayr\u0131nt\u0131l\u0131, a\u00e7\u0131k ve anla\u015f\u0131l\u0131r bi\u00e7imde yer verilmi\u015ftir. Geli\u015ftirilmi\u015f her bir strateji, bu stratejilere ait y\u00f6ntem ve tekniklerin nerede ve nas\u0131l kullan\u0131labilece\u011fi, olumlu yanlar\u0131 ve s\u0131n\u0131rl\u0131l\u0131klar\u0131 alan\u0131nda uzman akademisyenler taraf\u0131ndan uygulamadan gelen deneyimler \u0131\u015f\u0131\u011f\u0131nda anlat\u0131lm\u0131\u015ft\u0131r. Bu nedenle elinizdeki kitap, \u00f6\u011frenme ile ilgili herkese hitap edebilmesinin yan\u0131 s\u0131ra, \u00f6zellikle \u00f6\u011fretmenler ve \u00f6\u011fretmen adaylar\u0131 i\u00e7in \u00f6nemli bir ba\u015fvuru kayna\u011f\u0131 niteli\u011findedir. Kitab\u0131n \u00f6\u011fretmen adaylar\u0131n\u0131 \u00f6\u011fretim ilke, y\u00f6ntem ve teknik bilgi a\u00e7\u0131s\u0131ndan \u00f6\u011fretmenlik mesle\u011fine haz\u0131rlarken, halen \u00f6\u011fretmenlik mesle\u011fini y\u00fcr\u00fcten meslekta\u015flar\u0131m\u0131z i\u00e7in de bilgilerini yenileme ve kendilerini geli\u015ftirmelerine katk\u0131da bulunacak bir kaynak eser olaca\u011f\u0131 inanc\u0131nday\u0131z.<\/p>\n","protected":false},"excerpt":{"rendered":"<p>\u00d6\u011frenme, insano\u011flunun varolu\u015fundan beri hayat\u0131n her a\u015famas\u0131nda ya\u015fad\u0131\u011f\u0131 bir s\u00fcre\u00e7tir. \u0130nsanl\u0131k hep \u00f6\u011frenme ihtiya\u00e7 ve merak\u0131 i\u00e7inde olmu\u015ftur. \u0130nsanl\u0131\u011f\u0131n bilim ve teknolojide bug\u00fcn geldi\u011fi yer, bu<span class=\"excerpt-hellip\"> [\u2026]<\/span><\/p>\n","protected":false},"featured_media":0,"template":"","meta":{"_monsterinsights_skip_tracking":false,"_monsterinsights_sitenote_active":false,"_monsterinsights_sitenote_note":"","_monsterinsights_sitenote_category":0},"product_brand":[],"product_cat":[14597,12566],"product_tag":[],"class_list":{"0":"post-783615","1":"product","2":"type-product","3":"status-publish","5":"product_cat-dil-ogrenimi","6":"product_cat-egitim","7":"pa_cilt-ciltsiz","8":"pa_tur-kitap","9":"pa_yayinevi-asos-yayinlari","10":"pa_yazar-ahmet-akkaya","12":"first","13":"instock","14":"sale","15":"shipping-taxable","16":"purchasable","17":"product-type-simple"},"_links":{"self":[{"href":"https:\/\/roveyayinevi.com.tr\/index.php\/wp-json\/wp\/v2\/product\/783615","targetHints":{"allow":["GET"]}}],"collection":[{"href":"https:\/\/roveyayinevi.com.tr\/index.php\/wp-json\/wp\/v2\/product"}],"about":[{"href":"https:\/\/roveyayinevi.com.tr\/index.php\/wp-json\/wp\/v2\/types\/product"}],"wp:attachment":[{"href":"https:\/\/roveyayinevi.com.tr\/index.php\/wp-json\/wp\/v2\/media?parent=783615"}],"wp:term":[{"taxonomy":"product_brand","embeddable":true,"href":"https:\/\/roveyayinevi.com.tr\/index.php\/wp-json\/wp\/v2\/product_brand?post=783615"},{"taxonomy":"product_cat","embeddable":true,"href":"https:\/\/roveyayinevi.com.tr\/index.php\/wp-json\/wp\/v2\/product_cat?post=783615"},{"taxonomy":"product_tag","embeddable":true,"href":"https:\/\/roveyayinevi.com.tr\/index.php\/wp-json\/wp\/v2\/product_tag?post=783615"}],"curies":[{"name":"wp","href":"https:\/\/api.w.org\/{rel}","templated":true}]}}